{"id":4703,"date":"2026-04-08T07:19:21","date_gmt":"2026-04-08T12:19:21","guid":{"rendered":"https:\/\/oddsium.com\/pe\/?page_id=4703"},"modified":"2026-04-08T07:26:52","modified_gmt":"2026-04-08T12:26:52","slug":"terminos-de-uso","status":"publish","type":"page","link":"https:\/\/oddsium.com\/pe\/terminos-de-uso\/","title":{"rendered":"T\u00e9rminos de Uso"},"content":{"rendered":"\n<p>Estos T\u00e9rminos se aplican al sitio web oddsium.com, operado por Oddsium Ltd (\u00abOddsium\u00bb, \u00abnosotros\u00bb).<\/p>\n\n\n\n<p><strong>\u00daltima actualizaci\u00f3n:<\/strong> 8\/4-2026<\/p>\n\n\n\n<p>Bienvenido a Oddsium. Estos T\u00e9rminos de Uso (\u00abT\u00e9rminos\u00bb) regulan el acceso y uso del sitio web oddsium.com (\u00abSitio\u00bb). Al acceder o utilizar el Sitio, aceptas cumplir con estos T\u00e9rminos.<\/p>\n\n\n\n<div id=\"ez-toc-container\" class=\"ez-toc-v2_0_81 counter-hierarchy ez-toc-counter ez-toc-grey ez-toc-container-direction\">\n<div class=\"ez-toc-title-container\">\n<p class=\"ez-toc-title\" style=\"cursor:inherit\">Table of Contents<\/p>\n<span class=\"ez-toc-title-toggle\"><a href=\"#\" class=\"ez-toc-pull-right ez-toc-btn ez-toc-btn-xs ez-toc-btn-default ez-toc-toggle\" aria-label=\"Toggle Table of Content\"><span class=\"ez-toc-js-icon-con\"><span class=\"\"><span class=\"eztoc-hide\" style=\"display:none;\">Toggle<\/span><span class=\"ez-toc-icon-toggle-span\"><svg style=\"fill: #999;color:#999\" xmlns=\"http:\/\/www.w3.org\/2000\/svg\" class=\"list-377408\" width=\"20px\" height=\"20px\" viewBox=\"0 0 24 24\" fill=\"none\"><path d=\"M6 6H4v2h2V6zm14 0H8v2h12V6zM4 11h2v2H4v-2zm16 0H8v2h12v-2zM4 16h2v2H4v-2zm16 0H8v2h12v-2z\" fill=\"currentColor\"><\/path><\/svg><svg style=\"fill: #999;color:#999\" class=\"arrow-unsorted-368013\" xmlns=\"http:\/\/www.w3.org\/2000\/svg\" width=\"10px\" height=\"10px\" viewBox=\"0 0 24 24\" version=\"1.2\" baseProfile=\"tiny\"><path d=\"M18.2 9.3l-6.2-6.3-6.2 6.3c-.2.2-.3.4-.3.7s.1.5.3.7c.2.2.4.3.7.3h11c.3 0 .5-.1.7-.3.2-.2.3-.5.3-.7s-.1-.5-.3-.7zM5.8 14.7l6.2 6.3 6.2-6.3c.2-.2.3-.5.3-.7s-.1-.5-.3-.7c-.2-.2-.4-.3-.7-.3h-11c-.3 0-.5.1-.7.3-.2.2-.3.5-.3.7s.1.5.3.7z\"\/><\/svg><\/span><\/span><\/span><\/a><\/span><\/div>\n<nav><ul class='ez-toc-list ez-toc-list-level-1 ' ><li class='ez-toc-page-1 ez-toc-heading-level-2'><a class=\"ez-toc-link ez-toc-heading-1\" href=\"https:\/\/oddsium.com\/pe\/terminos-de-uso\/#1-elegibilidad\" >1. Elegibilidad<\/a><\/li><li class='ez-toc-page-1 ez-toc-heading-level-2'><a class=\"ez-toc-link ez-toc-heading-2\" href=\"https:\/\/oddsium.com\/pe\/terminos-de-uso\/#2-uso-del-sitio\" >2. Uso del Sitio<\/a><\/li><li class='ez-toc-page-1 ez-toc-heading-level-2'><a class=\"ez-toc-link ez-toc-heading-3\" href=\"https:\/\/oddsium.com\/pe\/terminos-de-uso\/#3-responsabilidad-del-usuario-y-riesgo-de-apuestas\" >3. Responsabilidad del Usuario y Riesgo de Apuestas<\/a><\/li><li class='ez-toc-page-1 ez-toc-heading-level-2'><a class=\"ez-toc-link ez-toc-heading-4\" href=\"https:\/\/oddsium.com\/pe\/terminos-de-uso\/#4-divulgacion-de-afiliados\" >4. Divulgaci\u00f3n de Afiliados<\/a><\/li><li class='ez-toc-page-1 ez-toc-heading-level-2'><a class=\"ez-toc-link ez-toc-heading-5\" href=\"https:\/\/oddsium.com\/pe\/terminos-de-uso\/#5-uso-de-datos-para-marketing\" >5. Uso de Datos para Marketing<\/a><\/li><li class='ez-toc-page-1 ez-toc-heading-level-2'><a class=\"ez-toc-link ez-toc-heading-6\" href=\"https:\/\/oddsium.com\/pe\/terminos-de-uso\/#6-propiedad-intelectual\" >6. Propiedad Intelectual<\/a><\/li><li class='ez-toc-page-1 ez-toc-heading-level-2'><a class=\"ez-toc-link ez-toc-heading-7\" href=\"https:\/\/oddsium.com\/pe\/terminos-de-uso\/#7-limitacion-de-responsabilidad\" >7. Limitaci\u00f3n de Responsabilidad<\/a><\/li><li class='ez-toc-page-1 ez-toc-heading-level-2'><a class=\"ez-toc-link ez-toc-heading-8\" href=\"https:\/\/oddsium.com\/pe\/terminos-de-uso\/#8-enlaces-de-terceros\" >8. Enlaces de Terceros<\/a><\/li><li class='ez-toc-page-1 ez-toc-heading-level-2'><a class=\"ez-toc-link ez-toc-heading-9\" href=\"https:\/\/oddsium.com\/pe\/terminos-de-uso\/#9-modificaciones\" >9. Modificaciones<\/a><\/li><li class='ez-toc-page-1 ez-toc-heading-level-2'><a class=\"ez-toc-link ez-toc-heading-10\" href=\"https:\/\/oddsium.com\/pe\/terminos-de-uso\/#10-ley-aplicable\" >10. Ley Aplicable<\/a><\/li><li class='ez-toc-page-1 ez-toc-heading-level-2'><a class=\"ez-toc-link ez-toc-heading-11\" href=\"https:\/\/oddsium.com\/pe\/terminos-de-uso\/#11-contacto\" >11. Contacto<\/a><\/li><\/ul><\/nav><\/div>\n<h2 class=\"wp-block-heading\"><span class=\"ez-toc-section\" id=\"1-elegibilidad\"><\/span>1. Elegibilidad<span class=\"ez-toc-section-end\"><\/span><\/h2>\n\n\n\n<p>Debes tener al menos 18 a\u00f1os (o la edad legal en tu jurisdicci\u00f3n) para usar este Sitio.<\/p>\n\n\n\n<h2 class=\"wp-block-heading\"><span class=\"ez-toc-section\" id=\"2-uso-del-sitio\"><\/span>2. Uso del Sitio<span class=\"ez-toc-section-end\"><\/span><\/h2>\n\n\n\n<p>El Sitio proporciona informaci\u00f3n relacionada con apuestas, cuotas y contenido informativo. No garantizamos la exactitud, disponibilidad o integridad de la informaci\u00f3n.<\/p>\n\n\n\n<h2 class=\"wp-block-heading\"><span class=\"ez-toc-section\" id=\"3-responsabilidad-del-usuario-y-riesgo-de-apuestas\"><\/span>3. Responsabilidad del Usuario y Riesgo de Apuestas<span class=\"ez-toc-section-end\"><\/span><\/h2>\n\n\n\n<p>Eres plenamente responsable de tus decisiones. Las apuestas implican riesgos financieros y pueden resultar en la p\u00e9rdida total de tu dinero. Oddsium no ofrece asesoramiento financiero ni garantiza resultados.<\/p>\n\n\n\n<h2 class=\"wp-block-heading\"><span class=\"ez-toc-section\" id=\"4-divulgacion-de-afiliados\"><\/span>4. Divulgaci\u00f3n de Afiliados<span class=\"ez-toc-section-end\"><\/span><\/h2>\n\n\n\n<p>El Sitio puede contener enlaces de afiliados. Esto significa que Oddsium puede recibir una comisi\u00f3n si haces clic en enlaces o te registras en plataformas de terceros a trav\u00e9s del Sitio. Esto no afecta el precio que pagas ni influye en nuestra independencia editorial.<\/p>\n\n\n\n<h2 class=\"wp-block-heading\"><span class=\"ez-toc-section\" id=\"5-uso-de-datos-para-marketing\"><\/span>5. Uso de Datos para Marketing<span class=\"ez-toc-section-end\"><\/span><\/h2>\n\n\n\n<p>Si te registras o interact\u00faas con Oddsium a trav\u00e9s de plataformas como TikTok, Facebook, Google, correo electr\u00f3nico u otros canales, aceptas que podamos recopilar y utilizar tu informaci\u00f3n para fines de marketing, incluyendo pero no limitado a campa\u00f1as publicitarias, remarketing y comunicaciones promocionales, de acuerdo con nuestra Pol\u00edtica de Privacidad.<\/p>\n\n\n\n<h2 class=\"wp-block-heading\"><span class=\"ez-toc-section\" id=\"6-propiedad-intelectual\"><\/span>6. Propiedad Intelectual<span class=\"ez-toc-section-end\"><\/span><\/h2>\n\n\n\n<p>Todo el contenido es propiedad de Oddsium o sus licenciantes y est\u00e1 protegido por las leyes aplicables.<\/p>\n\n\n\n<h2 class=\"wp-block-heading\"><span class=\"ez-toc-section\" id=\"7-limitacion-de-responsabilidad\"><\/span>7. Limitaci\u00f3n de Responsabilidad<span class=\"ez-toc-section-end\"><\/span><\/h2>\n\n\n\n<p>Oddsium no ser\u00e1 responsable por p\u00e9rdidas, da\u00f1os directos o indirectos derivados del uso del Sitio o de decisiones basadas en la informaci\u00f3n proporcionada.<\/p>\n\n\n\n<h2 class=\"wp-block-heading\"><span class=\"ez-toc-section\" id=\"8-enlaces-de-terceros\"><\/span>8. Enlaces de Terceros<span class=\"ez-toc-section-end\"><\/span><\/h2>\n\n\n\n<p>Podemos incluir enlaces a sitios externos. No somos responsables de su contenido, t\u00e9rminos o pol\u00edticas.<\/p>\n\n\n\n<h2 class=\"wp-block-heading\"><span class=\"ez-toc-section\" id=\"9-modificaciones\"><\/span>9. Modificaciones<span class=\"ez-toc-section-end\"><\/span><\/h2>\n\n\n\n<p>Nos reservamos el derecho de modificar estos T\u00e9rminos en cualquier momento.<\/p>\n\n\n\n<h2 class=\"wp-block-heading\"><span class=\"ez-toc-section\" id=\"10-ley-aplicable\"><\/span>10. Ley Aplicable<span class=\"ez-toc-section-end\"><\/span><\/h2>\n\n\n\n<p>Estos T\u00e9rminos se rigen por las leyes aplicables.<\/p>\n\n\n\n<h2 class=\"wp-block-heading\"><span class=\"ez-toc-section\" id=\"11-contacto\"><\/span>11. Contacto<span class=\"ez-toc-section-end\"><\/span><\/h2>\n\n\n\n<p>Para consultas, cont\u00e1ctanos en info@oddsium.com.<\/p>\n","protected":false},"excerpt":{"rendered":"<p>Estos T\u00e9rminos se aplican al sitio web oddsium.com, operado por Oddsium Ltd (\u00abOddsium\u00bb, \u00abnosotros\u00bb). \u00daltima actualizaci\u00f3n: 8\/4-2026 Bienvenido a Oddsium. Estos T\u00e9rminos de Uso (\u00abT\u00e9rminos\u00bb) regulan el acceso y uso del sitio web oddsium.com (\u00abSitio\u00bb). Al acceder o utilizar el Sitio, aceptas cumplir con estos T\u00e9rminos. 1. Elegibilidad Debes tener al menos 18 a\u00f1os (o [&hellip;]<\/p>\n","protected":false},"author":2,"featured_media":246,"parent":0,"menu_order":0,"comment_status":"closed","ping_status":"closed","template":"","meta":{"_acf_changed":false,"om_disable_all_campaigns":false,"footnotes":""},"class_list":["post-4703","page","type-page","status-publish","has-post-thumbnail","hentry"],"acf":[],"aioseo_notices":[],"_links":{"self":[{"href":"https:\/\/oddsium.com\/pe\/wp-json\/wp\/v2\/pages\/4703","targetHints":{"allow":["GET"]}}],"collection":[{"href":"https:\/\/oddsium.com\/pe\/wp-json\/wp\/v2\/pages"}],"about":[{"href":"https:\/\/oddsium.com\/pe\/wp-json\/wp\/v2\/types\/page"}],"author":[{"embeddable":true,"href":"https:\/\/oddsium.com\/pe\/wp-json\/wp\/v2\/users\/2"}],"replies":[{"embeddable":true,"href":"https:\/\/oddsium.com\/pe\/wp-json\/wp\/v2\/comments?post=4703"}],"version-history":[{"count":3,"href":"https:\/\/oddsium.com\/pe\/wp-json\/wp\/v2\/pages\/4703\/revisions"}],"predecessor-version":[{"id":4707,"href":"https:\/\/oddsium.com\/pe\/wp-json\/wp\/v2\/pages\/4703\/revisions\/4707"}],"wp:featuredmedia":[{"embeddable":true,"href":"https:\/\/oddsium.com\/pe\/wp-json\/wp\/v2\/media\/246"}],"wp:attachment":[{"href":"https:\/\/oddsium.com\/pe\/wp-json\/wp\/v2\/media?parent=4703"}],"curies":[{"name":"wp","href":"https:\/\/api.w.org\/{rel}","templated":true}]}}