{"id":4710,"date":"2026-04-08T07:33:25","date_gmt":"2026-04-08T12:33:25","guid":{"rendered":"https:\/\/oddsium.com\/pe\/?page_id=4710"},"modified":"2026-04-08T07:33:26","modified_gmt":"2026-04-08T12:33:26","slug":"proteccion-de-datos","status":"publish","type":"page","link":"https:\/\/oddsium.com\/pe\/proteccion-de-datos\/","title":{"rendered":"Protecci\u00f3n de Datos"},"content":{"rendered":"\n<p><strong>\u00daltima actualizaci\u00f3n:<\/strong> 8\/4-2026<\/p>\n\n\n\n<p>Esta Pol\u00edtica de Protecci\u00f3n de Datos describe c\u00f3mo Oddsium Ltd (\u00abOddsium\u00bb, \u00abnosotros\u00bb) recopila, utiliza y protege tus datos personales en oddsium.com.<\/p>\n\n\n\n<div id=\"ez-toc-container\" class=\"ez-toc-v2_0_81 counter-hierarchy ez-toc-counter ez-toc-grey ez-toc-container-direction\">\n<div class=\"ez-toc-title-container\">\n<p class=\"ez-toc-title\" style=\"cursor:inherit\">Table of Contents<\/p>\n<span class=\"ez-toc-title-toggle\"><a href=\"#\" class=\"ez-toc-pull-right ez-toc-btn ez-toc-btn-xs ez-toc-btn-default ez-toc-toggle\" aria-label=\"Toggle Table of Content\"><span class=\"ez-toc-js-icon-con\"><span class=\"\"><span class=\"eztoc-hide\" style=\"display:none;\">Toggle<\/span><span class=\"ez-toc-icon-toggle-span\"><svg style=\"fill: #999;color:#999\" xmlns=\"http:\/\/www.w3.org\/2000\/svg\" class=\"list-377408\" width=\"20px\" height=\"20px\" viewBox=\"0 0 24 24\" fill=\"none\"><path d=\"M6 6H4v2h2V6zm14 0H8v2h12V6zM4 11h2v2H4v-2zm16 0H8v2h12v-2zM4 16h2v2H4v-2zm16 0H8v2h12v-2z\" fill=\"currentColor\"><\/path><\/svg><svg style=\"fill: #999;color:#999\" class=\"arrow-unsorted-368013\" xmlns=\"http:\/\/www.w3.org\/2000\/svg\" width=\"10px\" height=\"10px\" viewBox=\"0 0 24 24\" version=\"1.2\" baseProfile=\"tiny\"><path d=\"M18.2 9.3l-6.2-6.3-6.2 6.3c-.2.2-.3.4-.3.7s.1.5.3.7c.2.2.4.3.7.3h11c.3 0 .5-.1.7-.3.2-.2.3-.5.3-.7s-.1-.5-.3-.7zM5.8 14.7l6.2 6.3 6.2-6.3c.2-.2.3-.5.3-.7s-.1-.5-.3-.7c-.2-.2-.4-.3-.7-.3h-11c-.3 0-.5.1-.7.3-.2.2-.3.5-.3.7s.1.5.3.7z\"\/><\/svg><\/span><\/span><\/span><\/a><\/span><\/div>\n<nav><ul class='ez-toc-list ez-toc-list-level-1 ' ><li class='ez-toc-page-1 ez-toc-heading-level-2'><a class=\"ez-toc-link ez-toc-heading-1\" href=\"https:\/\/oddsium.com\/pe\/proteccion-de-datos\/#datos-que-recopilamos\" >Datos que recopilamos<\/a><\/li><li class='ez-toc-page-1 ez-toc-heading-level-2'><a class=\"ez-toc-link ez-toc-heading-2\" href=\"https:\/\/oddsium.com\/pe\/proteccion-de-datos\/#uso-de-los-datos\" >Uso de los datos<\/a><\/li><li class='ez-toc-page-1 ez-toc-heading-level-2'><a class=\"ez-toc-link ez-toc-heading-3\" href=\"https:\/\/oddsium.com\/pe\/proteccion-de-datos\/#compartir-datos-con-terceros\" >Compartir datos con terceros<\/a><\/li><li class='ez-toc-page-1 ez-toc-heading-level-2'><a class=\"ez-toc-link ez-toc-heading-4\" href=\"https:\/\/oddsium.com\/pe\/proteccion-de-datos\/#seguridad\" >Seguridad<\/a><\/li><li class='ez-toc-page-1 ez-toc-heading-level-2'><a class=\"ez-toc-link ez-toc-heading-5\" href=\"https:\/\/oddsium.com\/pe\/proteccion-de-datos\/#tus-derechos\" >Tus derechos<\/a><\/li><li class='ez-toc-page-1 ez-toc-heading-level-2'><a class=\"ez-toc-link ez-toc-heading-6\" href=\"https:\/\/oddsium.com\/pe\/proteccion-de-datos\/#cambios-en-esta-politica\" >Cambios en esta pol\u00edtica<\/a><\/li><li class='ez-toc-page-1 ez-toc-heading-level-2'><a class=\"ez-toc-link ez-toc-heading-7\" href=\"https:\/\/oddsium.com\/pe\/proteccion-de-datos\/#contacto\" >Contacto<\/a><\/li><\/ul><\/nav><\/div>\n<h2 class=\"wp-block-heading\"><span class=\"ez-toc-section\" id=\"datos-que-recopilamos\"><\/span>Datos que recopilamos<span class=\"ez-toc-section-end\"><\/span><\/h2>\n\n\n\n<ul class=\"wp-block-list\">\n<li>Informaci\u00f3n de registro (nombre, correo electr\u00f3nico) si te registras.<\/li>\n\n\n\n<li>Informaci\u00f3n de uso del Sitio y cookies.<\/li>\n\n\n\n<li>Datos obtenidos a trav\u00e9s de plataformas externas (TikTok, Facebook (Meta), Google) si eliges registrarte mediante estas.<\/li>\n<\/ul>\n\n\n\n<h2 class=\"wp-block-heading\"><span class=\"ez-toc-section\" id=\"uso-de-los-datos\"><\/span>Uso de los datos<span class=\"ez-toc-section-end\"><\/span><\/h2>\n\n\n\n<p>Oddsium Ltd utiliza los datos para:<\/p>\n\n\n\n<ul class=\"wp-block-list\">\n<li>Proveer y mejorar nuestros servicios.<\/li>\n\n\n\n<li>Marketing y comunicaciones promocionales.<\/li>\n\n\n\n<li>An\u00e1lisis de uso y optimizaci\u00f3n del Sitio.<\/li>\n<\/ul>\n\n\n\n<h2 class=\"wp-block-heading\"><span class=\"ez-toc-section\" id=\"compartir-datos-con-terceros\"><\/span>Compartir datos con terceros<span class=\"ez-toc-section-end\"><\/span><\/h2>\n\n\n\n<p>Podemos compartir informaci\u00f3n con proveedores de servicios, socios publicitarios y plataformas de marketing, siempre respetando la privacidad y cumpliendo con la legislaci\u00f3n aplicable.<\/p>\n\n\n\n<h2 class=\"wp-block-heading\"><span class=\"ez-toc-section\" id=\"seguridad\"><\/span>Seguridad<span class=\"ez-toc-section-end\"><\/span><\/h2>\n\n\n\n<p>Implementamos medidas t\u00e9cnicas y organizativas para proteger tus datos personales contra p\u00e9rdida, acceso no autorizado o uso indebido.<\/p>\n\n\n\n<h2 class=\"wp-block-heading\"><span class=\"ez-toc-section\" id=\"tus-derechos\"><\/span>Tus derechos<span class=\"ez-toc-section-end\"><\/span><\/h2>\n\n\n\n<p>Dependiendo de tu jurisdicci\u00f3n, puedes tener derecho a:<\/p>\n\n\n\n<ul class=\"wp-block-list\">\n<li>Acceder a tus datos.<\/li>\n\n\n\n<li>Rectificar datos incorrectos.<\/li>\n\n\n\n<li>Solicitar eliminaci\u00f3n de tus datos.<\/li>\n\n\n\n<li>Oponerte al procesamiento para marketing.<\/li>\n<\/ul>\n\n\n\n<h2 class=\"wp-block-heading\"><span class=\"ez-toc-section\" id=\"cambios-en-esta-politica\"><\/span>Cambios en esta pol\u00edtica<span class=\"ez-toc-section-end\"><\/span><\/h2>\n\n\n\n<p>Oddsium puede actualizar esta Pol\u00edtica de Protecci\u00f3n de Datos en cualquier momento.<\/p>\n\n\n\n<h2 class=\"wp-block-heading\"><span class=\"ez-toc-section\" id=\"contacto\"><\/span>Contacto<span class=\"ez-toc-section-end\"><\/span><\/h2>\n\n\n\n<p>Para consultas sobre datos personales, cont\u00e1ctanos en info@oddsium.com.<\/p>\n","protected":false},"excerpt":{"rendered":"<p>\u00daltima actualizaci\u00f3n: 8\/4-2026 Esta Pol\u00edtica de Protecci\u00f3n de Datos describe c\u00f3mo Oddsium Ltd (\u00abOddsium\u00bb, \u00abnosotros\u00bb) recopila, utiliza y protege tus datos personales en oddsium.com. Datos que recopilamos Uso de los datos Oddsium Ltd utiliza los datos para: Compartir datos con terceros Podemos compartir informaci\u00f3n con proveedores de servicios, socios publicitarios y plataformas de marketing, siempre [&hellip;]<\/p>\n","protected":false},"author":2,"featured_media":246,"parent":0,"menu_order":0,"comment_status":"closed","ping_status":"closed","template":"","meta":{"_acf_changed":false,"om_disable_all_campaigns":false,"footnotes":""},"class_list":["post-4710","page","type-page","status-publish","has-post-thumbnail","hentry"],"acf":[],"aioseo_notices":[],"_links":{"self":[{"href":"https:\/\/oddsium.com\/pe\/wp-json\/wp\/v2\/pages\/4710","targetHints":{"allow":["GET"]}}],"collection":[{"href":"https:\/\/oddsium.com\/pe\/wp-json\/wp\/v2\/pages"}],"about":[{"href":"https:\/\/oddsium.com\/pe\/wp-json\/wp\/v2\/types\/page"}],"author":[{"embeddable":true,"href":"https:\/\/oddsium.com\/pe\/wp-json\/wp\/v2\/users\/2"}],"replies":[{"embeddable":true,"href":"https:\/\/oddsium.com\/pe\/wp-json\/wp\/v2\/comments?post=4710"}],"version-history":[{"count":1,"href":"https:\/\/oddsium.com\/pe\/wp-json\/wp\/v2\/pages\/4710\/revisions"}],"predecessor-version":[{"id":4711,"href":"https:\/\/oddsium.com\/pe\/wp-json\/wp\/v2\/pages\/4710\/revisions\/4711"}],"wp:featuredmedia":[{"embeddable":true,"href":"https:\/\/oddsium.com\/pe\/wp-json\/wp\/v2\/media\/246"}],"wp:attachment":[{"href":"https:\/\/oddsium.com\/pe\/wp-json\/wp\/v2\/media?parent=4710"}],"curies":[{"name":"wp","href":"https:\/\/api.w.org\/{rel}","templated":true}]}}