{"id":90,"date":"2025-05-05T10:33:38","date_gmt":"2025-05-05T10:33:38","guid":{"rendered":"https:\/\/oddsium.wpenginepowered.com\/pe\/?page_id=90"},"modified":"2025-09-06T17:55:52","modified_gmt":"2025-09-06T17:55:52","slug":"odds","status":"publish","type":"page","link":"https:\/\/oddsium.com\/pe\/odds\/","title":{"rendered":"Comparaci\u00f3n de cuotas"},"content":{"rendered":"\n<p>Actualmente, apostar no es cuesti\u00f3n de suerte, sino una actividad mucho m\u00e1s informada y basada en conocimientos. Si quieres realmente sacarle jugo a tus apuestas, necesitas hacer la mejor comparaci\u00f3n de cuotas. Aqu\u00ed no hablamos solo de elegir un equipo o un resultado, sino de encontrar el lugar donde tu apuesta vale m\u00e1s, donde cada sol apostado puede multiplicarse mejor.&nbsp;<\/p>\n\n\n\n<p>Oddsium es esa herramienta que te pone en el asiento del conductor, mostr\u00e1ndote en tiempo real d\u00f3nde est\u00e1n las cuotas m\u00e1s jugosas para que apuestes con cabeza y no con el coraz\u00f3n.<\/p>\n\n\n\n<div id=\"ez-toc-container\" class=\"ez-toc-v2_0_81 counter-hierarchy ez-toc-counter ez-toc-grey ez-toc-container-direction\">\n<div class=\"ez-toc-title-container\">\n<p class=\"ez-toc-title\" style=\"cursor:inherit\">Table of Contents<\/p>\n<span class=\"ez-toc-title-toggle\"><a href=\"#\" class=\"ez-toc-pull-right ez-toc-btn ez-toc-btn-xs ez-toc-btn-default ez-toc-toggle\" aria-label=\"Toggle Table of Content\"><span class=\"ez-toc-js-icon-con\"><span class=\"\"><span class=\"eztoc-hide\" style=\"display:none;\">Toggle<\/span><span class=\"ez-toc-icon-toggle-span\"><svg style=\"fill: #999;color:#999\" xmlns=\"http:\/\/www.w3.org\/2000\/svg\" class=\"list-377408\" width=\"20px\" height=\"20px\" viewBox=\"0 0 24 24\" fill=\"none\"><path d=\"M6 6H4v2h2V6zm14 0H8v2h12V6zM4 11h2v2H4v-2zm16 0H8v2h12v-2zM4 16h2v2H4v-2zm16 0H8v2h12v-2z\" fill=\"currentColor\"><\/path><\/svg><svg style=\"fill: #999;color:#999\" class=\"arrow-unsorted-368013\" xmlns=\"http:\/\/www.w3.org\/2000\/svg\" width=\"10px\" height=\"10px\" viewBox=\"0 0 24 24\" version=\"1.2\" baseProfile=\"tiny\"><path d=\"M18.2 9.3l-6.2-6.3-6.2 6.3c-.2.2-.3.4-.3.7s.1.5.3.7c.2.2.4.3.7.3h11c.3 0 .5-.1.7-.3.2-.2.3-.5.3-.7s-.1-.5-.3-.7zM5.8 14.7l6.2 6.3 6.2-6.3c.2-.2.3-.5.3-.7s-.1-.5-.3-.7c-.2-.2-.4-.3-.7-.3h-11c-.3 0-.5.1-.7.3-.2.2-.3.5-.3.7s.1.5.3.7z\"\/><\/svg><\/span><\/span><\/span><\/a><\/span><\/div>\n<nav><ul class='ez-toc-list ez-toc-list-level-1 ' ><li class='ez-toc-page-1 ez-toc-heading-level-2'><a class=\"ez-toc-link ez-toc-heading-1\" href=\"https:\/\/oddsium.com\/pe\/odds\/#%c2%bfcomparar-cuotas-le-da-un-mejor-uso-a-tu-dinero\" >\u00bfComparar cuotas le da un mejor uso a tu dinero?<\/a><\/li><li class='ez-toc-page-1 ez-toc-heading-level-2'><a class=\"ez-toc-link ez-toc-heading-2\" href=\"https:\/\/oddsium.com\/pe\/odds\/#%c2%bfpor-que-es-vital-hacer-comparacion-de-cuotas-en-peru\" >\u00bfPor qu\u00e9 es vital hacer comparaci\u00f3n de cuotas en Per\u00fa?<\/a><\/li><li class='ez-toc-page-1 ez-toc-heading-level-2'><a class=\"ez-toc-link ez-toc-heading-3\" href=\"https:\/\/oddsium.com\/pe\/odds\/#%c2%bfque-mercados-deberias-tener-en-la-mira\" >\u00bfQu\u00e9 mercados deber\u00edas tener en la mira?<\/a><\/li><li class='ez-toc-page-1 ez-toc-heading-level-2'><a class=\"ez-toc-link ez-toc-heading-4\" href=\"https:\/\/oddsium.com\/pe\/odds\/#oddsium-tu-aliado-para-la-comparacion-de-cuotas-en-peru\" >Oddsium, tu aliado para la comparaci\u00f3n de cuotas en Per\u00fa<\/a><\/li><li class='ez-toc-page-1 ez-toc-heading-level-2'><a class=\"ez-toc-link ez-toc-heading-5\" href=\"https:\/\/oddsium.com\/pe\/odds\/#%c2%bfvale-la-pena-invertir-tiempo-en-comparar-cuotas\" >\u00bfVale la pena invertir tiempo en comparar cuotas?<\/a><\/li><\/ul><\/nav><\/div>\n<h2 class=\"wp-block-heading\"><span class=\"ez-toc-section\" id=\"%c2%bfcomparar-cuotas-le-da-un-mejor-uso-a-tu-dinero\"><\/span><strong>\u00bfComparar cuotas le da un mejor uso a tu dinero?<\/strong><span class=\"ez-toc-section-end\"><\/span><\/h2>\n\n\n\n<p>Piensa en las cuotas como si fueran los precios de un mismo producto en diferentes tiendas. El partido y el resultado son iguales, pero las ganancias que te ofrecen var\u00edan. En las apuestas, las cuotas definen cu\u00e1nto dinero podr\u00edas ganar de ser el caso. Eso s\u00ed, no todas las casas de apuestas ofrecen las mismas posibilidades.<\/p>\n\n\n\n<p><em><strong>\ud83d\udcccEjemplo<\/strong>:&nbsp;En un partido cualquiera tienes este escenario:<\/em><\/p>\n\n\n\n<p><em>\u2013 Betsson: 1.75 S\/175 (<strong>S\/75<\/strong>&nbsp;de ganancia)<\/em><\/p>\n\n\n\n<p><em>\u2013 Inkabet: 1.85 S\/185 (<strong>S\/85<\/strong>&nbsp;de ganancia)<\/em><\/p>\n\n\n\n<p><em>Como ves, tienes un margen de 10 soles adicionales en una de las opciones.&nbsp;<\/em><\/p>\n\n\n\n<p>Aunque la diferencia de valor parezca peque\u00f1a, si apuestas con frecuencia, ese margen extra puede convertirse en ganancias significativas. Recuerda siempre apostar en&nbsp;las <a href=\"https:\/\/oddsium.com\/pe\/\" title=\"\">mejores casas de apuestas online en Per\u00fa<\/a> para garantizar una experiencia de apuesta segura y confiable.<\/p>\n\n\n\n<h2 class=\"wp-block-heading\"><span class=\"ez-toc-section\" id=\"%c2%bfpor-que-es-vital-hacer-comparacion-de-cuotas-en-peru\"><\/span><strong>\u00bfPor qu\u00e9 es vital hacer comparaci\u00f3n de cuotas en Per\u00fa?<\/strong><span class=\"ez-toc-section-end\"><\/span><\/h2>\n\n\n\n<p>En Per\u00fa, el mercado de las <a href=\"https:\/\/oddsium.com\/pe\/apuestas-deportivas\/\" title=\"\">apuestas deportivas<\/a> crece y con \u00e9l, la cantidad de casas de apuestas que circulan en la web. Cada empresa tiene su propio algoritmo, por ende,&nbsp; su propia forma de calcular las cuotas que ofrecer\u00e1 a sus usuarios. Por ende, comparar cuotas te permite:<\/p>\n\n\n\n<p>\ud83d\udcb8 Aprovechar al m\u00e1ximo cada sol que inviertes en tus apuestas.<\/p>\n\n\n\n<p>\ud83c\udfaf Evitar apostar en plataformas que ofrecen cuotas bajas y reducen tus ganancias.<\/p>\n\n\n\n<p>\ud83d\udcc8 Mejorar tus resultados a largo plazo con apuestas inteligentes.<\/p>\n\n\n\n<p>\ud83d\udd04 Aprovechar las diferencias en apuestas combinadas, donde cada d\u00e9cima cuenta.<\/p>\n\n\n\n<h2 class=\"wp-block-heading\"><span class=\"ez-toc-section\" id=\"%c2%bfque-mercados-deberias-tener-en-la-mira\"><\/span><strong>\u00bfQu\u00e9 mercados deber\u00edas tener en la mira?<\/strong><span class=\"ez-toc-section-end\"><\/span><\/h2>\n\n\n\n<p>El mercado depende directamente del tipo de deporte en el que decidas apostar, todos tienen su encanto y sus diferentes cuotas. Aqu\u00ed te dejamos unas opciones para que tengas una idea m\u00e1s clara:&nbsp;<\/p>\n\n\n\n<figure class=\"wp-block-table\"><table class=\"has-fixed-layout\"><tbody><tr><td><strong>Deporte<\/strong><\/td><td><strong>Mercado&nbsp;<\/strong><\/td><td><strong>Apuesta<\/strong><\/td><\/tr><tr><td>\u26bdF\u00fatbol<\/td><td>Resultado 1X2, m\u00e1s\/menos goles<\/td><td>Ganador, total de goles<\/td><\/tr><tr><td>\ud83c\udfc0B\u00e1squet<\/td><td>H\u00e1ndicap, puntos totales<\/td><td>Ganador, puntos, estad\u00edsticas de jugador<\/td><\/tr><tr><td>\ud83c\udfbeTenis<\/td><td>Ganador, n\u00famero de sets<\/td><td>Resultado del partido, total de juegos<\/td><\/tr><tr><td>\u26beB\u00e9isbol<\/td><td>Ganador, apuestas especiales<\/td><td>Resultado, estad\u00edsticas espec\u00edficas<\/td><\/tr><tr><td>\ud83d\udcbbApuestas en vivo<\/td><td>Cuotas que cambian minuto a minuto<\/td><td>Apostar durante el juego<\/td><\/tr><\/tbody><\/table><\/figure>\n\n\n\n<p><em>\u26a0\ufe0f La variedad de deportes y mercados es mucho m\u00e1s amplia. Solo debes entrar a Oddsium y checar tu deporte favorito y obtener la mejor comparaci\u00f3n de cuotas en Per\u00fa.<\/em><\/p>\n\n\n\n<h2 class=\"wp-block-heading\"><span class=\"ez-toc-section\" id=\"oddsium-tu-aliado-para-la-comparacion-de-cuotas-en-peru\"><\/span><strong>Oddsium, tu aliado para la comparaci\u00f3n de cuotas en Per\u00fa<\/strong><span class=\"ez-toc-section-end\"><\/span><\/h2>\n\n\n\n<figure class=\"wp-block-image size-large\"><img loading=\"lazy\" decoding=\"async\" width=\"1024\" height=\"726\" src=\"https:\/\/oddsium.com\/pe\/wp-content\/uploads\/sites\/6\/2025\/09\/dos-personas-estrechando-manos-1024x726.jpg\" alt=\"Manos estrech\u00e1ndose en se\u00f1al de acuerdo para comparar cuotas de casas de apuestas en Peru. \" class=\"wp-image-663\" srcset=\"https:\/\/oddsium.com\/pe\/wp-content\/uploads\/sites\/6\/2025\/09\/dos-personas-estrechando-manos-1024x726.jpg 1024w, https:\/\/oddsium.com\/pe\/wp-content\/uploads\/sites\/6\/2025\/09\/dos-personas-estrechando-manos-300x213.jpg 300w, https:\/\/oddsium.com\/pe\/wp-content\/uploads\/sites\/6\/2025\/09\/dos-personas-estrechando-manos-768x545.jpg 768w, https:\/\/oddsium.com\/pe\/wp-content\/uploads\/sites\/6\/2025\/09\/dos-personas-estrechando-manos-1536x1090.jpg 1536w, https:\/\/oddsium.com\/pe\/wp-content\/uploads\/sites\/6\/2025\/09\/dos-personas-estrechando-manos.jpg 1748w\" sizes=\"auto, (max-width: 1024px) 100vw, 1024px\" \/><\/figure>\n\n\n\n<p>Buscar la mejor cuota puede ser un laberinto, pero es justo ah\u00ed donde Oddsium brilla. Esta plataforma es tu aliado para comparar en tiempo real las cuotas de los sitios de apuestas m\u00e1s confiables en Per\u00fa. As\u00ed, t\u00fa puedes:<\/p>\n\n\n\n<p>\ud83d\udc40 Nuestro equipo verifica r\u00e1pidamente cu\u00e1l es la cuota m\u00e1s favorable.<\/p>\n\n\n\n<p>\u26a1 Accede directamente a casas de apuestas con <a href=\"https:\/\/apuestasdeportivas.mincetur.gob.pe\/\" title=\"\">licencia vigente MINCETUR<\/a> para apostar de forma r\u00e1pida y segura.<\/p>\n\n\n\n<p>\ud83d\udcf2 Obt\u00e9n detalles adicionales sobre promociones, opciones de pago y facilidad de navegaci\u00f3n.<\/p>\n\n\n\n<p>\ud83c\udf0e Abarca desde la liga local hasta los torneos internacionales m\u00e1s destacados.<\/p>\n\n\n\n<h2 class=\"wp-block-heading\"><span class=\"ez-toc-section\" id=\"%c2%bfvale-la-pena-invertir-tiempo-en-comparar-cuotas\"><\/span><strong>\u00bfVale la pena invertir tiempo en comparar cuotas?<\/strong><span class=\"ez-toc-section-end\"><\/span><\/h2>\n\n\n\n<p>Si tu objetivo es ganar, comparar cuotas se convertir\u00e1 en tu mejor estrategia. Si unes una buena <a href=\"https:\/\/oddsium.com\/pe\/guides\/gestion-del-bankroll-la-clave-para-apostar-con-exito-en-peru\/\" title=\"\">gesti\u00f3n de tu bankroll<\/a> junto con esta pr\u00e1ctica transforma cada apuesta en un acierto. En Per\u00fa, donde cada sol cuenta, esta combinaci\u00f3n puede marcar la diferencia entre un mes com\u00fan y otro con ganancias reales. As\u00ed que, empieza a comprar cuotas y gana m\u00e1s. <\/p>\n","protected":false},"excerpt":{"rendered":"<p>Actualmente, apostar no es cuesti\u00f3n de suerte, sino una actividad mucho m\u00e1s informada y basada en conocimientos. Si quieres realmente sacarle jugo a tus apuestas, necesitas hacer la mejor comparaci\u00f3n de cuotas. Aqu\u00ed no hablamos solo de elegir un equipo o un resultado, sino de encontrar el lugar donde tu apuesta vale m\u00e1s, donde cada [&hellip;]<\/p>\n","protected":false},"author":3,"featured_media":0,"parent":0,"menu_order":0,"comment_status":"closed","ping_status":"closed","template":"sports.php","meta":{"_acf_changed":false,"om_disable_all_campaigns":false,"footnotes":""},"class_list":["post-90","page","type-page","status-publish","hentry"],"acf":[],"aioseo_notices":[],"_links":{"self":[{"href":"https:\/\/oddsium.com\/pe\/wp-json\/wp\/v2\/pages\/90","targetHints":{"allow":["GET"]}}],"collection":[{"href":"https:\/\/oddsium.com\/pe\/wp-json\/wp\/v2\/pages"}],"about":[{"href":"https:\/\/oddsium.com\/pe\/wp-json\/wp\/v2\/types\/page"}],"author":[{"embeddable":true,"href":"https:\/\/oddsium.com\/pe\/wp-json\/wp\/v2\/users\/3"}],"replies":[{"embeddable":true,"href":"https:\/\/oddsium.com\/pe\/wp-json\/wp\/v2\/comments?post=90"}],"version-history":[{"count":0,"href":"https:\/\/oddsium.com\/pe\/wp-json\/wp\/v2\/pages\/90\/revisions"}],"wp:attachment":[{"href":"https:\/\/oddsium.com\/pe\/wp-json\/wp\/v2\/media?parent=90"}],"curies":[{"name":"wp","href":"https:\/\/api.w.org\/{rel}","templated":true}]}}