{"id":178,"date":"2025-05-16T02:08:21","date_gmt":"2025-05-16T02:08:21","guid":{"rendered":"https:\/\/oddsium.wpenginepowered.com\/pe\/?page_id=178"},"modified":"2026-04-17T13:48:03","modified_gmt":"2026-04-17T11:48:03","slug":"ishockey","status":"publish","type":"page","link":"https:\/\/oddsium.com\/se\/apuestas-deportivas__trashed\/ishockey\/","title":{"rendered":"Ishockey"},"content":{"rendered":"\n<div id=\"ez-toc-container\" class=\"ez-toc-v2_0_81 counter-hierarchy ez-toc-counter ez-toc-grey ez-toc-container-direction\">\n<div class=\"ez-toc-title-container\">\n<p class=\"ez-toc-title\" style=\"cursor:inherit\">Table of Contents<\/p>\n<span class=\"ez-toc-title-toggle\"><a href=\"#\" class=\"ez-toc-pull-right ez-toc-btn ez-toc-btn-xs ez-toc-btn-default ez-toc-toggle\" aria-label=\"Toggle Table of Content\"><span class=\"ez-toc-js-icon-con\"><span class=\"\"><span class=\"eztoc-hide\" style=\"display:none;\">Toggle<\/span><span class=\"ez-toc-icon-toggle-span\"><svg style=\"fill: #999;color:#999\" xmlns=\"http:\/\/www.w3.org\/2000\/svg\" class=\"list-377408\" width=\"20px\" height=\"20px\" viewBox=\"0 0 24 24\" fill=\"none\"><path d=\"M6 6H4v2h2V6zm14 0H8v2h12V6zM4 11h2v2H4v-2zm16 0H8v2h12v-2zM4 16h2v2H4v-2zm16 0H8v2h12v-2z\" fill=\"currentColor\"><\/path><\/svg><svg style=\"fill: #999;color:#999\" class=\"arrow-unsorted-368013\" xmlns=\"http:\/\/www.w3.org\/2000\/svg\" width=\"10px\" height=\"10px\" viewBox=\"0 0 24 24\" version=\"1.2\" baseProfile=\"tiny\"><path d=\"M18.2 9.3l-6.2-6.3-6.2 6.3c-.2.2-.3.4-.3.7s.1.5.3.7c.2.2.4.3.7.3h11c.3 0 .5-.1.7-.3.2-.2.3-.5.3-.7s-.1-.5-.3-.7zM5.8 14.7l6.2 6.3 6.2-6.3c.2-.2.3-.5.3-.7s-.1-.5-.3-.7c-.2-.2-.4-.3-.7-.3h-11c-.3 0-.5.1-.7.3-.2.2-.3.5-.3.7s.1.5.3.7z\"\/><\/svg><\/span><\/span><\/span><\/a><\/span><\/div>\n<nav><ul class='ez-toc-list ez-toc-list-level-1 ' ><li class='ez-toc-page-1 ez-toc-heading-level-2'><a class=\"ez-toc-link ez-toc-heading-1\" href=\"https:\/\/oddsium.com\/se\/apuestas-deportivas__trashed\/ishockey\/#ishockey-betting-%e2%80%93-odds-och-tips-2026\" >Ishockey betting \u2013 Odds och tips 2026<\/a><\/li><li class='ez-toc-page-1 ez-toc-heading-level-2'><a class=\"ez-toc-link ez-toc-heading-2\" href=\"https:\/\/oddsium.com\/se\/apuestas-deportivas__trashed\/ishockey\/#populara-ishockeyligor\" >Popul\u00e4ra ishockeyligor<\/a><\/li><\/ul><\/nav><\/div>\n<h2 class=\"wp-block-heading\"><span class=\"ez-toc-section\" id=\"ishockey-betting-%e2%80%93-odds-och-tips-2026\"><\/span>Ishockey betting \u2013 Odds och tips 2026<span class=\"ez-toc-section-end\"><\/span><\/h2>\n\n\n\n<p><strong>Ishockey<\/strong> \u00e4r en av de mest sp\u00e4nnande sporterna att betta p\u00e5. <a href=\"\/se\/shl\/\">SHL<\/a> och NHL dominerar bland svenska bettare, men VM, CHL och internationella turneringar erbjuder ocks\u00e5 utm\u00e4rkta bettingm\u00f6jligheter. J\u00e4mf\u00f6r hockeyodds hos de b\u00e4sta <a href=\"\/se\/bettingsidor\/\">bettingsidorna<\/a>.<\/p>\n\n\n\n<h2 class=\"wp-block-heading\"><span class=\"ez-toc-section\" id=\"populara-ishockeyligor\"><\/span>Popul\u00e4ra ishockeyligor<span class=\"ez-toc-section-end\"><\/span><\/h2>\n\n\n\n<ul class=\"wp-block-list\">\n<li><a href=\"\/se\/shl\/\">SHL<\/a> \u2013 Svenska Hockeyligan, den mest spelade hockeyligan i Sverige.<\/li>\n<li><strong>NHL<\/strong> \u2013 v\u00e4rldens b\u00e4sta hockeyliga med matcher varje natt.<\/li>\n<li><strong>Hockeyallsvenskan<\/strong> \u2013 Sveriges n\u00e4st h\u00f6gsta division.<\/li>\n<li><strong>VM<\/strong> \u2013 internationell ishockey med starka odds.<\/li>\n<\/ul>\n\n","protected":false},"excerpt":{"rendered":"<p>Ishockey betting \u2013 Odds och tips 2026 Ishockey \u00e4r en av de mest sp\u00e4nnande sporterna att betta p\u00e5. SHL och NHL dominerar bland svenska bettare, men VM, CHL och internationella turneringar erbjuder ocks\u00e5 utm\u00e4rkta bettingm\u00f6jligheter. J\u00e4mf\u00f6r hockeyodds hos de b\u00e4sta bettingsidorna. Popul\u00e4ra ishockeyligor SHL \u2013 Svenska Hockeyligan, den mest spelade hockeyligan i Sverige. NHL \u2013 [&hellip;]<\/p>\n","protected":false},"author":12,"featured_media":374,"parent":88,"menu_order":0,"comment_status":"closed","ping_status":"closed","template":"sports.php","meta":{"_acf_changed":false,"om_disable_all_campaigns":false,"footnotes":""},"class_list":["post-178","page","type-page","status-publish","has-post-thumbnail","hentry"],"acf":[],"aioseo_notices":[],"_links":{"self":[{"href":"https:\/\/oddsium.com\/se\/wp-json\/wp\/v2\/pages\/178","targetHints":{"allow":["GET"]}}],"collection":[{"href":"https:\/\/oddsium.com\/se\/wp-json\/wp\/v2\/pages"}],"about":[{"href":"https:\/\/oddsium.com\/se\/wp-json\/wp\/v2\/types\/page"}],"author":[{"embeddable":true,"href":"https:\/\/oddsium.com\/se\/wp-json\/wp\/v2\/users\/12"}],"replies":[{"embeddable":true,"href":"https:\/\/oddsium.com\/se\/wp-json\/wp\/v2\/comments?post=178"}],"version-history":[{"count":6,"href":"https:\/\/oddsium.com\/se\/wp-json\/wp\/v2\/pages\/178\/revisions"}],"predecessor-version":[{"id":5809,"href":"https:\/\/oddsium.com\/se\/wp-json\/wp\/v2\/pages\/178\/revisions\/5809"}],"up":[{"embeddable":true,"href":"https:\/\/oddsium.com\/se\/wp-json\/wp\/v2\/pages\/88"}],"wp:featuredmedia":[{"embeddable":true,"href":"https:\/\/oddsium.com\/se\/wp-json\/wp\/v2\/media\/374"}],"wp:attachment":[{"href":"https:\/\/oddsium.com\/se\/wp-json\/wp\/v2\/media?parent=178"}],"curies":[{"name":"wp","href":"https:\/\/api.w.org\/{rel}","templated":true}]}}