{"id":180,"date":"2025-05-16T02:27:08","date_gmt":"2025-05-16T02:27:08","guid":{"rendered":"https:\/\/oddsium.wpenginepowered.com\/pe\/?page_id=180"},"modified":"2026-04-17T13:48:03","modified_gmt":"2026-04-17T11:48:03","slug":"handboll","status":"publish","type":"page","link":"https:\/\/oddsium.com\/se\/apuestas-deportivas__trashed\/handboll\/","title":{"rendered":"Handboll"},"content":{"rendered":"\n<h2 class=\"wp-block-heading\">Handboll betting \u2013 Odds 2026<\/h2>\n\n\n\n<p><strong>Handboll<\/strong> \u00e4r popul\u00e4rt i Sverige, med handbollsligan och internationella turneringar som EM och VM. Snabbt tempo och m\u00e5nga m\u00e5l g\u00f6r handboll perfekt f\u00f6r <a href=\"\/se\/live-betting\/\">live betting<\/a>. J\u00e4mf\u00f6r handbollsodds hos de b\u00e4sta <a href=\"\/se\/bettingsidor\/\">bettingsidorna<\/a>.<\/p>\n\n","protected":false},"excerpt":{"rendered":"<p>Handboll betting \u2013 Odds 2026 Handboll \u00e4r popul\u00e4rt i Sverige, med handbollsligan och internationella turneringar som EM och VM. Snabbt tempo och m\u00e5nga m\u00e5l g\u00f6r handboll perfekt f\u00f6r live betting. J\u00e4mf\u00f6r handbollsodds hos de b\u00e4sta bettingsidorna.<\/p>\n","protected":false},"author":12,"featured_media":346,"parent":88,"menu_order":0,"comment_status":"closed","ping_status":"closed","template":"sports.php","meta":{"_acf_changed":false,"om_disable_all_campaigns":false,"footnotes":""},"class_list":["post-180","page","type-page","status-publish","has-post-thumbnail","hentry"],"acf":[],"aioseo_notices":[],"_links":{"self":[{"href":"https:\/\/oddsium.com\/se\/wp-json\/wp\/v2\/pages\/180","targetHints":{"allow":["GET"]}}],"collection":[{"href":"https:\/\/oddsium.com\/se\/wp-json\/wp\/v2\/pages"}],"about":[{"href":"https:\/\/oddsium.com\/se\/wp-json\/wp\/v2\/types\/page"}],"author":[{"embeddable":true,"href":"https:\/\/oddsium.com\/se\/wp-json\/wp\/v2\/users\/12"}],"replies":[{"embeddable":true,"href":"https:\/\/oddsium.com\/se\/wp-json\/wp\/v2\/comments?post=180"}],"version-history":[{"count":6,"href":"https:\/\/oddsium.com\/se\/wp-json\/wp\/v2\/pages\/180\/revisions"}],"predecessor-version":[{"id":5808,"href":"https:\/\/oddsium.com\/se\/wp-json\/wp\/v2\/pages\/180\/revisions\/5808"}],"up":[{"embeddable":true,"href":"https:\/\/oddsium.com\/se\/wp-json\/wp\/v2\/pages\/88"}],"wp:featuredmedia":[{"embeddable":true,"href":"https:\/\/oddsium.com\/se\/wp-json\/wp\/v2\/media\/346"}],"wp:attachment":[{"href":"https:\/\/oddsium.com\/se\/wp-json\/wp\/v2\/media?parent=180"}],"curies":[{"name":"wp","href":"https:\/\/api.w.org\/{rel}","templated":true}]}}