{"id":181,"date":"2025-05-16T02:43:31","date_gmt":"2025-05-16T02:43:31","guid":{"rendered":"https:\/\/oddsium.wpenginepowered.com\/pe\/?page_id=181"},"modified":"2026-04-17T13:48:03","modified_gmt":"2026-04-17T11:48:03","slug":"tennis","status":"publish","type":"page","link":"https:\/\/oddsium.com\/se\/apuestas-deportivas__trashed\/tennis\/","title":{"rendered":"Tennis"},"content":{"rendered":"\n<div id=\"ez-toc-container\" class=\"ez-toc-v2_0_81 counter-hierarchy ez-toc-counter ez-toc-grey ez-toc-container-direction\">\n<div class=\"ez-toc-title-container\">\n<p class=\"ez-toc-title\" style=\"cursor:inherit\">Table of Contents<\/p>\n<span class=\"ez-toc-title-toggle\"><a href=\"#\" class=\"ez-toc-pull-right ez-toc-btn ez-toc-btn-xs ez-toc-btn-default ez-toc-toggle\" aria-label=\"Toggle Table of Content\"><span class=\"ez-toc-js-icon-con\"><span class=\"\"><span class=\"eztoc-hide\" style=\"display:none;\">Toggle<\/span><span class=\"ez-toc-icon-toggle-span\"><svg style=\"fill: #999;color:#999\" xmlns=\"http:\/\/www.w3.org\/2000\/svg\" class=\"list-377408\" width=\"20px\" height=\"20px\" viewBox=\"0 0 24 24\" fill=\"none\"><path d=\"M6 6H4v2h2V6zm14 0H8v2h12V6zM4 11h2v2H4v-2zm16 0H8v2h12v-2zM4 16h2v2H4v-2zm16 0H8v2h12v-2z\" fill=\"currentColor\"><\/path><\/svg><svg style=\"fill: #999;color:#999\" class=\"arrow-unsorted-368013\" xmlns=\"http:\/\/www.w3.org\/2000\/svg\" width=\"10px\" height=\"10px\" viewBox=\"0 0 24 24\" version=\"1.2\" baseProfile=\"tiny\"><path d=\"M18.2 9.3l-6.2-6.3-6.2 6.3c-.2.2-.3.4-.3.7s.1.5.3.7c.2.2.4.3.7.3h11c.3 0 .5-.1.7-.3.2-.2.3-.5.3-.7s-.1-.5-.3-.7zM5.8 14.7l6.2 6.3 6.2-6.3c.2-.2.3-.5.3-.7s-.1-.5-.3-.7c-.2-.2-.4-.3-.7-.3h-11c-.3 0-.5.1-.7.3-.2.2-.3.5-.3.7s.1.5.3.7z\"\/><\/svg><\/span><\/span><\/span><\/a><\/span><\/div>\n<nav><ul class='ez-toc-list ez-toc-list-level-1 ' ><li class='ez-toc-page-1 ez-toc-heading-level-2'><a class=\"ez-toc-link ez-toc-heading-1\" href=\"https:\/\/oddsium.com\/se\/apuestas-deportivas__trashed\/tennis\/#tennis-betting-%e2%80%93-odds-och-tips-2026\" >Tennis betting \u2013 Odds och tips 2026<\/a><\/li><li class='ez-toc-page-1 ez-toc-heading-level-2'><a class=\"ez-toc-link ez-toc-heading-2\" href=\"https:\/\/oddsium.com\/se\/apuestas-deportivas__trashed\/tennis\/#populara-tennismarknader\" >Popul\u00e4ra tennismarknader<\/a><\/li><\/ul><\/nav><\/div>\n<h2 class=\"wp-block-heading\"><span class=\"ez-toc-section\" id=\"tennis-betting-%e2%80%93-odds-och-tips-2026\"><\/span>Tennis betting \u2013 Odds och tips 2026<span class=\"ez-toc-section-end\"><\/span><\/h2>\n\n\n\n<p><strong>Tennis<\/strong> erbjuder betting-m\u00f6jligheter \u00e5ret runt med turneringar varje vecka. Fr\u00e5n Grand Slam-turneringar till ATP och WTA-touren finns det alltid tennismatcher att spela p\u00e5. Perfekt f\u00f6r dig som gillar <a href=\"\/se\/live-betting\/\">live betting<\/a> \u2013 tennismatcher har konstant dramatik.<\/p>\n\n\n\n<h2 class=\"wp-block-heading\"><span class=\"ez-toc-section\" id=\"populara-tennismarknader\"><\/span>Popul\u00e4ra tennismarknader<span class=\"ez-toc-section-end\"><\/span><\/h2>\n\n\n\n<ul class=\"wp-block-list\">\n<li><strong>Matchvinnare<\/strong> \u2013 enkel marknad, vem vinner matchen.<\/li>\n<li><strong>Set-betting<\/strong> \u2013 korrekt setsiffra, exempelvis 2-1.<\/li>\n<li><strong>Game-handicap<\/strong> \u2013 handikappspel baserat p\u00e5 antal games.<\/li>\n<li><strong>Totalt antal games<\/strong> \u2013 \u00f6ver\/under-spel.<\/li>\n<li><strong>Live betting<\/strong> \u2013 odds uppdateras efter varje game.<\/li>\n<\/ul>\n\n","protected":false},"excerpt":{"rendered":"<p>Tennis betting \u2013 Odds och tips 2026 Tennis erbjuder betting-m\u00f6jligheter \u00e5ret runt med turneringar varje vecka. Fr\u00e5n Grand Slam-turneringar till ATP och WTA-touren finns det alltid tennismatcher att spela p\u00e5. Perfekt f\u00f6r dig som gillar live betting \u2013 tennismatcher har konstant dramatik. Popul\u00e4ra tennismarknader Matchvinnare \u2013 enkel marknad, vem vinner matchen. Set-betting \u2013 korrekt setsiffra, [&hellip;]<\/p>\n","protected":false},"author":12,"featured_media":390,"parent":88,"menu_order":0,"comment_status":"closed","ping_status":"closed","template":"sports.php","meta":{"_acf_changed":false,"om_disable_all_campaigns":false,"footnotes":""},"class_list":["post-181","page","type-page","status-publish","has-post-thumbnail","hentry"],"acf":[],"aioseo_notices":[],"_links":{"self":[{"href":"https:\/\/oddsium.com\/se\/wp-json\/wp\/v2\/pages\/181","targetHints":{"allow":["GET"]}}],"collection":[{"href":"https:\/\/oddsium.com\/se\/wp-json\/wp\/v2\/pages"}],"about":[{"href":"https:\/\/oddsium.com\/se\/wp-json\/wp\/v2\/types\/page"}],"author":[{"embeddable":true,"href":"https:\/\/oddsium.com\/se\/wp-json\/wp\/v2\/users\/12"}],"replies":[{"embeddable":true,"href":"https:\/\/oddsium.com\/se\/wp-json\/wp\/v2\/comments?post=181"}],"version-history":[{"count":6,"href":"https:\/\/oddsium.com\/se\/wp-json\/wp\/v2\/pages\/181\/revisions"}],"predecessor-version":[{"id":5807,"href":"https:\/\/oddsium.com\/se\/wp-json\/wp\/v2\/pages\/181\/revisions\/5807"}],"up":[{"embeddable":true,"href":"https:\/\/oddsium.com\/se\/wp-json\/wp\/v2\/pages\/88"}],"wp:featuredmedia":[{"embeddable":true,"href":"https:\/\/oddsium.com\/se\/wp-json\/wp\/v2\/media\/390"}],"wp:attachment":[{"href":"https:\/\/oddsium.com\/se\/wp-json\/wp\/v2\/media?parent=181"}],"curies":[{"name":"wp","href":"https:\/\/api.w.org\/{rel}","templated":true}]}}