{"id":189,"date":"2025-05-17T00:21:19","date_gmt":"2025-05-17T00:21:19","guid":{"rendered":"https:\/\/oddsium.wpenginepowered.com\/pe\/?page_id=189"},"modified":"2026-04-17T13:48:02","modified_gmt":"2026-04-17T11:48:02","slug":"fotboll","status":"publish","type":"page","link":"https:\/\/oddsium.com\/se\/fotboll\/","title":{"rendered":"Fotboll betting 2026"},"content":{"rendered":"\n<div id=\"ez-toc-container\" class=\"ez-toc-v2_0_81 counter-hierarchy ez-toc-counter ez-toc-grey ez-toc-container-direction\">\n<div class=\"ez-toc-title-container\">\n<p class=\"ez-toc-title\" style=\"cursor:inherit\">Table of Contents<\/p>\n<span class=\"ez-toc-title-toggle\"><a href=\"#\" class=\"ez-toc-pull-right ez-toc-btn ez-toc-btn-xs ez-toc-btn-default ez-toc-toggle\" aria-label=\"Toggle Table of Content\"><span class=\"ez-toc-js-icon-con\"><span class=\"\"><span class=\"eztoc-hide\" style=\"display:none;\">Toggle<\/span><span class=\"ez-toc-icon-toggle-span\"><svg style=\"fill: #999;color:#999\" xmlns=\"http:\/\/www.w3.org\/2000\/svg\" class=\"list-377408\" width=\"20px\" height=\"20px\" viewBox=\"0 0 24 24\" fill=\"none\"><path d=\"M6 6H4v2h2V6zm14 0H8v2h12V6zM4 11h2v2H4v-2zm16 0H8v2h12v-2zM4 16h2v2H4v-2zm16 0H8v2h12v-2z\" fill=\"currentColor\"><\/path><\/svg><svg style=\"fill: #999;color:#999\" class=\"arrow-unsorted-368013\" xmlns=\"http:\/\/www.w3.org\/2000\/svg\" width=\"10px\" height=\"10px\" viewBox=\"0 0 24 24\" version=\"1.2\" baseProfile=\"tiny\"><path d=\"M18.2 9.3l-6.2-6.3-6.2 6.3c-.2.2-.3.4-.3.7s.1.5.3.7c.2.2.4.3.7.3h11c.3 0 .5-.1.7-.3.2-.2.3-.5.3-.7s-.1-.5-.3-.7zM5.8 14.7l6.2 6.3 6.2-6.3c.2-.2.3-.5.3-.7s-.1-.5-.3-.7c-.2-.2-.4-.3-.7-.3h-11c-.3 0-.5.1-.7.3-.2.2-.3.5-.3.7s.1.5.3.7z\"\/><\/svg><\/span><\/span><\/span><\/a><\/span><\/div>\n<nav><ul class='ez-toc-list ez-toc-list-level-1 ' ><li class='ez-toc-page-1 ez-toc-heading-level-2'><a class=\"ez-toc-link ez-toc-heading-1\" href=\"https:\/\/oddsium.com\/se\/fotboll\/#fotboll-betting-%e2%80%93-odds-och-tips-2026\" >Fotboll betting \u2013 Odds och tips 2026<\/a><\/li><li class='ez-toc-page-1 ez-toc-heading-level-2'><a class=\"ez-toc-link ez-toc-heading-2\" href=\"https:\/\/oddsium.com\/se\/fotboll\/#populara-fotbollsligor\" >Popul\u00e4ra fotbollsligor<\/a><\/li><li class='ez-toc-page-1 ez-toc-heading-level-2'><a class=\"ez-toc-link ez-toc-heading-3\" href=\"https:\/\/oddsium.com\/se\/fotboll\/#tips-for-fotbollsbetting\" >Tips f\u00f6r fotbollsbetting<\/a><\/li><\/ul><\/nav><\/div>\n<h2 class=\"wp-block-heading\"><span class=\"ez-toc-section\" id=\"fotboll-betting-%e2%80%93-odds-och-tips-2026\"><\/span>Fotboll betting \u2013 Odds och tips 2026<span class=\"ez-toc-section-end\"><\/span><\/h2>\n\n\n\n<p><strong>Fotboll<\/strong> \u00e4r den \u00f6verl\u00e4gset popul\u00e4raste sporten att betta p\u00e5 i Sverige. Fr\u00e5n <a href=\"\/se\/allsvenskan\/\">Allsvenskan<\/a> och <a href=\"\/se\/premier-league\/\">Premier League<\/a> till <a href=\"\/se\/champions-league\/\">Champions League<\/a>, VM och EM \u2013 utbudet av marknader och odds \u00e4r enormt. J\u00e4mf\u00f6r fotbollsodds hos de b\u00e4sta <a href=\"\/se\/bettingsidor\/\">bettingsidorna<\/a> med v\u00e5r <a href=\"\/se\/oddsjamforelse\/\">oddsj\u00e4mf\u00f6relse<\/a>.<\/p>\n\n\n\n<h2 class=\"wp-block-heading\"><span class=\"ez-toc-section\" id=\"populara-fotbollsligor\"><\/span>Popul\u00e4ra fotbollsligor<span class=\"ez-toc-section-end\"><\/span><\/h2>\n\n\n\n<ul class=\"wp-block-list\">\n<li><a href=\"\/se\/allsvenskan\/\">Allsvenskan<\/a> \u2013 svensk fotboll med bra value-m\u00f6jligheter.<\/li>\n<li><a href=\"\/se\/premier-league\/\">Premier League<\/a> \u2013 v\u00e4rldens mest spelade liga.<\/li>\n<li><a href=\"\/se\/champions-league\/\">Champions League<\/a> \u2013 Europas finaste klubbturnering.<\/li>\n<li><strong>La Liga<\/strong> \u2013 spansk fotboll med Real Madrid och Barcelona.<\/li>\n<li><strong>Serie A<\/strong> \u2013 italiensk fotboll.<\/li>\n<li><strong>Bundesliga<\/strong> \u2013 tysk fotboll.<\/li>\n<\/ul>\n\n\n\n<h2 class=\"wp-block-heading\"><span class=\"ez-toc-section\" id=\"tips-for-fotbollsbetting\"><\/span>Tips f\u00f6r fotbollsbetting<span class=\"ez-toc-section-end\"><\/span><\/h2>\n\n\n\n<p>Nyckeln till framg\u00e5ngsrik fotbollsbetting \u00e4r att specialisera sig. Ist\u00e4llet f\u00f6r att spela p\u00e5 allt, fokusera p\u00e5 en eller tv\u00e5 ligor du har djup kunskap om. J\u00e4mf\u00f6r alltid odds och utnyttja <a href=\"\/se\/bonusar\/\">bonusar<\/a> och <a href=\"\/se\/odds-utan-omsattningskrav\/\">erbjudanden utan oms\u00e4ttningskrav<\/a> f\u00f6r extra v\u00e4rde. F\u00f6lj v\u00e5ra <a href=\"\/se\/speltips\/\">speltips<\/a> f\u00f6r analyser inf\u00f6r varje omg\u00e5ng.<\/p>\n\n","protected":false},"excerpt":{"rendered":"<p>Fotboll betting \u2013 Odds och tips 2026 Fotboll \u00e4r den \u00f6verl\u00e4gset popul\u00e4raste sporten att betta p\u00e5 i Sverige. Fr\u00e5n Allsvenskan och Premier League till Champions League, VM och EM \u2013 utbudet av marknader och odds \u00e4r enormt. J\u00e4mf\u00f6r fotbollsodds hos de b\u00e4sta bettingsidorna med v\u00e5r oddsj\u00e4mf\u00f6relse. Popul\u00e4ra fotbollsligor Allsvenskan \u2013 svensk fotboll med bra value-m\u00f6jligheter. [&hellip;]<\/p>\n","protected":false},"author":12,"featured_media":402,"parent":0,"menu_order":0,"comment_status":"closed","ping_status":"closed","template":"sports.php","meta":{"_acf_changed":false,"om_disable_all_campaigns":false,"footnotes":""},"class_list":["post-189","page","type-page","status-publish","has-post-thumbnail","hentry"],"acf":[],"aioseo_notices":[],"_links":{"self":[{"href":"https:\/\/oddsium.com\/se\/wp-json\/wp\/v2\/pages\/189","targetHints":{"allow":["GET"]}}],"collection":[{"href":"https:\/\/oddsium.com\/se\/wp-json\/wp\/v2\/pages"}],"about":[{"href":"https:\/\/oddsium.com\/se\/wp-json\/wp\/v2\/types\/page"}],"author":[{"embeddable":true,"href":"https:\/\/oddsium.com\/se\/wp-json\/wp\/v2\/users\/12"}],"replies":[{"embeddable":true,"href":"https:\/\/oddsium.com\/se\/wp-json\/wp\/v2\/comments?post=189"}],"version-history":[{"count":7,"href":"https:\/\/oddsium.com\/se\/wp-json\/wp\/v2\/pages\/189\/revisions"}],"predecessor-version":[{"id":5806,"href":"https:\/\/oddsium.com\/se\/wp-json\/wp\/v2\/pages\/189\/revisions\/5806"}],"wp:featuredmedia":[{"embeddable":true,"href":"https:\/\/oddsium.com\/se\/wp-json\/wp\/v2\/media\/402"}],"wp:attachment":[{"href":"https:\/\/oddsium.com\/se\/wp-json\/wp\/v2\/media?parent=189"}],"curies":[{"name":"wp","href":"https:\/\/api.w.org\/{rel}","templated":true}]}}