{"id":208,"date":"2025-05-20T16:03:06","date_gmt":"2025-05-20T16:03:06","guid":{"rendered":"https:\/\/oddsium.wpenginepowered.com\/pe\/?page_id=208"},"modified":"2026-04-17T13:48:02","modified_gmt":"2026-04-17T11:48:02","slug":"golf-betting","status":"publish","type":"page","link":"https:\/\/oddsium.com\/se\/apuestas-deportivas__trashed\/golf-betting\/","title":{"rendered":"Golf betting 2026"},"content":{"rendered":"\n<h2 class=\"wp-block-heading\">Golf betting \u2013 Odds 2026<\/h2>\n\n\n\n<p><strong>Golf betting<\/strong> erbjuder sp\u00e4nnande m\u00f6jligheter med turneringar varje vecka p\u00e5 PGA Tour, European Tour och Majors. L\u00e5ngtidsspel p\u00e5 turneringsvinnare ger ofta h\u00f6ga odds. J\u00e4mf\u00f6r golfodds hos de b\u00e4sta <a href=\"\/se\/bettingsidor\/\">bettingsidorna<\/a>.<\/p>\n\n","protected":false},"excerpt":{"rendered":"<p>Golf betting \u2013 Odds 2026 Golf betting erbjuder sp\u00e4nnande m\u00f6jligheter med turneringar varje vecka p\u00e5 PGA Tour, European Tour och Majors. L\u00e5ngtidsspel p\u00e5 turneringsvinnare ger ofta h\u00f6ga odds. J\u00e4mf\u00f6r golfodds hos de b\u00e4sta bettingsidorna.<\/p>\n","protected":false},"author":12,"featured_media":372,"parent":88,"menu_order":0,"comment_status":"closed","ping_status":"closed","template":"sports.php","meta":{"_acf_changed":false,"om_disable_all_campaigns":false,"footnotes":""},"class_list":["post-208","page","type-page","status-publish","has-post-thumbnail","hentry"],"acf":[],"aioseo_notices":[],"_links":{"self":[{"href":"https:\/\/oddsium.com\/se\/wp-json\/wp\/v2\/pages\/208","targetHints":{"allow":["GET"]}}],"collection":[{"href":"https:\/\/oddsium.com\/se\/wp-json\/wp\/v2\/pages"}],"about":[{"href":"https:\/\/oddsium.com\/se\/wp-json\/wp\/v2\/types\/page"}],"author":[{"embeddable":true,"href":"https:\/\/oddsium.com\/se\/wp-json\/wp\/v2\/users\/12"}],"replies":[{"embeddable":true,"href":"https:\/\/oddsium.com\/se\/wp-json\/wp\/v2\/comments?post=208"}],"version-history":[{"count":9,"href":"https:\/\/oddsium.com\/se\/wp-json\/wp\/v2\/pages\/208\/revisions"}],"predecessor-version":[{"id":5805,"href":"https:\/\/oddsium.com\/se\/wp-json\/wp\/v2\/pages\/208\/revisions\/5805"}],"up":[{"embeddable":true,"href":"https:\/\/oddsium.com\/se\/wp-json\/wp\/v2\/pages\/88"}],"wp:featuredmedia":[{"embeddable":true,"href":"https:\/\/oddsium.com\/se\/wp-json\/wp\/v2\/media\/372"}],"wp:attachment":[{"href":"https:\/\/oddsium.com\/se\/wp-json\/wp\/v2\/media?parent=208"}],"curies":[{"name":"wp","href":"https:\/\/api.w.org\/{rel}","templated":true}]}}