{"id":216,"date":"2025-05-21T14:20:52","date_gmt":"2025-05-21T14:20:52","guid":{"rendered":"https:\/\/oddsium.wpenginepowered.com\/pe\/?page_id=216"},"modified":"2026-04-17T13:48:02","modified_gmt":"2026-04-17T11:48:02","slug":"formel-1","status":"publish","type":"page","link":"https:\/\/oddsium.com\/se\/apuestas-deportivas__trashed\/formel-1\/","title":{"rendered":"Formel 1 betting 2026"},"content":{"rendered":"\n<h2 class=\"wp-block-heading\">Formel 1 betting \u2013 Odds 2026<\/h2>\n\n\n\n<p><strong>Formel 1<\/strong> \u00e4r en av v\u00e4rldens mest sp\u00e4nnande motorsporter att betta p\u00e5. Fr\u00e5n racevinnare och VM-vinnare till head-to-head-dueller mellan f\u00f6rare \u2013 F1 erbjuder massor av bettingmarknader. J\u00e4mf\u00f6r F1-odds hos de b\u00e4sta <a href=\"\/se\/bettingsidor\/\">bettingsidorna<\/a>.<\/p>\n\n","protected":false},"excerpt":{"rendered":"<p>Formel 1 betting \u2013 Odds 2026 Formel 1 \u00e4r en av v\u00e4rldens mest sp\u00e4nnande motorsporter att betta p\u00e5. Fr\u00e5n racevinnare och VM-vinnare till head-to-head-dueller mellan f\u00f6rare \u2013 F1 erbjuder massor av bettingmarknader. J\u00e4mf\u00f6r F1-odds hos de b\u00e4sta bettingsidorna.<\/p>\n","protected":false},"author":12,"featured_media":369,"parent":88,"menu_order":0,"comment_status":"closed","ping_status":"closed","template":"sports.php","meta":{"_acf_changed":false,"om_disable_all_campaigns":false,"footnotes":""},"class_list":["post-216","page","type-page","status-publish","has-post-thumbnail","hentry"],"acf":[],"aioseo_notices":[],"_links":{"self":[{"href":"https:\/\/oddsium.com\/se\/wp-json\/wp\/v2\/pages\/216","targetHints":{"allow":["GET"]}}],"collection":[{"href":"https:\/\/oddsium.com\/se\/wp-json\/wp\/v2\/pages"}],"about":[{"href":"https:\/\/oddsium.com\/se\/wp-json\/wp\/v2\/types\/page"}],"author":[{"embeddable":true,"href":"https:\/\/oddsium.com\/se\/wp-json\/wp\/v2\/users\/12"}],"replies":[{"embeddable":true,"href":"https:\/\/oddsium.com\/se\/wp-json\/wp\/v2\/comments?post=216"}],"version-history":[{"count":9,"href":"https:\/\/oddsium.com\/se\/wp-json\/wp\/v2\/pages\/216\/revisions"}],"predecessor-version":[{"id":5804,"href":"https:\/\/oddsium.com\/se\/wp-json\/wp\/v2\/pages\/216\/revisions\/5804"}],"up":[{"embeddable":true,"href":"https:\/\/oddsium.com\/se\/wp-json\/wp\/v2\/pages\/88"}],"wp:featuredmedia":[{"embeddable":true,"href":"https:\/\/oddsium.com\/se\/wp-json\/wp\/v2\/media\/369"}],"wp:attachment":[{"href":"https:\/\/oddsium.com\/se\/wp-json\/wp\/v2\/media?parent=216"}],"curies":[{"name":"wp","href":"https:\/\/api.w.org\/{rel}","templated":true}]}}