{"id":245,"date":"2025-05-22T08:53:24","date_gmt":"2025-05-22T08:53:24","guid":{"rendered":"https:\/\/oddsium.wpenginepowered.com\/pe\/?page_id=245"},"modified":"2026-04-13T15:05:43","modified_gmt":"2026-04-13T13:05:43","slug":"om-oddsium","status":"publish","type":"page","link":"https:\/\/oddsium.com\/se\/om-oddsium\/","title":{"rendered":"Om Oddsium"},"content":{"rendered":"\n<p>Oddsium \u00e4r en specialiserad j\u00e4mf\u00f6relsetj\u00e4nst f\u00f6r betting online. Vi hj\u00e4lper spelare i Sverige att analysera bettingsidor, ta del av speltips, utnyttja aktuella kampanjer och hitta de mest konkurrenskraftiga oddsen p\u00e5 marknaden.<\/p>\n\n\n\n<p>V\u00e5rt uppdrag \u00e4r tydligt: att g\u00f6ra upplevelsen av betting online enkel, trygg och transparent. Vi f\u00f6ljer dig genom hela processen \u2013 fr\u00e5n att v\u00e4lja den plattform som passar dig b\u00e4st till att hitta de b\u00e4sta bonusarna och de sportevenemang d\u00e4r det verkligen l\u00f6nar sig att spela.<\/p>\n\n\n\n<p>Det b\u00e4sta av allt: Oddsium \u00e4r helt gratis f\u00f6r alla v\u00e5ra anv\u00e4ndare!<\/p>\n","protected":false},"excerpt":{"rendered":"<p>Oddsium \u00e4r en specialiserad j\u00e4mf\u00f6relsetj\u00e4nst f\u00f6r betting online. Vi hj\u00e4lper spelare i Sverige att analysera bettingsidor, ta del av speltips, utnyttja aktuella kampanjer och hitta de mest konkurrenskraftiga oddsen p\u00e5 marknaden. V\u00e5rt uppdrag \u00e4r tydligt: att g\u00f6ra upplevelsen av betting online enkel, trygg och transparent. Vi f\u00f6ljer dig genom hela processen \u2013 fr\u00e5n att v\u00e4lja [&hellip;]<\/p>\n","protected":false},"author":3,"featured_media":246,"parent":0,"menu_order":0,"comment_status":"closed","ping_status":"closed","template":"","meta":{"_acf_changed":false,"om_disable_all_campaigns":false,"footnotes":""},"class_list":["post-245","page","type-page","status-publish","has-post-thumbnail","hentry"],"acf":[],"aioseo_notices":[],"_links":{"self":[{"href":"https:\/\/oddsium.com\/se\/wp-json\/wp\/v2\/pages\/245","targetHints":{"allow":["GET"]}}],"collection":[{"href":"https:\/\/oddsium.com\/se\/wp-json\/wp\/v2\/pages"}],"about":[{"href":"https:\/\/oddsium.com\/se\/wp-json\/wp\/v2\/types\/page"}],"author":[{"embeddable":true,"href":"https:\/\/oddsium.com\/se\/wp-json\/wp\/v2\/users\/3"}],"replies":[{"embeddable":true,"href":"https:\/\/oddsium.com\/se\/wp-json\/wp\/v2\/comments?post=245"}],"version-history":[{"count":2,"href":"https:\/\/oddsium.com\/se\/wp-json\/wp\/v2\/pages\/245\/revisions"}],"predecessor-version":[{"id":5528,"href":"https:\/\/oddsium.com\/se\/wp-json\/wp\/v2\/pages\/245\/revisions\/5528"}],"wp:featuredmedia":[{"embeddable":true,"href":"https:\/\/oddsium.com\/se\/wp-json\/wp\/v2\/media\/246"}],"wp:attachment":[{"href":"https:\/\/oddsium.com\/se\/wp-json\/wp\/v2\/media?parent=245"}],"curies":[{"name":"wp","href":"https:\/\/api.w.org\/{rel}","templated":true}]}}