{"id":248,"date":"2025-05-22T08:54:33","date_gmt":"2025-05-22T08:54:33","guid":{"rendered":"https:\/\/oddsium.wpenginepowered.com\/pe\/?page_id=248"},"modified":"2026-04-13T15:05:44","modified_gmt":"2026-04-13T13:05:44","slug":"jobb","status":"publish","type":"page","link":"https:\/\/oddsium.com\/se\/jobb\/","title":{"rendered":"Jobb"},"content":{"rendered":"\n<p>Just nu har vi inga lediga tj\u00e4nster, men vi v\u00e4lkomnar dig att h\u00e5lla utkik efter framtida m\u00f6jligheter hos oss.<\/p>\n","protected":false},"excerpt":{"rendered":"<p>Just nu har vi inga lediga tj\u00e4nster, men vi v\u00e4lkomnar dig att h\u00e5lla utkik efter framtida m\u00f6jligheter hos oss.<\/p>\n","protected":false},"author":3,"featured_media":246,"parent":0,"menu_order":0,"comment_status":"closed","ping_status":"closed","template":"","meta":{"_acf_changed":false,"om_disable_all_campaigns":false,"footnotes":""},"class_list":["post-248","page","type-page","status-publish","has-post-thumbnail","hentry"],"acf":[],"aioseo_notices":[],"_links":{"self":[{"href":"https:\/\/oddsium.com\/se\/wp-json\/wp\/v2\/pages\/248","targetHints":{"allow":["GET"]}}],"collection":[{"href":"https:\/\/oddsium.com\/se\/wp-json\/wp\/v2\/pages"}],"about":[{"href":"https:\/\/oddsium.com\/se\/wp-json\/wp\/v2\/types\/page"}],"author":[{"embeddable":true,"href":"https:\/\/oddsium.com\/se\/wp-json\/wp\/v2\/users\/3"}],"replies":[{"embeddable":true,"href":"https:\/\/oddsium.com\/se\/wp-json\/wp\/v2\/comments?post=248"}],"version-history":[{"count":2,"href":"https:\/\/oddsium.com\/se\/wp-json\/wp\/v2\/pages\/248\/revisions"}],"predecessor-version":[{"id":5530,"href":"https:\/\/oddsium.com\/se\/wp-json\/wp\/v2\/pages\/248\/revisions\/5530"}],"wp:featuredmedia":[{"embeddable":true,"href":"https:\/\/oddsium.com\/se\/wp-json\/wp\/v2\/media\/246"}],"wp:attachment":[{"href":"https:\/\/oddsium.com\/se\/wp-json\/wp\/v2\/media?parent=248"}],"curies":[{"name":"wp","href":"https:\/\/api.w.org\/{rel}","templated":true}]}}