{"id":249,"date":"2025-05-22T08:54:57","date_gmt":"2025-05-22T08:54:57","guid":{"rendered":"https:\/\/oddsium.wpenginepowered.com\/pe\/?page_id=249"},"modified":"2026-04-13T15:05:44","modified_gmt":"2026-04-13T13:05:44","slug":"annonsering","status":"publish","type":"page","link":"https:\/\/oddsium.com\/se\/annonsering\/","title":{"rendered":"Annonsering"},"content":{"rendered":"\n<p>\u00c4r du intresserad av att integrera ditt f\u00f6retag p\u00e5 Oddsium eller annonsera hos oss?<\/p>\n\n\n\n<p>Vi har en bred och engagerad publik, perfekt f\u00f6r varum\u00e4rken som vill n\u00e5 spelare i Sverige. Vi erbjuder skr\u00e4ddarsydda annonsl\u00f6sningar, inklusive listningar, banners och sponsrat inneh\u00e5ll.<\/p>\n\n\n\n<p>Kontakta oss p\u00e5 ads@oddsium.com f\u00f6r att diskutera hur vi kan samarbeta.<\/p>\n","protected":false},"excerpt":{"rendered":"<p>\u00c4r du intresserad av att integrera ditt f\u00f6retag p\u00e5 Oddsium eller annonsera hos oss? Vi har en bred och engagerad publik, perfekt f\u00f6r varum\u00e4rken som vill n\u00e5 spelare i Sverige. Vi erbjuder skr\u00e4ddarsydda annonsl\u00f6sningar, inklusive listningar, banners och sponsrat inneh\u00e5ll. Kontakta oss p\u00e5 ads@oddsium.com f\u00f6r att diskutera hur vi kan samarbeta.<\/p>\n","protected":false},"author":3,"featured_media":246,"parent":0,"menu_order":0,"comment_status":"closed","ping_status":"closed","template":"","meta":{"_acf_changed":false,"om_disable_all_campaigns":false,"footnotes":""},"class_list":["post-249","page","type-page","status-publish","has-post-thumbnail","hentry"],"acf":[],"aioseo_notices":[],"_links":{"self":[{"href":"https:\/\/oddsium.com\/se\/wp-json\/wp\/v2\/pages\/249","targetHints":{"allow":["GET"]}}],"collection":[{"href":"https:\/\/oddsium.com\/se\/wp-json\/wp\/v2\/pages"}],"about":[{"href":"https:\/\/oddsium.com\/se\/wp-json\/wp\/v2\/types\/page"}],"author":[{"embeddable":true,"href":"https:\/\/oddsium.com\/se\/wp-json\/wp\/v2\/users\/3"}],"replies":[{"embeddable":true,"href":"https:\/\/oddsium.com\/se\/wp-json\/wp\/v2\/comments?post=249"}],"version-history":[{"count":2,"href":"https:\/\/oddsium.com\/se\/wp-json\/wp\/v2\/pages\/249\/revisions"}],"predecessor-version":[{"id":5531,"href":"https:\/\/oddsium.com\/se\/wp-json\/wp\/v2\/pages\/249\/revisions\/5531"}],"wp:featuredmedia":[{"embeddable":true,"href":"https:\/\/oddsium.com\/se\/wp-json\/wp\/v2\/media\/246"}],"wp:attachment":[{"href":"https:\/\/oddsium.com\/se\/wp-json\/wp\/v2\/media?parent=249"}],"curies":[{"name":"wp","href":"https:\/\/api.w.org\/{rel}","templated":true}]}}