{"id":250,"date":"2025-05-22T08:56:35","date_gmt":"2025-05-22T08:56:35","guid":{"rendered":"https:\/\/oddsium.wpenginepowered.com\/pe\/?page_id=250"},"modified":"2026-04-13T15:06:40","modified_gmt":"2026-04-13T13:06:40","slug":"integritetspolicy","status":"publish","type":"page","link":"https:\/\/oddsium.com\/se\/integritetspolicy\/","title":{"rendered":"Integritetspolicy"},"content":{"rendered":"\n<p>Ikrafttr\u00e4dandedatum: 25\/04\/2025<\/p>\n\n\n\n<p>Oddsium.com \u00e4r en webbplats som \u00e4gs av Oddsium Ltd, med s\u00e4te p\u00e5 Cypern. Denna integritetspolicy f\u00f6rklarar hur vi samlar in, anv\u00e4nder, lagrar och skyddar din information n\u00e4r du bes\u00f6ker v\u00e5r webbplats.<\/p>\n\n\n\n<div id=\"ez-toc-container\" class=\"ez-toc-v2_0_81 counter-hierarchy ez-toc-counter ez-toc-grey ez-toc-container-direction\">\n<div class=\"ez-toc-title-container\">\n<p class=\"ez-toc-title\" style=\"cursor:inherit\">Table of Contents<\/p>\n<span class=\"ez-toc-title-toggle\"><a href=\"#\" class=\"ez-toc-pull-right ez-toc-btn ez-toc-btn-xs ez-toc-btn-default ez-toc-toggle\" aria-label=\"Toggle Table of Content\"><span class=\"ez-toc-js-icon-con\"><span class=\"\"><span class=\"eztoc-hide\" style=\"display:none;\">Toggle<\/span><span class=\"ez-toc-icon-toggle-span\"><svg style=\"fill: #999;color:#999\" xmlns=\"http:\/\/www.w3.org\/2000\/svg\" class=\"list-377408\" width=\"20px\" height=\"20px\" viewBox=\"0 0 24 24\" fill=\"none\"><path d=\"M6 6H4v2h2V6zm14 0H8v2h12V6zM4 11h2v2H4v-2zm16 0H8v2h12v-2zM4 16h2v2H4v-2zm16 0H8v2h12v-2z\" fill=\"currentColor\"><\/path><\/svg><svg style=\"fill: #999;color:#999\" class=\"arrow-unsorted-368013\" xmlns=\"http:\/\/www.w3.org\/2000\/svg\" width=\"10px\" height=\"10px\" viewBox=\"0 0 24 24\" version=\"1.2\" baseProfile=\"tiny\"><path d=\"M18.2 9.3l-6.2-6.3-6.2 6.3c-.2.2-.3.4-.3.7s.1.5.3.7c.2.2.4.3.7.3h11c.3 0 .5-.1.7-.3.2-.2.3-.5.3-.7s-.1-.5-.3-.7zM5.8 14.7l6.2 6.3 6.2-6.3c.2-.2.3-.5.3-.7s-.1-.5-.3-.7c-.2-.2-.4-.3-.7-.3h-11c-.3 0-.5.1-.7.3-.2.2-.3.5-.3.7s.1.5.3.7z\"\/><\/svg><\/span><\/span><\/span><\/a><\/span><\/div>\n<nav><ul class='ez-toc-list ez-toc-list-level-1 ' ><li class='ez-toc-page-1 ez-toc-heading-level-2'><a class=\"ez-toc-link ez-toc-heading-1\" href=\"https:\/\/oddsium.com\/se\/integritetspolicy\/#1-information-vi-samlar-in\" >1. Information vi samlar in<\/a><\/li><li class='ez-toc-page-1 ez-toc-heading-level-2'><a class=\"ez-toc-link ez-toc-heading-2\" href=\"https:\/\/oddsium.com\/se\/integritetspolicy\/#2-hur-vi-anvander-din-information\" >2. Hur vi anv\u00e4nder din information<\/a><\/li><li class='ez-toc-page-1 ez-toc-heading-level-2'><a class=\"ez-toc-link ez-toc-heading-3\" href=\"https:\/\/oddsium.com\/se\/integritetspolicy\/#3-cookies-och-sparningstekniker\" >3. Cookies och sp\u00e5rningstekniker<\/a><\/li><li class='ez-toc-page-1 ez-toc-heading-level-2'><a class=\"ez-toc-link ez-toc-heading-4\" href=\"https:\/\/oddsium.com\/se\/integritetspolicy\/#4-analys-och-datadelning\" >4. Analys och datadelning<\/a><\/li><li class='ez-toc-page-1 ez-toc-heading-level-2'><a class=\"ez-toc-link ez-toc-heading-5\" href=\"https:\/\/oddsium.com\/se\/integritetspolicy\/#5-sparning-av-affiliatelankar\" >5. Sp\u00e5rning av affiliatel\u00e4nkar<\/a><\/li><li class='ez-toc-page-1 ez-toc-heading-level-2'><a class=\"ez-toc-link ez-toc-heading-6\" href=\"https:\/\/oddsium.com\/se\/integritetspolicy\/#6-e-postkommunikation\" >6. E-postkommunikation<\/a><\/li><li class='ez-toc-page-1 ez-toc-heading-level-2'><a class=\"ez-toc-link ez-toc-heading-7\" href=\"https:\/\/oddsium.com\/se\/integritetspolicy\/#7-dataplats-och-lagring\" >7. Dataplats och lagring<\/a><\/li><li class='ez-toc-page-1 ez-toc-heading-level-2'><a class=\"ez-toc-link ez-toc-heading-8\" href=\"https:\/\/oddsium.com\/se\/integritetspolicy\/#8-dina-rattigheter\" >8. Dina r\u00e4ttigheter<\/a><\/li><li class='ez-toc-page-1 ez-toc-heading-level-2'><a class=\"ez-toc-link ez-toc-heading-9\" href=\"https:\/\/oddsium.com\/se\/integritetspolicy\/#9-sakerhet\" >9. S\u00e4kerhet<\/a><\/li><li class='ez-toc-page-1 ez-toc-heading-level-2'><a class=\"ez-toc-link ez-toc-heading-10\" href=\"https:\/\/oddsium.com\/se\/integritetspolicy\/#10-skydd-av-minderariga\" >10. Skydd av minder\u00e5riga<\/a><\/li><li class='ez-toc-page-1 ez-toc-heading-level-2'><a class=\"ez-toc-link ez-toc-heading-11\" href=\"https:\/\/oddsium.com\/se\/integritetspolicy\/#11-andringar-i-integritetspolicyn\" >11. \u00c4ndringar i integritetspolicyn<\/a><\/li><li class='ez-toc-page-1 ez-toc-heading-level-2'><a class=\"ez-toc-link ez-toc-heading-12\" href=\"https:\/\/oddsium.com\/se\/integritetspolicy\/#12-kontakta-oss\" >12. Kontakta oss<\/a><\/li><\/ul><\/nav><\/div>\n<h2 class=\"wp-block-heading\"><span class=\"ez-toc-section\" id=\"1-information-vi-samlar-in\"><\/span>1. Information vi samlar in<span class=\"ez-toc-section-end\"><\/span><\/h2>\n\n\n\n<p>Vi kan samla in f\u00f6ljande typer av information:<\/p>\n\n\n\n<p><strong>Personuppgifter du l\u00e4mnar frivilligt:<\/strong> namn, e-postadress och eventuella preferenser du anger vid registrering p\u00e5 v\u00e5r plattform.<\/p>\n\n\n\n<p><strong>Information som samlas in automatiskt:<\/strong> IP-adress, webbl\u00e4sartyp, operativsystem, bes\u00f6kta sidor, tid p\u00e5 webbplatsen och andra analysdata via cookies och liknande tekniker.<\/p>\n\n\n\n<h2 class=\"wp-block-heading\"><span class=\"ez-toc-section\" id=\"2-hur-vi-anvander-din-information\"><\/span>2. Hur vi anv\u00e4nder din information<span class=\"ez-toc-section-end\"><\/span><\/h2>\n\n\n\n<p>Vi anv\u00e4nder den insamlade informationen f\u00f6r att: tillhandah\u00e5lla och f\u00f6rb\u00e4ttra v\u00e5ra tj\u00e4nster, anpassa inneh\u00e5ll och rekommendationer, skicka nyhetsbrev och kampanjerbjudanden (med ditt samtycke), analysera webbtrafik och anv\u00e4ndarbeteende, samt s\u00e4kerst\u00e4lla webbplatsens s\u00e4kerhet.<\/p>\n\n\n\n<h2 class=\"wp-block-heading\"><span class=\"ez-toc-section\" id=\"3-cookies-och-sparningstekniker\"><\/span>3. Cookies och sp\u00e5rningstekniker<span class=\"ez-toc-section-end\"><\/span><\/h2>\n\n\n\n<p>Vi anv\u00e4nder cookies och liknande tekniker f\u00f6r att f\u00f6rb\u00e4ttra din upplevelse. Mer information finns i v\u00e5r <a href=\"\/se\/cookiepolicy\/\">cookiepolicy<\/a>.<\/p>\n\n\n\n<h2 class=\"wp-block-heading\"><span class=\"ez-toc-section\" id=\"4-analys-och-datadelning\"><\/span>4. Analys och datadelning<span class=\"ez-toc-section-end\"><\/span><\/h2>\n\n\n\n<p>Vi anv\u00e4nder tredjepartstj\u00e4nster som Google Analytics och Ahrefs Web Analytics f\u00f6r att analysera trafik. Dessa tj\u00e4nster kan samla in anonymiserad data om dina bes\u00f6k. Vi s\u00e4ljer aldrig din personliga information till tredje part.<\/p>\n\n\n\n<h2 class=\"wp-block-heading\"><span class=\"ez-toc-section\" id=\"5-sparning-av-affiliatelankar\"><\/span>5. Sp\u00e5rning av affiliatel\u00e4nkar<span class=\"ez-toc-section-end\"><\/span><\/h2>\n\n\n\n<p>V\u00e5r webbplats inneh\u00e5ller affiliatel\u00e4nkar till bettingsidor. N\u00e4r du klickar p\u00e5 dessa l\u00e4nkar kan tredjepartsleverant\u00f6rer anv\u00e4nda cookies f\u00f6r att sp\u00e5ra din aktivitet i syfte att tillskriva provisioner. Denna sp\u00e5rning regleras av respektive tredje parts egna integritetspolicyer.<\/p>\n\n\n\n<h2 class=\"wp-block-heading\"><span class=\"ez-toc-section\" id=\"6-e-postkommunikation\"><\/span>6. E-postkommunikation<span class=\"ez-toc-section-end\"><\/span><\/h2>\n\n\n\n<p>Om du registrerar dig f\u00f6r v\u00e5rt nyhetsbrev kan vi skicka e-post med kampanjer, speltips och nyheter. Du kan n\u00e4r som helst avregistrera dig via l\u00e4nken i varje e-postmeddelande.<\/p>\n\n\n\n<h2 class=\"wp-block-heading\"><span class=\"ez-toc-section\" id=\"7-dataplats-och-lagring\"><\/span>7. Dataplats och lagring<span class=\"ez-toc-section-end\"><\/span><\/h2>\n\n\n\n<p>V\u00e5r webbplats drivs p\u00e5 servrar i USA och Europa. Genom att anv\u00e4nda v\u00e5r webbplats samtycker du till \u00f6verf\u00f6ring och behandling av dina uppgifter i dessa regioner.<\/p>\n\n\n\n<h2 class=\"wp-block-heading\"><span class=\"ez-toc-section\" id=\"8-dina-rattigheter\"><\/span>8. Dina r\u00e4ttigheter<span class=\"ez-toc-section-end\"><\/span><\/h2>\n\n\n\n<p>Beroende p\u00e5 din jurisdiktion kan du ha r\u00e4tt att: beg\u00e4ra tillg\u00e5ng till dina personuppgifter, beg\u00e4ra r\u00e4ttelse eller radering av dina uppgifter, inv\u00e4nda mot eller begr\u00e4nsa behandlingen av dina uppgifter, samt \u00e5terkalla ditt samtycke. Kontakta oss p\u00e5 info@oddsium.com f\u00f6r att ut\u00f6va dina r\u00e4ttigheter.<\/p>\n\n\n\n<h2 class=\"wp-block-heading\"><span class=\"ez-toc-section\" id=\"9-sakerhet\"><\/span>9. S\u00e4kerhet<span class=\"ez-toc-section-end\"><\/span><\/h2>\n\n\n\n<p>Vi vidtar rimliga \u00e5tg\u00e4rder f\u00f6r att skydda din information, men ingen metod f\u00f6r \u00f6verf\u00f6ring via internet \u00e4r helt s\u00e4ker. Vi kan inte garantera absolut s\u00e4kerhet.<\/p>\n\n\n\n<h2 class=\"wp-block-heading\"><span class=\"ez-toc-section\" id=\"10-skydd-av-minderariga\"><\/span>10. Skydd av minder\u00e5riga<span class=\"ez-toc-section-end\"><\/span><\/h2>\n\n\n\n<p>V\u00e5r webbplats riktar sig inte till personer under 18 \u00e5r. Vi samlar inte medvetet in information fr\u00e5n minder\u00e5riga.<\/p>\n\n\n\n<h2 class=\"wp-block-heading\"><span class=\"ez-toc-section\" id=\"11-andringar-i-integritetspolicyn\"><\/span>11. \u00c4ndringar i integritetspolicyn<span class=\"ez-toc-section-end\"><\/span><\/h2>\n\n\n\n<p>Vi kan uppdatera denna policy fr\u00e5n tid till annan. Alla \u00e4ndringar publiceras p\u00e5 denna sida med uppdaterat datum.<\/p>\n\n\n\n<h2 class=\"wp-block-heading\"><span class=\"ez-toc-section\" id=\"12-kontakta-oss\"><\/span>12. Kontakta oss<span class=\"ez-toc-section-end\"><\/span><\/h2>\n\n\n\n<p>Om du har fr\u00e5gor om denna integritetspolicy, kontakta oss p\u00e5 info@oddsium.com.<\/p>\n","protected":false},"excerpt":{"rendered":"<p>Ikrafttr\u00e4dandedatum: 25\/04\/2025 Oddsium.com \u00e4r en webbplats som \u00e4gs av Oddsium Ltd, med s\u00e4te p\u00e5 Cypern. Denna integritetspolicy f\u00f6rklarar hur vi samlar in, anv\u00e4nder, lagrar och skyddar din information n\u00e4r du bes\u00f6ker v\u00e5r webbplats. 1. Information vi samlar in Vi kan samla in f\u00f6ljande typer av information: Personuppgifter du l\u00e4mnar frivilligt: namn, e-postadress och eventuella preferenser [&hellip;]<\/p>\n","protected":false},"author":3,"featured_media":246,"parent":0,"menu_order":0,"comment_status":"closed","ping_status":"closed","template":"","meta":{"_acf_changed":false,"om_disable_all_campaigns":false,"footnotes":""},"class_list":["post-250","page","type-page","status-publish","has-post-thumbnail","hentry"],"acf":[],"aioseo_notices":[],"_links":{"self":[{"href":"https:\/\/oddsium.com\/se\/wp-json\/wp\/v2\/pages\/250","targetHints":{"allow":["GET"]}}],"collection":[{"href":"https:\/\/oddsium.com\/se\/wp-json\/wp\/v2\/pages"}],"about":[{"href":"https:\/\/oddsium.com\/se\/wp-json\/wp\/v2\/types\/page"}],"author":[{"embeddable":true,"href":"https:\/\/oddsium.com\/se\/wp-json\/wp\/v2\/users\/3"}],"replies":[{"embeddable":true,"href":"https:\/\/oddsium.com\/se\/wp-json\/wp\/v2\/comments?post=250"}],"version-history":[{"count":2,"href":"https:\/\/oddsium.com\/se\/wp-json\/wp\/v2\/pages\/250\/revisions"}],"predecessor-version":[{"id":5532,"href":"https:\/\/oddsium.com\/se\/wp-json\/wp\/v2\/pages\/250\/revisions\/5532"}],"wp:featuredmedia":[{"embeddable":true,"href":"https:\/\/oddsium.com\/se\/wp-json\/wp\/v2\/media\/246"}],"wp:attachment":[{"href":"https:\/\/oddsium.com\/se\/wp-json\/wp\/v2\/media?parent=250"}],"curies":[{"name":"wp","href":"https:\/\/api.w.org\/{rel}","templated":true}]}}