{"id":251,"date":"2025-05-22T08:59:42","date_gmt":"2025-05-22T08:59:42","guid":{"rendered":"https:\/\/oddsium.wpenginepowered.com\/pe\/?page_id=251"},"modified":"2026-04-13T15:06:57","modified_gmt":"2026-04-13T13:06:57","slug":"cookiepolicy","status":"publish","type":"page","link":"https:\/\/oddsium.com\/se\/cookiepolicy\/","title":{"rendered":"Cookiepolicy"},"content":{"rendered":"\n<p>Senast uppdaterad: 8\/4-2026<\/p>\n\n\n\n<p>Denna cookiepolicy g\u00e4ller f\u00f6r webbplatsen oddsium.com\/se\/, som drivs av Oddsium Ltd (&#8221;Oddsium&#8221;, &#8221;vi&#8221;). Genom att anv\u00e4nda v\u00e5r webbplats samtycker du till anv\u00e4ndningen av cookies enligt denna policy.<\/p>\n\n\n\n<div id=\"ez-toc-container\" class=\"ez-toc-v2_0_81 counter-hierarchy ez-toc-counter ez-toc-grey ez-toc-container-direction\">\n<div class=\"ez-toc-title-container\">\n<p class=\"ez-toc-title\" style=\"cursor:inherit\">Table of Contents<\/p>\n<span class=\"ez-toc-title-toggle\"><a href=\"#\" class=\"ez-toc-pull-right ez-toc-btn ez-toc-btn-xs ez-toc-btn-default ez-toc-toggle\" aria-label=\"Toggle Table of Content\"><span class=\"ez-toc-js-icon-con\"><span class=\"\"><span class=\"eztoc-hide\" style=\"display:none;\">Toggle<\/span><span class=\"ez-toc-icon-toggle-span\"><svg style=\"fill: #999;color:#999\" xmlns=\"http:\/\/www.w3.org\/2000\/svg\" class=\"list-377408\" width=\"20px\" height=\"20px\" viewBox=\"0 0 24 24\" fill=\"none\"><path d=\"M6 6H4v2h2V6zm14 0H8v2h12V6zM4 11h2v2H4v-2zm16 0H8v2h12v-2zM4 16h2v2H4v-2zm16 0H8v2h12v-2z\" fill=\"currentColor\"><\/path><\/svg><svg style=\"fill: #999;color:#999\" class=\"arrow-unsorted-368013\" xmlns=\"http:\/\/www.w3.org\/2000\/svg\" width=\"10px\" height=\"10px\" viewBox=\"0 0 24 24\" version=\"1.2\" baseProfile=\"tiny\"><path d=\"M18.2 9.3l-6.2-6.3-6.2 6.3c-.2.2-.3.4-.3.7s.1.5.3.7c.2.2.4.3.7.3h11c.3 0 .5-.1.7-.3.2-.2.3-.5.3-.7s-.1-.5-.3-.7zM5.8 14.7l6.2 6.3 6.2-6.3c.2-.2.3-.5.3-.7s-.1-.5-.3-.7c-.2-.2-.4-.3-.7-.3h-11c-.3 0-.5.1-.7.3-.2.2-.3.5-.3.7s.1.5.3.7z\"\/><\/svg><\/span><\/span><\/span><\/a><\/span><\/div>\n<nav><ul class='ez-toc-list ez-toc-list-level-1 ' ><li class='ez-toc-page-1 ez-toc-heading-level-2'><a class=\"ez-toc-link ez-toc-heading-1\" href=\"https:\/\/oddsium.com\/se\/cookiepolicy\/#1-vad-ar-cookies\" >1. Vad \u00e4r cookies?<\/a><\/li><li class='ez-toc-page-1 ez-toc-heading-level-2'><a class=\"ez-toc-link ez-toc-heading-2\" href=\"https:\/\/oddsium.com\/se\/cookiepolicy\/#2-typer-av-cookies-vi-anvander\" >2. Typer av cookies vi anv\u00e4nder<\/a><\/li><li class='ez-toc-page-1 ez-toc-heading-level-2'><a class=\"ez-toc-link ez-toc-heading-3\" href=\"https:\/\/oddsium.com\/se\/cookiepolicy\/#3-hantera-cookies\" >3. Hantera cookies<\/a><\/li><li class='ez-toc-page-1 ez-toc-heading-level-2'><a class=\"ez-toc-link ez-toc-heading-4\" href=\"https:\/\/oddsium.com\/se\/cookiepolicy\/#4-tredjepartscookies\" >4. Tredjepartscookies<\/a><\/li><li class='ez-toc-page-1 ez-toc-heading-level-2'><a class=\"ez-toc-link ez-toc-heading-5\" href=\"https:\/\/oddsium.com\/se\/cookiepolicy\/#5-andringar-i-denna-policy\" >5. \u00c4ndringar i denna policy<\/a><\/li><li class='ez-toc-page-1 ez-toc-heading-level-2'><a class=\"ez-toc-link ez-toc-heading-6\" href=\"https:\/\/oddsium.com\/se\/cookiepolicy\/#6-kontakt\" >6. Kontakt<\/a><\/li><\/ul><\/nav><\/div>\n<h2 class=\"wp-block-heading\"><span class=\"ez-toc-section\" id=\"1-vad-ar-cookies\"><\/span>1. Vad \u00e4r cookies?<span class=\"ez-toc-section-end\"><\/span><\/h2>\n\n\n\n<p>Cookies \u00e4r sm\u00e5 textfiler som lagras p\u00e5 din enhet n\u00e4r du bes\u00f6ker en webbplats. De hj\u00e4lper webbplatsen att komma ih\u00e5g dina inst\u00e4llningar och f\u00f6rb\u00e4ttra din upplevelse.<\/p>\n\n\n\n<h2 class=\"wp-block-heading\"><span class=\"ez-toc-section\" id=\"2-typer-av-cookies-vi-anvander\"><\/span>2. Typer av cookies vi anv\u00e4nder<span class=\"ez-toc-section-end\"><\/span><\/h2>\n\n\n\n<p><strong>N\u00f6dv\u00e4ndiga cookies:<\/strong> Dessa kr\u00e4vs f\u00f6r att webbplatsen ska fungera korrekt och kan inte inaktiveras.<\/p>\n\n\n\n<p><strong>Analyscookies:<\/strong> Vi anv\u00e4nder verktyg som Google Analytics och Ahrefs Web Analytics f\u00f6r att f\u00f6rst\u00e5 hur bes\u00f6kare anv\u00e4nder v\u00e5r webbplats. Dessa cookies samlar in anonymiserad information.<\/p>\n\n\n\n<p><strong>Funktionscookies:<\/strong> Dessa cookies g\u00f6r det m\u00f6jligt att komma ih\u00e5g dina val, som spr\u00e5k och visningspreferenser.<\/p>\n\n\n\n<p><strong>Marknadsf\u00f6rings- och affiliatecookies:<\/strong> V\u00e5ra affiliatepartners kan placera cookies f\u00f6r att sp\u00e5ra klick och konverteringar. Dessa hj\u00e4lper oss att finansiera v\u00e5r gratistj\u00e4nst.<\/p>\n\n\n\n<h2 class=\"wp-block-heading\"><span class=\"ez-toc-section\" id=\"3-hantera-cookies\"><\/span>3. Hantera cookies<span class=\"ez-toc-section-end\"><\/span><\/h2>\n\n\n\n<p>Du kan hantera eller radera cookies via din webbl\u00e4sares inst\u00e4llningar. Observera att blockering av cookies kan p\u00e5verka webbplatsens funktionalitet.<\/p>\n\n\n\n<h2 class=\"wp-block-heading\"><span class=\"ez-toc-section\" id=\"4-tredjepartscookies\"><\/span>4. Tredjepartscookies<span class=\"ez-toc-section-end\"><\/span><\/h2>\n\n\n\n<p>Vissa cookies placeras av tredjepartstj\u00e4nster som visas p\u00e5 v\u00e5ra sidor. Vi har ingen kontroll \u00f6ver dessa cookies och h\u00e4nvisar till respektive tredje parts cookiepolicyer.<\/p>\n\n\n\n<h2 class=\"wp-block-heading\"><span class=\"ez-toc-section\" id=\"5-andringar-i-denna-policy\"><\/span>5. \u00c4ndringar i denna policy<span class=\"ez-toc-section-end\"><\/span><\/h2>\n\n\n\n<p>Vi kan uppdatera denna cookiepolicy fr\u00e5n tid till annan. \u00c4ndringar publiceras p\u00e5 denna sida.<\/p>\n\n\n\n<h2 class=\"wp-block-heading\"><span class=\"ez-toc-section\" id=\"6-kontakt\"><\/span>6. Kontakt<span class=\"ez-toc-section-end\"><\/span><\/h2>\n\n\n\n<p>Har du fr\u00e5gor om v\u00e5r anv\u00e4ndning av cookies? Kontakta oss p\u00e5 info@oddsium.com.<\/p>\n","protected":false},"excerpt":{"rendered":"<p>Senast uppdaterad: 8\/4-2026 Denna cookiepolicy g\u00e4ller f\u00f6r webbplatsen oddsium.com\/se\/, som drivs av Oddsium Ltd (&#8221;Oddsium&#8221;, &#8221;vi&#8221;). Genom att anv\u00e4nda v\u00e5r webbplats samtycker du till anv\u00e4ndningen av cookies enligt denna policy. 1. Vad \u00e4r cookies? Cookies \u00e4r sm\u00e5 textfiler som lagras p\u00e5 din enhet n\u00e4r du bes\u00f6ker en webbplats. De hj\u00e4lper webbplatsen att komma ih\u00e5g dina [&hellip;]<\/p>\n","protected":false},"author":3,"featured_media":246,"parent":0,"menu_order":0,"comment_status":"closed","ping_status":"closed","template":"","meta":{"_acf_changed":false,"om_disable_all_campaigns":false,"footnotes":""},"class_list":["post-251","page","type-page","status-publish","has-post-thumbnail","hentry"],"acf":[],"aioseo_notices":[],"_links":{"self":[{"href":"https:\/\/oddsium.com\/se\/wp-json\/wp\/v2\/pages\/251","targetHints":{"allow":["GET"]}}],"collection":[{"href":"https:\/\/oddsium.com\/se\/wp-json\/wp\/v2\/pages"}],"about":[{"href":"https:\/\/oddsium.com\/se\/wp-json\/wp\/v2\/types\/page"}],"author":[{"embeddable":true,"href":"https:\/\/oddsium.com\/se\/wp-json\/wp\/v2\/users\/3"}],"replies":[{"embeddable":true,"href":"https:\/\/oddsium.com\/se\/wp-json\/wp\/v2\/comments?post=251"}],"version-history":[{"count":3,"href":"https:\/\/oddsium.com\/se\/wp-json\/wp\/v2\/pages\/251\/revisions"}],"predecessor-version":[{"id":5533,"href":"https:\/\/oddsium.com\/se\/wp-json\/wp\/v2\/pages\/251\/revisions\/5533"}],"wp:featuredmedia":[{"embeddable":true,"href":"https:\/\/oddsium.com\/se\/wp-json\/wp\/v2\/media\/246"}],"wp:attachment":[{"href":"https:\/\/oddsium.com\/se\/wp-json\/wp\/v2\/media?parent=251"}],"curies":[{"name":"wp","href":"https:\/\/api.w.org\/{rel}","templated":true}]}}