{"id":4710,"date":"2026-04-08T07:33:25","date_gmt":"2026-04-08T12:33:25","guid":{"rendered":"https:\/\/oddsium.com\/se\/?page_id=4710"},"modified":"2026-04-13T15:07:42","modified_gmt":"2026-04-13T13:07:42","slug":"dataskydd","status":"publish","type":"page","link":"https:\/\/oddsium.com\/se\/dataskydd\/","title":{"rendered":"Dataskydd"},"content":{"rendered":"\n<p>Senast uppdaterad: 8\/4-2026<\/p>\n\n\n\n<p>Denna dataskyddspolicy beskriver hur Oddsium Ltd (&#8221;Oddsium&#8221;, &#8221;vi&#8221;) samlar in, behandlar och skyddar personuppgifter i enlighet med GDPR och till\u00e4mplig dataskyddslagstiftning.<\/p>\n\n\n\n<div id=\"ez-toc-container\" class=\"ez-toc-v2_0_81 counter-hierarchy ez-toc-counter ez-toc-grey ez-toc-container-direction\">\n<div class=\"ez-toc-title-container\">\n<p class=\"ez-toc-title\" style=\"cursor:inherit\">Table of Contents<\/p>\n<span class=\"ez-toc-title-toggle\"><a href=\"#\" class=\"ez-toc-pull-right ez-toc-btn ez-toc-btn-xs ez-toc-btn-default ez-toc-toggle\" aria-label=\"Toggle Table of Content\"><span class=\"ez-toc-js-icon-con\"><span class=\"\"><span class=\"eztoc-hide\" style=\"display:none;\">Toggle<\/span><span class=\"ez-toc-icon-toggle-span\"><svg style=\"fill: #999;color:#999\" xmlns=\"http:\/\/www.w3.org\/2000\/svg\" class=\"list-377408\" width=\"20px\" height=\"20px\" viewBox=\"0 0 24 24\" fill=\"none\"><path d=\"M6 6H4v2h2V6zm14 0H8v2h12V6zM4 11h2v2H4v-2zm16 0H8v2h12v-2zM4 16h2v2H4v-2zm16 0H8v2h12v-2z\" fill=\"currentColor\"><\/path><\/svg><svg style=\"fill: #999;color:#999\" class=\"arrow-unsorted-368013\" xmlns=\"http:\/\/www.w3.org\/2000\/svg\" width=\"10px\" height=\"10px\" viewBox=\"0 0 24 24\" version=\"1.2\" baseProfile=\"tiny\"><path d=\"M18.2 9.3l-6.2-6.3-6.2 6.3c-.2.2-.3.4-.3.7s.1.5.3.7c.2.2.4.3.7.3h11c.3 0 .5-.1.7-.3.2-.2.3-.5.3-.7s-.1-.5-.3-.7zM5.8 14.7l6.2 6.3 6.2-6.3c.2-.2.3-.5.3-.7s-.1-.5-.3-.7c-.2-.2-.4-.3-.7-.3h-11c-.3 0-.5.1-.7.3-.2.2-.3.5-.3.7s.1.5.3.7z\"\/><\/svg><\/span><\/span><\/span><\/a><\/span><\/div>\n<nav><ul class='ez-toc-list ez-toc-list-level-1 ' ><li class='ez-toc-page-1 ez-toc-heading-level-2'><a class=\"ez-toc-link ez-toc-heading-1\" href=\"https:\/\/oddsium.com\/se\/dataskydd\/#1-personuppgiftsansvarig\" >1. Personuppgiftsansvarig<\/a><\/li><li class='ez-toc-page-1 ez-toc-heading-level-2'><a class=\"ez-toc-link ez-toc-heading-2\" href=\"https:\/\/oddsium.com\/se\/dataskydd\/#2-vilka-uppgifter-vi-samlar-in\" >2. Vilka uppgifter vi samlar in<\/a><\/li><li class='ez-toc-page-1 ez-toc-heading-level-2'><a class=\"ez-toc-link ez-toc-heading-3\" href=\"https:\/\/oddsium.com\/se\/dataskydd\/#3-rattslig-grund-for-behandling\" >3. R\u00e4ttslig grund f\u00f6r behandling<\/a><\/li><li class='ez-toc-page-1 ez-toc-heading-level-2'><a class=\"ez-toc-link ez-toc-heading-4\" href=\"https:\/\/oddsium.com\/se\/dataskydd\/#4-dataoverforing\" >4. Data\u00f6verf\u00f6ring<\/a><\/li><li class='ez-toc-page-1 ez-toc-heading-level-2'><a class=\"ez-toc-link ez-toc-heading-5\" href=\"https:\/\/oddsium.com\/se\/dataskydd\/#5-lagringstid\" >5. Lagringstid<\/a><\/li><li class='ez-toc-page-1 ez-toc-heading-level-2'><a class=\"ez-toc-link ez-toc-heading-6\" href=\"https:\/\/oddsium.com\/se\/dataskydd\/#6-dina-rattigheter-enligt-gdpr\" >6. Dina r\u00e4ttigheter enligt GDPR<\/a><\/li><li class='ez-toc-page-1 ez-toc-heading-level-2'><a class=\"ez-toc-link ez-toc-heading-7\" href=\"https:\/\/oddsium.com\/se\/dataskydd\/#7-klagomal\" >7. Klagom\u00e5l<\/a><\/li><li class='ez-toc-page-1 ez-toc-heading-level-2'><a class=\"ez-toc-link ez-toc-heading-8\" href=\"https:\/\/oddsium.com\/se\/dataskydd\/#8-kontakt\" >8. Kontakt<\/a><\/li><\/ul><\/nav><\/div>\n<h2 class=\"wp-block-heading\"><span class=\"ez-toc-section\" id=\"1-personuppgiftsansvarig\"><\/span>1. Personuppgiftsansvarig<span class=\"ez-toc-section-end\"><\/span><\/h2>\n\n\n\n<p>Oddsium Ltd, Makariou III, 34 Hadjiyianni Building, 3065 Limassol, Cypern. Kontakt: info@oddsium.com.<\/p>\n\n\n\n<h2 class=\"wp-block-heading\"><span class=\"ez-toc-section\" id=\"2-vilka-uppgifter-vi-samlar-in\"><\/span>2. Vilka uppgifter vi samlar in<span class=\"ez-toc-section-end\"><\/span><\/h2>\n\n\n\n<p>Vi samlar in uppgifter som du frivilligt l\u00e4mnar (e-postadress, namn, preferenser) samt automatiskt insamlad data (IP-adress, webbl\u00e4sarinformation, bes\u00f6ksstatistik via cookies).<\/p>\n\n\n\n<h2 class=\"wp-block-heading\"><span class=\"ez-toc-section\" id=\"3-rattslig-grund-for-behandling\"><\/span>3. R\u00e4ttslig grund f\u00f6r behandling<span class=\"ez-toc-section-end\"><\/span><\/h2>\n\n\n\n<p>Vi behandlar dina uppgifter baserat p\u00e5: ditt samtycke (t.ex. nyhetsbrev), ber\u00e4ttigat intresse (t.ex. webbplatsanalys och f\u00f6rb\u00e4ttring), samt fullg\u00f6rande av avtal (t.ex. tillhandah\u00e5llande av v\u00e5ra tj\u00e4nster).<\/p>\n\n\n\n<h2 class=\"wp-block-heading\"><span class=\"ez-toc-section\" id=\"4-dataoverforing\"><\/span>4. Data\u00f6verf\u00f6ring<span class=\"ez-toc-section-end\"><\/span><\/h2>\n\n\n\n<p>Dina uppgifter kan \u00f6verf\u00f6ras till servrar utanf\u00f6r EES. I s\u00e5dana fall s\u00e4kerst\u00e4ller vi l\u00e4mpliga skydds\u00e5tg\u00e4rder enligt GDPR.<\/p>\n\n\n\n<h2 class=\"wp-block-heading\"><span class=\"ez-toc-section\" id=\"5-lagringstid\"><\/span>5. Lagringstid<span class=\"ez-toc-section-end\"><\/span><\/h2>\n\n\n\n<p>Vi lagrar dina uppgifter s\u00e5 l\u00e4nge det \u00e4r n\u00f6dv\u00e4ndigt f\u00f6r att uppfylla de \u00e4ndam\u00e5l de samlades in f\u00f6r, eller s\u00e5 l\u00e4nge lagen kr\u00e4ver.<\/p>\n\n\n\n<h2 class=\"wp-block-heading\"><span class=\"ez-toc-section\" id=\"6-dina-rattigheter-enligt-gdpr\"><\/span>6. Dina r\u00e4ttigheter enligt GDPR<span class=\"ez-toc-section-end\"><\/span><\/h2>\n\n\n\n<p>Du har r\u00e4tt att: beg\u00e4ra tillg\u00e5ng till dina personuppgifter, beg\u00e4ra r\u00e4ttelse av felaktiga uppgifter, beg\u00e4ra radering (&#8221;r\u00e4tten att bli gl\u00f6md&#8221;), beg\u00e4ra begr\u00e4nsning av behandling, inv\u00e4nda mot behandling, samt beg\u00e4ra dataportabilitet. Kontakta oss p\u00e5 info@oddsium.com f\u00f6r att ut\u00f6va dina r\u00e4ttigheter.<\/p>\n\n\n\n<h2 class=\"wp-block-heading\"><span class=\"ez-toc-section\" id=\"7-klagomal\"><\/span>7. Klagom\u00e5l<span class=\"ez-toc-section-end\"><\/span><\/h2>\n\n\n\n<p>Du har r\u00e4tt att l\u00e4mna in ett klagom\u00e5l till din nationella dataskyddsmyndighet om du anser att vi behandlar dina uppgifter i strid med GDPR.<\/p>\n\n\n\n<h2 class=\"wp-block-heading\"><span class=\"ez-toc-section\" id=\"8-kontakt\"><\/span>8. Kontakt<span class=\"ez-toc-section-end\"><\/span><\/h2>\n\n\n\n<p>Har du fr\u00e5gor om dataskydd? Kontakta oss p\u00e5 info@oddsium.com.<\/p>\n","protected":false},"excerpt":{"rendered":"<p>Senast uppdaterad: 8\/4-2026 Denna dataskyddspolicy beskriver hur Oddsium Ltd (&#8221;Oddsium&#8221;, &#8221;vi&#8221;) samlar in, behandlar och skyddar personuppgifter i enlighet med GDPR och till\u00e4mplig dataskyddslagstiftning. 1. Personuppgiftsansvarig Oddsium Ltd, Makariou III, 34 Hadjiyianni Building, 3065 Limassol, Cypern. Kontakt: info@oddsium.com. 2. Vilka uppgifter vi samlar in Vi samlar in uppgifter som du frivilligt l\u00e4mnar (e-postadress, namn, preferenser) [&hellip;]<\/p>\n","protected":false},"author":2,"featured_media":246,"parent":0,"menu_order":0,"comment_status":"closed","ping_status":"closed","template":"","meta":{"_acf_changed":false,"om_disable_all_campaigns":false,"footnotes":""},"class_list":["post-4710","page","type-page","status-publish","has-post-thumbnail","hentry"],"acf":[],"aioseo_notices":[],"_links":{"self":[{"href":"https:\/\/oddsium.com\/se\/wp-json\/wp\/v2\/pages\/4710","targetHints":{"allow":["GET"]}}],"collection":[{"href":"https:\/\/oddsium.com\/se\/wp-json\/wp\/v2\/pages"}],"about":[{"href":"https:\/\/oddsium.com\/se\/wp-json\/wp\/v2\/types\/page"}],"author":[{"embeddable":true,"href":"https:\/\/oddsium.com\/se\/wp-json\/wp\/v2\/users\/2"}],"replies":[{"embeddable":true,"href":"https:\/\/oddsium.com\/se\/wp-json\/wp\/v2\/comments?post=4710"}],"version-history":[{"count":3,"href":"https:\/\/oddsium.com\/se\/wp-json\/wp\/v2\/pages\/4710\/revisions"}],"predecessor-version":[{"id":5535,"href":"https:\/\/oddsium.com\/se\/wp-json\/wp\/v2\/pages\/4710\/revisions\/5535"}],"wp:featuredmedia":[{"embeddable":true,"href":"https:\/\/oddsium.com\/se\/wp-json\/wp\/v2\/media\/246"}],"wp:attachment":[{"href":"https:\/\/oddsium.com\/se\/wp-json\/wp\/v2\/media?parent=4710"}],"curies":[{"name":"wp","href":"https:\/\/api.w.org\/{rel}","templated":true}]}}