{"id":5270,"date":"2026-04-13T11:55:53","date_gmt":"2026-04-13T09:55:53","guid":{"rendered":"https:\/\/oddsium.com\/se\/?page_id=5270"},"modified":"2026-04-17T13:48:01","modified_gmt":"2026-04-17T11:48:01","slug":"bettingsidor-med-bankid","status":"publish","type":"page","link":"https:\/\/oddsium.com\/se\/bettingsidor-med-bankid\/","title":{"rendered":"Bettingsidor med BankID 2026"},"content":{"rendered":"\n<div id=\"ez-toc-container\" class=\"ez-toc-v2_0_81 counter-hierarchy ez-toc-counter ez-toc-grey ez-toc-container-direction\">\n<div class=\"ez-toc-title-container\">\n<p class=\"ez-toc-title\" style=\"cursor:inherit\">Table of Contents<\/p>\n<span class=\"ez-toc-title-toggle\"><a href=\"#\" class=\"ez-toc-pull-right ez-toc-btn ez-toc-btn-xs ez-toc-btn-default ez-toc-toggle\" aria-label=\"Toggle Table of Content\"><span class=\"ez-toc-js-icon-con\"><span class=\"\"><span class=\"eztoc-hide\" style=\"display:none;\">Toggle<\/span><span class=\"ez-toc-icon-toggle-span\"><svg style=\"fill: #999;color:#999\" xmlns=\"http:\/\/www.w3.org\/2000\/svg\" class=\"list-377408\" width=\"20px\" height=\"20px\" viewBox=\"0 0 24 24\" fill=\"none\"><path d=\"M6 6H4v2h2V6zm14 0H8v2h12V6zM4 11h2v2H4v-2zm16 0H8v2h12v-2zM4 16h2v2H4v-2zm16 0H8v2h12v-2z\" fill=\"currentColor\"><\/path><\/svg><svg style=\"fill: #999;color:#999\" class=\"arrow-unsorted-368013\" xmlns=\"http:\/\/www.w3.org\/2000\/svg\" width=\"10px\" height=\"10px\" viewBox=\"0 0 24 24\" version=\"1.2\" baseProfile=\"tiny\"><path d=\"M18.2 9.3l-6.2-6.3-6.2 6.3c-.2.2-.3.4-.3.7s.1.5.3.7c.2.2.4.3.7.3h11c.3 0 .5-.1.7-.3.2-.2.3-.5.3-.7s-.1-.5-.3-.7zM5.8 14.7l6.2 6.3 6.2-6.3c.2-.2.3-.5.3-.7s-.1-.5-.3-.7c-.2-.2-.4-.3-.7-.3h-11c-.3 0-.5.1-.7.3-.2.2-.3.5-.3.7s.1.5.3.7z\"\/><\/svg><\/span><\/span><\/span><\/a><\/span><\/div>\n<nav><ul class='ez-toc-list ez-toc-list-level-1 ' ><li class='ez-toc-page-1 ez-toc-heading-level-2'><a class=\"ez-toc-link ez-toc-heading-1\" href=\"https:\/\/oddsium.com\/se\/bettingsidor-med-bankid\/#bettingsidor-med-bankid-2026\" >Bettingsidor med BankID 2026<\/a><\/li><li class='ez-toc-page-1 ez-toc-heading-level-2'><a class=\"ez-toc-link ez-toc-heading-2\" href=\"https:\/\/oddsium.com\/se\/bettingsidor-med-bankid\/#varfor-bankid-pa-bettingsidor\" >Varf\u00f6r BankID p\u00e5 bettingsidor?<\/a><\/li><li class='ez-toc-page-1 ez-toc-heading-level-2'><a class=\"ez-toc-link ez-toc-heading-3\" href=\"https:\/\/oddsium.com\/se\/bettingsidor-med-bankid\/#fordelar-med-bankid-betting\" >F\u00f6rdelar med BankID-betting<\/a><\/li><li class='ez-toc-page-1 ez-toc-heading-level-2'><a class=\"ez-toc-link ez-toc-heading-4\" href=\"https:\/\/oddsium.com\/se\/bettingsidor-med-bankid\/#vanliga-fragor\" >Vanliga fr\u00e5gor<\/a><ul class='ez-toc-list-level-3' ><li class='ez-toc-heading-level-3'><a class=\"ez-toc-link ez-toc-heading-5\" href=\"https:\/\/oddsium.com\/se\/bettingsidor-med-bankid\/#behover-jag-bankid-for-att-spela-online\" >Beh\u00f6ver jag BankID f\u00f6r att spela online?<\/a><\/li><\/ul><\/li><\/ul><\/nav><\/div>\n<h2 class=\"wp-block-heading\"><span class=\"ez-toc-section\" id=\"bettingsidor-med-bankid-2026\"><\/span>Bettingsidor med BankID 2026<span class=\"ez-toc-section-end\"><\/span><\/h2>\n\n\n\n<p><strong>BankID<\/strong> har blivit standarden f\u00f6r inloggning och verifiering p\u00e5 svenska <a href=\"\/se\/bettingsidor\/\">bettingsidor<\/a>. Med BankID identifierar du dig s\u00e4kert, loggar in snabbt och kan i m\u00e5nga fall hoppa \u00f6ver den traditionella registreringsprocessen helt. H\u00e4r listar vi de b\u00e4sta spelbolagen med BankID-inloggning.<\/p>\n\n\n\n<h2 class=\"wp-block-heading\"><span class=\"ez-toc-section\" id=\"varfor-bankid-pa-bettingsidor\"><\/span>Varf\u00f6r BankID p\u00e5 bettingsidor?<span class=\"ez-toc-section-end\"><\/span><\/h2>\n\n\n\n<p>BankID l\u00f6ser flera problem p\u00e5 en g\u00e5ng: det verifierar din identitet (KYC), skyddar mot bedr\u00e4gerier och g\u00f6r inloggningen snabb. M\u00e5nga spelbolag erbjuder numera <a href=\"\/se\/betting-utan-konto\/\">betting utan konto<\/a> via BankID, d\u00e4r du kan b\u00f6rja spela utan traditionell registrering.<\/p>\n\n\n\n<h2 class=\"wp-block-heading\"><span class=\"ez-toc-section\" id=\"fordelar-med-bankid-betting\"><\/span>F\u00f6rdelar med BankID-betting<span class=\"ez-toc-section-end\"><\/span><\/h2>\n\n\n\n<ul class=\"wp-block-list\">\n<li><strong>Snabb inloggning<\/strong> \u2013 legitimera dig p\u00e5 sekunder ist\u00e4llet f\u00f6r att komma ih\u00e5g l\u00f6senord.<\/li>\n<li><strong>Automatisk verifiering<\/strong> \u2013 ingen manuell KYC-process eller ID-uppladdning.<\/li>\n<li><strong>\u00d6kad s\u00e4kerhet<\/strong> \u2013 tv\u00e5faktorautentisering inbyggd i processen.<\/li>\n<li><strong>Snabbare uttag<\/strong> \u2013 f\u00f6rverifierade spelare f\u00e5r sina <a href=\"\/se\/betting-med-snabba-uttag\/\">uttag snabbare<\/a>.<\/li>\n<\/ul>\n\n\n\n<h2 class=\"wp-block-heading\"><span class=\"ez-toc-section\" id=\"vanliga-fragor\"><\/span>Vanliga fr\u00e5gor<span class=\"ez-toc-section-end\"><\/span><\/h2>\n\n\n\n<h3 class=\"wp-block-heading\"><span class=\"ez-toc-section\" id=\"behover-jag-bankid-for-att-spela-online\"><\/span>Beh\u00f6ver jag BankID f\u00f6r att spela online?<span class=\"ez-toc-section-end\"><\/span><\/h3>\n\n\n\n<p>Det beror p\u00e5 spelbolaget. De flesta svenska bettingsidor erbjuder BankID som inloggningsmetod, men de flesta har \u00e4ven traditionell inloggning med anv\u00e4ndarnamn och l\u00f6senord som alternativ.<\/p>\n\n","protected":false},"excerpt":{"rendered":"<p>Bettingsidor med BankID 2026 BankID har blivit standarden f\u00f6r inloggning och verifiering p\u00e5 svenska bettingsidor. Med BankID identifierar du dig s\u00e4kert, loggar in snabbt och kan i m\u00e5nga fall hoppa \u00f6ver den traditionella registreringsprocessen helt. H\u00e4r listar vi de b\u00e4sta spelbolagen med BankID-inloggning. Varf\u00f6r BankID p\u00e5 bettingsidor? BankID l\u00f6ser flera problem p\u00e5 en g\u00e5ng: det [&hellip;]<\/p>\n","protected":false},"author":12,"featured_media":0,"parent":0,"menu_order":0,"comment_status":"closed","ping_status":"closed","template":"betting.php","meta":{"_acf_changed":false,"om_disable_all_campaigns":false,"footnotes":""},"class_list":["post-5270","page","type-page","status-publish","hentry"],"acf":[],"aioseo_notices":[],"_links":{"self":[{"href":"https:\/\/oddsium.com\/se\/wp-json\/wp\/v2\/pages\/5270","targetHints":{"allow":["GET"]}}],"collection":[{"href":"https:\/\/oddsium.com\/se\/wp-json\/wp\/v2\/pages"}],"about":[{"href":"https:\/\/oddsium.com\/se\/wp-json\/wp\/v2\/types\/page"}],"author":[{"embeddable":true,"href":"https:\/\/oddsium.com\/se\/wp-json\/wp\/v2\/users\/12"}],"replies":[{"embeddable":true,"href":"https:\/\/oddsium.com\/se\/wp-json\/wp\/v2\/comments?post=5270"}],"version-history":[{"count":7,"href":"https:\/\/oddsium.com\/se\/wp-json\/wp\/v2\/pages\/5270\/revisions"}],"predecessor-version":[{"id":5800,"href":"https:\/\/oddsium.com\/se\/wp-json\/wp\/v2\/pages\/5270\/revisions\/5800"}],"wp:attachment":[{"href":"https:\/\/oddsium.com\/se\/wp-json\/wp\/v2\/media?parent=5270"}],"curies":[{"name":"wp","href":"https:\/\/api.w.org\/{rel}","templated":true}]}}