{"id":5271,"date":"2026-04-13T11:55:53","date_gmt":"2026-04-13T09:55:53","guid":{"rendered":"https:\/\/oddsium.com\/se\/?page_id=5271"},"modified":"2026-04-17T13:48:00","modified_gmt":"2026-04-17T11:48:00","slug":"live-betting","status":"publish","type":"page","link":"https:\/\/oddsium.com\/se\/live-betting\/","title":{"rendered":"Live betting i Sverige 2026"},"content":{"rendered":"\n<div id=\"ez-toc-container\" class=\"ez-toc-v2_0_81 counter-hierarchy ez-toc-counter ez-toc-grey ez-toc-container-direction\">\n<div class=\"ez-toc-title-container\">\n<p class=\"ez-toc-title\" style=\"cursor:inherit\">Table of Contents<\/p>\n<span class=\"ez-toc-title-toggle\"><a href=\"#\" class=\"ez-toc-pull-right ez-toc-btn ez-toc-btn-xs ez-toc-btn-default ez-toc-toggle\" aria-label=\"Toggle Table of Content\"><span class=\"ez-toc-js-icon-con\"><span class=\"\"><span class=\"eztoc-hide\" style=\"display:none;\">Toggle<\/span><span class=\"ez-toc-icon-toggle-span\"><svg style=\"fill: #999;color:#999\" xmlns=\"http:\/\/www.w3.org\/2000\/svg\" class=\"list-377408\" width=\"20px\" height=\"20px\" viewBox=\"0 0 24 24\" fill=\"none\"><path d=\"M6 6H4v2h2V6zm14 0H8v2h12V6zM4 11h2v2H4v-2zm16 0H8v2h12v-2zM4 16h2v2H4v-2zm16 0H8v2h12v-2z\" fill=\"currentColor\"><\/path><\/svg><svg style=\"fill: #999;color:#999\" class=\"arrow-unsorted-368013\" xmlns=\"http:\/\/www.w3.org\/2000\/svg\" width=\"10px\" height=\"10px\" viewBox=\"0 0 24 24\" version=\"1.2\" baseProfile=\"tiny\"><path d=\"M18.2 9.3l-6.2-6.3-6.2 6.3c-.2.2-.3.4-.3.7s.1.5.3.7c.2.2.4.3.7.3h11c.3 0 .5-.1.7-.3.2-.2.3-.5.3-.7s-.1-.5-.3-.7zM5.8 14.7l6.2 6.3 6.2-6.3c.2-.2.3-.5.3-.7s-.1-.5-.3-.7c-.2-.2-.4-.3-.7-.3h-11c-.3 0-.5.1-.7.3-.2.2-.3.5-.3.7s.1.5.3.7z\"\/><\/svg><\/span><\/span><\/span><\/a><\/span><\/div>\n<nav><ul class='ez-toc-list ez-toc-list-level-1 ' ><li class='ez-toc-page-1 ez-toc-heading-level-2'><a class=\"ez-toc-link ez-toc-heading-1\" href=\"https:\/\/oddsium.com\/se\/live-betting\/#live-betting-%e2%80%93-spela-pa-odds-i-realtid-2026\" >Live betting \u2013 Spela p\u00e5 odds i realtid 2026<\/a><\/li><li class='ez-toc-page-1 ez-toc-heading-level-2'><a class=\"ez-toc-link ez-toc-heading-2\" href=\"https:\/\/oddsium.com\/se\/live-betting\/#sa-fungerar-live-betting\" >S\u00e5 fungerar live betting<\/a><\/li><li class='ez-toc-page-1 ez-toc-heading-level-2'><a class=\"ez-toc-link ez-toc-heading-3\" href=\"https:\/\/oddsium.com\/se\/live-betting\/#tips-for-live-betting\" >Tips f\u00f6r live betting<\/a><\/li><\/ul><\/nav><\/div>\n<h2 class=\"wp-block-heading\"><span class=\"ez-toc-section\" id=\"live-betting-%e2%80%93-spela-pa-odds-i-realtid-2026\"><\/span>Live betting \u2013 Spela p\u00e5 odds i realtid 2026<span class=\"ez-toc-section-end\"><\/span><\/h2>\n\n\n\n<p><strong>Live betting<\/strong> l\u00e5ter dig placera spel medan matchen p\u00e5g\u00e5r. Oddsen uppdateras i realtid baserat p\u00e5 vad som h\u00e4nder p\u00e5 planen, vilket ger dig m\u00f6jlighet att utnyttja din kunskap och spelf\u00f6rst\u00e5else p\u00e5 ett helt annat s\u00e4tt \u00e4n vid pre-match betting. Vi p\u00e5 Oddsium har j\u00e4mf\u00f6rt de b\u00e4sta <a href=\"\/se\/bettingsidor\/\">bettingsidorna<\/a> f\u00f6r live betting i Sverige.<\/p>\n\n\n\n<h2 class=\"wp-block-heading\"><span class=\"ez-toc-section\" id=\"sa-fungerar-live-betting\"><\/span>S\u00e5 fungerar live betting<span class=\"ez-toc-section-end\"><\/span><\/h2>\n\n\n\n<p>Vid live betting uppdateras oddsen kontinuerligt baserat p\u00e5 matchh\u00e4ndelser \u2013 m\u00e5l, r\u00f6da kort, h\u00f6rnor, byten med mera. Du kan placera spel under matchens g\u00e5ng p\u00e5 marknader som n\u00e4sta m\u00e5l, matchvinnare, antal m\u00e5l och mycket mer. De b\u00e4sta spelbolagen erbjuder hundratals livemarknader per match i <a href=\"\/se\/fotboll\/\">fotboll<\/a>, <a href=\"\/se\/ishockey\/\">ishockey<\/a>, <a href=\"\/se\/tennis\/\">tennis<\/a> och fler sporter.<\/p>\n\n\n\n<h2 class=\"wp-block-heading\"><span class=\"ez-toc-section\" id=\"tips-for-live-betting\"><\/span>Tips f\u00f6r live betting<span class=\"ez-toc-section-end\"><\/span><\/h2>\n\n\n\n<ul class=\"wp-block-list\">\n<li><strong>F\u00f6lj matchen live<\/strong> \u2013 m\u00e5nga spelbolag erbjuder livestreaming direkt i appen.<\/li>\n<li><strong>Reagera snabbt<\/strong> \u2013 liveoddsen \u00e4ndras fort, var redo att sl\u00e5 till.<\/li>\n<li><strong>Cashout<\/strong> \u2013 anv\u00e4nd cashout-funktionen f\u00f6r att s\u00e4kra vinster eller minimera f\u00f6rluster under matchens g\u00e5ng.<\/li>\n<li><strong>J\u00e4mf\u00f6r odds<\/strong> \u2013 precis som pre-match varierar liveoddsen mellan spelbolag. Anv\u00e4nd <a href=\"\/se\/oddsjamforelse\/\">Oddsiums oddsj\u00e4mf\u00f6relse<\/a>.<\/li>\n<\/ul>\n\n","protected":false},"excerpt":{"rendered":"<p>Live betting \u2013 Spela p\u00e5 odds i realtid 2026 Live betting l\u00e5ter dig placera spel medan matchen p\u00e5g\u00e5r. Oddsen uppdateras i realtid baserat p\u00e5 vad som h\u00e4nder p\u00e5 planen, vilket ger dig m\u00f6jlighet att utnyttja din kunskap och spelf\u00f6rst\u00e5else p\u00e5 ett helt annat s\u00e4tt \u00e4n vid pre-match betting. Vi p\u00e5 Oddsium har j\u00e4mf\u00f6rt de b\u00e4sta [&hellip;]<\/p>\n","protected":false},"author":12,"featured_media":0,"parent":0,"menu_order":0,"comment_status":"closed","ping_status":"closed","template":"betting.php","meta":{"_acf_changed":false,"om_disable_all_campaigns":false,"footnotes":""},"class_list":["post-5271","page","type-page","status-publish","hentry"],"acf":[],"aioseo_notices":[],"_links":{"self":[{"href":"https:\/\/oddsium.com\/se\/wp-json\/wp\/v2\/pages\/5271","targetHints":{"allow":["GET"]}}],"collection":[{"href":"https:\/\/oddsium.com\/se\/wp-json\/wp\/v2\/pages"}],"about":[{"href":"https:\/\/oddsium.com\/se\/wp-json\/wp\/v2\/types\/page"}],"author":[{"embeddable":true,"href":"https:\/\/oddsium.com\/se\/wp-json\/wp\/v2\/users\/12"}],"replies":[{"embeddable":true,"href":"https:\/\/oddsium.com\/se\/wp-json\/wp\/v2\/comments?post=5271"}],"version-history":[{"count":7,"href":"https:\/\/oddsium.com\/se\/wp-json\/wp\/v2\/pages\/5271\/revisions"}],"predecessor-version":[{"id":5799,"href":"https:\/\/oddsium.com\/se\/wp-json\/wp\/v2\/pages\/5271\/revisions\/5799"}],"wp:attachment":[{"href":"https:\/\/oddsium.com\/se\/wp-json\/wp\/v2\/media?parent=5271"}],"curies":[{"name":"wp","href":"https:\/\/api.w.org\/{rel}","templated":true}]}}