{"id":5274,"date":"2026-04-13T11:55:54","date_gmt":"2026-04-13T09:55:54","guid":{"rendered":"https:\/\/oddsium.com\/se\/?page_id=5274"},"modified":"2026-04-17T13:48:00","modified_gmt":"2026-04-17T11:48:00","slug":"riskfria-spel","status":"publish","type":"page","link":"https:\/\/oddsium.com\/se\/riskfria-spel\/","title":{"rendered":"Riskfria spel 2026"},"content":{"rendered":"\n<div id=\"ez-toc-container\" class=\"ez-toc-v2_0_81 counter-hierarchy ez-toc-counter ez-toc-grey ez-toc-container-direction\">\n<div class=\"ez-toc-title-container\">\n<p class=\"ez-toc-title\" style=\"cursor:inherit\">Table of Contents<\/p>\n<span class=\"ez-toc-title-toggle\"><a href=\"#\" class=\"ez-toc-pull-right ez-toc-btn ez-toc-btn-xs ez-toc-btn-default ez-toc-toggle\" aria-label=\"Toggle Table of Content\"><span class=\"ez-toc-js-icon-con\"><span class=\"\"><span class=\"eztoc-hide\" style=\"display:none;\">Toggle<\/span><span class=\"ez-toc-icon-toggle-span\"><svg style=\"fill: #999;color:#999\" xmlns=\"http:\/\/www.w3.org\/2000\/svg\" class=\"list-377408\" width=\"20px\" height=\"20px\" viewBox=\"0 0 24 24\" fill=\"none\"><path d=\"M6 6H4v2h2V6zm14 0H8v2h12V6zM4 11h2v2H4v-2zm16 0H8v2h12v-2zM4 16h2v2H4v-2zm16 0H8v2h12v-2z\" fill=\"currentColor\"><\/path><\/svg><svg style=\"fill: #999;color:#999\" class=\"arrow-unsorted-368013\" xmlns=\"http:\/\/www.w3.org\/2000\/svg\" width=\"10px\" height=\"10px\" viewBox=\"0 0 24 24\" version=\"1.2\" baseProfile=\"tiny\"><path d=\"M18.2 9.3l-6.2-6.3-6.2 6.3c-.2.2-.3.4-.3.7s.1.5.3.7c.2.2.4.3.7.3h11c.3 0 .5-.1.7-.3.2-.2.3-.5.3-.7s-.1-.5-.3-.7zM5.8 14.7l6.2 6.3 6.2-6.3c.2-.2.3-.5.3-.7s-.1-.5-.3-.7c-.2-.2-.4-.3-.7-.3h-11c-.3 0-.5.1-.7.3-.2.2-.3.5-.3.7s.1.5.3.7z\"\/><\/svg><\/span><\/span><\/span><\/a><\/span><\/div>\n<nav><ul class='ez-toc-list ez-toc-list-level-1 ' ><li class='ez-toc-page-1 ez-toc-heading-level-2'><a class=\"ez-toc-link ez-toc-heading-1\" href=\"https:\/\/oddsium.com\/se\/riskfria-spel\/#riskfria-spel-2026-%e2%80%93-betta-utan-risk\" >Riskfria spel 2026 \u2013 Betta utan risk<\/a><\/li><li class='ez-toc-page-1 ez-toc-heading-level-2'><a class=\"ez-toc-link ez-toc-heading-2\" href=\"https:\/\/oddsium.com\/se\/riskfria-spel\/#hur-fungerar-riskfria-spel\" >Hur fungerar riskfria spel?<\/a><\/li><li class='ez-toc-page-1 ez-toc-heading-level-2'><a class=\"ez-toc-link ez-toc-heading-3\" href=\"https:\/\/oddsium.com\/se\/riskfria-spel\/#vad-bor-du-tanka-pa\" >Vad b\u00f6r du t\u00e4nka p\u00e5?<\/a><\/li><li class='ez-toc-page-1 ez-toc-heading-level-2'><a class=\"ez-toc-link ez-toc-heading-4\" href=\"https:\/\/oddsium.com\/se\/riskfria-spel\/#riskfria-spel-vs-gratisspel\" >Riskfria spel vs gratisspel<\/a><\/li><\/ul><\/nav><\/div>\n<h2 class=\"wp-block-heading\"><span class=\"ez-toc-section\" id=\"riskfria-spel-2026-%e2%80%93-betta-utan-risk\"><\/span>Riskfria spel 2026 \u2013 Betta utan risk<span class=\"ez-toc-section-end\"><\/span><\/h2>\n\n\n\n<p>Med <strong>riskfria spel<\/strong> kan du testa en ny <a href=\"\/se\/bettingsidor\/\">bettingsida<\/a> utan att riskera dina egna pengar. Om ditt f\u00f6rsta spel f\u00f6rlorar f\u00e5r du pengarna tillbaka \u2013 oftast som ett bonusbelopp. Det \u00e4r ett popul\u00e4rt v\u00e4lkomsterbjudande som allt fler svenska spelbolag erbjuder.<\/p>\n\n\n\n<h2 class=\"wp-block-heading\"><span class=\"ez-toc-section\" id=\"hur-fungerar-riskfria-spel\"><\/span>Hur fungerar riskfria spel?<span class=\"ez-toc-section-end\"><\/span><\/h2>\n\n\n\n<ol class=\"wp-block-list\">\n<li><strong>Registrera dig<\/strong> hos ett spelbolag som erbjuder riskfritt spel.<\/li>\n<li><strong>G\u00f6r en ins\u00e4ttning<\/strong> och placera ditt f\u00f6rsta spel.<\/li>\n<li><strong>Om du vinner<\/strong> \u2013 grattis, vinsten \u00e4r din att beh\u00e5lla.<\/li>\n<li><strong>Om du f\u00f6rlorar<\/strong> \u2013 spelbolaget ger dig insatsen tillbaka som bonus eller free bet.<\/li>\n<\/ol>\n\n\n\n<h2 class=\"wp-block-heading\"><span class=\"ez-toc-section\" id=\"vad-bor-du-tanka-pa\"><\/span>Vad b\u00f6r du t\u00e4nka p\u00e5?<span class=\"ez-toc-section-end\"><\/span><\/h2>\n\n\n\n<p>Riskfria spel l\u00e5ter perfekt, men l\u00e4s alltid villkoren noggrant. Vanliga restriktioner inkluderar minsta odds (ofta 1.80+), maxinsats (vanligtvis 200\u2013500 kr) och tidsgr\u00e4ns. Den tillbakabetalade bonusen kan ocks\u00e5 ha oms\u00e4ttningskrav \u2013 men vissa spelbolag erbjuder riskfria spel helt <a href=\"\/se\/odds-utan-omsattningskrav\/\">utan oms\u00e4ttningskrav<\/a>.<\/p>\n\n\n\n<h2 class=\"wp-block-heading\"><span class=\"ez-toc-section\" id=\"riskfria-spel-vs-gratisspel\"><\/span>Riskfria spel vs gratisspel<span class=\"ez-toc-section-end\"><\/span><\/h2>\n\n\n\n<p>Skillnaden \u00e4r enkel: med riskfria spel satsar du dina egna pengar men f\u00e5r dem tillbaka om du f\u00f6rlorar. Med <a href=\"\/se\/gratis-spel\/\">gratisspel<\/a> (free bets) spelar du med spelbolagets pengar direkt, utan att l\u00e4gga in egna pengar. B\u00e5da \u00e4r bra erbjudanden \u2013 riskfria spel ger ofta h\u00f6gre potentiella vinster.<\/p>\n\n","protected":false},"excerpt":{"rendered":"<p>Riskfria spel 2026 \u2013 Betta utan risk Med riskfria spel kan du testa en ny bettingsida utan att riskera dina egna pengar. Om ditt f\u00f6rsta spel f\u00f6rlorar f\u00e5r du pengarna tillbaka \u2013 oftast som ett bonusbelopp. Det \u00e4r ett popul\u00e4rt v\u00e4lkomsterbjudande som allt fler svenska spelbolag erbjuder. Hur fungerar riskfria spel? Registrera dig hos ett [&hellip;]<\/p>\n","protected":false},"author":12,"featured_media":0,"parent":0,"menu_order":0,"comment_status":"closed","ping_status":"closed","template":"betting.php","meta":{"_acf_changed":false,"om_disable_all_campaigns":false,"footnotes":""},"class_list":["post-5274","page","type-page","status-publish","hentry"],"acf":[],"aioseo_notices":[],"_links":{"self":[{"href":"https:\/\/oddsium.com\/se\/wp-json\/wp\/v2\/pages\/5274","targetHints":{"allow":["GET"]}}],"collection":[{"href":"https:\/\/oddsium.com\/se\/wp-json\/wp\/v2\/pages"}],"about":[{"href":"https:\/\/oddsium.com\/se\/wp-json\/wp\/v2\/types\/page"}],"author":[{"embeddable":true,"href":"https:\/\/oddsium.com\/se\/wp-json\/wp\/v2\/users\/12"}],"replies":[{"embeddable":true,"href":"https:\/\/oddsium.com\/se\/wp-json\/wp\/v2\/comments?post=5274"}],"version-history":[{"count":7,"href":"https:\/\/oddsium.com\/se\/wp-json\/wp\/v2\/pages\/5274\/revisions"}],"predecessor-version":[{"id":5796,"href":"https:\/\/oddsium.com\/se\/wp-json\/wp\/v2\/pages\/5274\/revisions\/5796"}],"wp:attachment":[{"href":"https:\/\/oddsium.com\/se\/wp-json\/wp\/v2\/media?parent=5274"}],"curies":[{"name":"wp","href":"https:\/\/api.w.org\/{rel}","templated":true}]}}