{"id":5275,"date":"2026-04-13T11:55:54","date_gmt":"2026-04-13T09:55:54","guid":{"rendered":"https:\/\/oddsium.com\/se\/?page_id=5275"},"modified":"2026-04-17T13:47:59","modified_gmt":"2026-04-17T11:47:59","slug":"betting-utan-insattning","status":"publish","type":"page","link":"https:\/\/oddsium.com\/se\/betting-utan-insattning\/","title":{"rendered":"Betting utan ins\u00e4ttning 2026"},"content":{"rendered":"\n<div id=\"ez-toc-container\" class=\"ez-toc-v2_0_81 counter-hierarchy ez-toc-counter ez-toc-grey ez-toc-container-direction\">\n<div class=\"ez-toc-title-container\">\n<p class=\"ez-toc-title\" style=\"cursor:inherit\">Table of Contents<\/p>\n<span class=\"ez-toc-title-toggle\"><a href=\"#\" class=\"ez-toc-pull-right ez-toc-btn ez-toc-btn-xs ez-toc-btn-default ez-toc-toggle\" aria-label=\"Toggle Table of Content\"><span class=\"ez-toc-js-icon-con\"><span class=\"\"><span class=\"eztoc-hide\" style=\"display:none;\">Toggle<\/span><span class=\"ez-toc-icon-toggle-span\"><svg style=\"fill: #999;color:#999\" xmlns=\"http:\/\/www.w3.org\/2000\/svg\" class=\"list-377408\" width=\"20px\" height=\"20px\" viewBox=\"0 0 24 24\" fill=\"none\"><path d=\"M6 6H4v2h2V6zm14 0H8v2h12V6zM4 11h2v2H4v-2zm16 0H8v2h12v-2zM4 16h2v2H4v-2zm16 0H8v2h12v-2z\" fill=\"currentColor\"><\/path><\/svg><svg style=\"fill: #999;color:#999\" class=\"arrow-unsorted-368013\" xmlns=\"http:\/\/www.w3.org\/2000\/svg\" width=\"10px\" height=\"10px\" viewBox=\"0 0 24 24\" version=\"1.2\" baseProfile=\"tiny\"><path d=\"M18.2 9.3l-6.2-6.3-6.2 6.3c-.2.2-.3.4-.3.7s.1.5.3.7c.2.2.4.3.7.3h11c.3 0 .5-.1.7-.3.2-.2.3-.5.3-.7s-.1-.5-.3-.7zM5.8 14.7l6.2 6.3 6.2-6.3c.2-.2.3-.5.3-.7s-.1-.5-.3-.7c-.2-.2-.4-.3-.7-.3h-11c-.3 0-.5.1-.7.3-.2.2-.3.5-.3.7s.1.5.3.7z\"\/><\/svg><\/span><\/span><\/span><\/a><\/span><\/div>\n<nav><ul class='ez-toc-list ez-toc-list-level-1 ' ><li class='ez-toc-page-1 ez-toc-heading-level-2'><a class=\"ez-toc-link ez-toc-heading-1\" href=\"https:\/\/oddsium.com\/se\/betting-utan-insattning\/#betting-utan-insattning-2026-%e2%80%93-spela-gratis\" >Betting utan ins\u00e4ttning 2026 \u2013 Spela gratis<\/a><\/li><li class='ez-toc-page-1 ez-toc-heading-level-2'><a class=\"ez-toc-link ez-toc-heading-2\" href=\"https:\/\/oddsium.com\/se\/betting-utan-insattning\/#hur-fungerar-det\" >Hur fungerar det?<\/a><\/li><li class='ez-toc-page-1 ez-toc-heading-level-2'><a class=\"ez-toc-link ez-toc-heading-3\" href=\"https:\/\/oddsium.com\/se\/betting-utan-insattning\/#vad-kan-du-forvanta-dig\" >Vad kan du f\u00f6rv\u00e4nta dig?<\/a><\/li><li class='ez-toc-page-1 ez-toc-heading-level-2'><a class=\"ez-toc-link ez-toc-heading-4\" href=\"https:\/\/oddsium.com\/se\/betting-utan-insattning\/#tips\" >Tips<\/a><\/li><\/ul><\/nav><\/div>\n<h2 class=\"wp-block-heading\"><span class=\"ez-toc-section\" id=\"betting-utan-insattning-2026-%e2%80%93-spela-gratis\"><\/span>Betting utan ins\u00e4ttning 2026 \u2013 Spela gratis<span class=\"ez-toc-section-end\"><\/span><\/h2>\n\n\n\n<p>Vill du testa betting utan att riskera egna pengar? Med <strong>betting utan ins\u00e4ttning<\/strong> kan du f\u00e5 <a href=\"\/se\/gratis-spel\/\">gratisspel<\/a> eller bonusar direkt vid registrering \u2013 helt utan att s\u00e4tta in pengar. Det \u00e4r det perfekta s\u00e4ttet att prova en ny <a href=\"\/se\/bettingsidor\/\">bettingsida<\/a> riskfritt.<\/p>\n\n\n\n<h2 class=\"wp-block-heading\"><span class=\"ez-toc-section\" id=\"hur-fungerar-det\"><\/span>Hur fungerar det?<span class=\"ez-toc-section-end\"><\/span><\/h2>\n\n\n\n<p>Vissa spelbolag erbjuder en no deposit bonus \u2013 en bonus du f\u00e5r direkt vid registrering utan att beh\u00f6va g\u00f6ra en ins\u00e4ttning. Det kan vara gratisspel, free bets eller ett litet bonusbelopp att spela f\u00f6r. Du registrerar dig, verifierar dig med <a href=\"\/se\/bettingsidor-med-bankid\/\">BankID<\/a> och f\u00e5r bonusen automatiskt.<\/p>\n\n\n\n<h2 class=\"wp-block-heading\"><span class=\"ez-toc-section\" id=\"vad-kan-du-forvanta-dig\"><\/span>Vad kan du f\u00f6rv\u00e4nta dig?<span class=\"ez-toc-section-end\"><\/span><\/h2>\n\n\n\n<p>No deposit-bonusar \u00e4r vanligtvis mindre \u00e4n traditionella v\u00e4lkomstbonusar, ofta i storleksordningen 50\u2013200 kr eller ett par gratisspel. De har n\u00e4stan alltid oms\u00e4ttningskrav och maxgr\u00e4nser f\u00f6r uttag. Men de ger dig chansen att testa spelbolagets utbud, odds och gr\u00e4nssnitt helt utan risk.<\/p>\n\n\n\n<h2 class=\"wp-block-heading\"><span class=\"ez-toc-section\" id=\"tips\"><\/span>Tips<span class=\"ez-toc-section-end\"><\/span><\/h2>\n\n\n\n<ul class=\"wp-block-list\">\n<li><strong>L\u00e4s villkoren<\/strong> \u2013 kolla oms\u00e4ttningskrav och maxuttag.<\/li>\n<li><strong>Aktivera bonusen direkt<\/strong> \u2013 de flesta har en tidsgr\u00e4ns.<\/li>\n<li><strong>Kombinera med andra bonusar<\/strong> \u2013 efter din no deposit-bonus kan du ofta ta del av en ins\u00e4ttningsbonus ocks\u00e5.<\/li>\n<li><strong>J\u00e4mf\u00f6r<\/strong> \u2013 kolla alla erbjudanden i v\u00e5r <a href=\"\/se\/bonusar\/\">bonus\u00f6versikt<\/a>.<\/li>\n<\/ul>\n\n","protected":false},"excerpt":{"rendered":"<p>Betting utan ins\u00e4ttning 2026 \u2013 Spela gratis Vill du testa betting utan att riskera egna pengar? Med betting utan ins\u00e4ttning kan du f\u00e5 gratisspel eller bonusar direkt vid registrering \u2013 helt utan att s\u00e4tta in pengar. Det \u00e4r det perfekta s\u00e4ttet att prova en ny bettingsida riskfritt. Hur fungerar det? Vissa spelbolag erbjuder en no [&hellip;]<\/p>\n","protected":false},"author":12,"featured_media":0,"parent":0,"menu_order":0,"comment_status":"closed","ping_status":"closed","template":"betting.php","meta":{"_acf_changed":false,"om_disable_all_campaigns":false,"footnotes":""},"class_list":["post-5275","page","type-page","status-publish","hentry"],"acf":[],"aioseo_notices":[],"_links":{"self":[{"href":"https:\/\/oddsium.com\/se\/wp-json\/wp\/v2\/pages\/5275","targetHints":{"allow":["GET"]}}],"collection":[{"href":"https:\/\/oddsium.com\/se\/wp-json\/wp\/v2\/pages"}],"about":[{"href":"https:\/\/oddsium.com\/se\/wp-json\/wp\/v2\/types\/page"}],"author":[{"embeddable":true,"href":"https:\/\/oddsium.com\/se\/wp-json\/wp\/v2\/users\/12"}],"replies":[{"embeddable":true,"href":"https:\/\/oddsium.com\/se\/wp-json\/wp\/v2\/comments?post=5275"}],"version-history":[{"count":7,"href":"https:\/\/oddsium.com\/se\/wp-json\/wp\/v2\/pages\/5275\/revisions"}],"predecessor-version":[{"id":5795,"href":"https:\/\/oddsium.com\/se\/wp-json\/wp\/v2\/pages\/5275\/revisions\/5795"}],"wp:attachment":[{"href":"https:\/\/oddsium.com\/se\/wp-json\/wp\/v2\/media?parent=5275"}],"curies":[{"name":"wp","href":"https:\/\/api.w.org\/{rel}","templated":true}]}}