{"id":5276,"date":"2026-04-13T11:55:55","date_gmt":"2026-04-13T09:55:55","guid":{"rendered":"https:\/\/oddsium.com\/se\/?page_id=5276"},"modified":"2026-04-17T13:47:59","modified_gmt":"2026-04-17T11:47:59","slug":"betting-med-snabba-uttag","status":"publish","type":"page","link":"https:\/\/oddsium.com\/se\/betting-med-snabba-uttag\/","title":{"rendered":"Betting med snabba uttag 2026"},"content":{"rendered":"\n<div id=\"ez-toc-container\" class=\"ez-toc-v2_0_81 counter-hierarchy ez-toc-counter ez-toc-grey ez-toc-container-direction\">\n<div class=\"ez-toc-title-container\">\n<p class=\"ez-toc-title\" style=\"cursor:inherit\">Table of Contents<\/p>\n<span class=\"ez-toc-title-toggle\"><a href=\"#\" class=\"ez-toc-pull-right ez-toc-btn ez-toc-btn-xs ez-toc-btn-default ez-toc-toggle\" aria-label=\"Toggle Table of Content\"><span class=\"ez-toc-js-icon-con\"><span class=\"\"><span class=\"eztoc-hide\" style=\"display:none;\">Toggle<\/span><span class=\"ez-toc-icon-toggle-span\"><svg style=\"fill: #999;color:#999\" xmlns=\"http:\/\/www.w3.org\/2000\/svg\" class=\"list-377408\" width=\"20px\" height=\"20px\" viewBox=\"0 0 24 24\" fill=\"none\"><path d=\"M6 6H4v2h2V6zm14 0H8v2h12V6zM4 11h2v2H4v-2zm16 0H8v2h12v-2zM4 16h2v2H4v-2zm16 0H8v2h12v-2z\" fill=\"currentColor\"><\/path><\/svg><svg style=\"fill: #999;color:#999\" class=\"arrow-unsorted-368013\" xmlns=\"http:\/\/www.w3.org\/2000\/svg\" width=\"10px\" height=\"10px\" viewBox=\"0 0 24 24\" version=\"1.2\" baseProfile=\"tiny\"><path d=\"M18.2 9.3l-6.2-6.3-6.2 6.3c-.2.2-.3.4-.3.7s.1.5.3.7c.2.2.4.3.7.3h11c.3 0 .5-.1.7-.3.2-.2.3-.5.3-.7s-.1-.5-.3-.7zM5.8 14.7l6.2 6.3 6.2-6.3c.2-.2.3-.5.3-.7s-.1-.5-.3-.7c-.2-.2-.4-.3-.7-.3h-11c-.3 0-.5.1-.7.3-.2.2-.3.5-.3.7s.1.5.3.7z\"\/><\/svg><\/span><\/span><\/span><\/a><\/span><\/div>\n<nav><ul class='ez-toc-list ez-toc-list-level-1 ' ><li class='ez-toc-page-1 ez-toc-heading-level-2'><a class=\"ez-toc-link ez-toc-heading-1\" href=\"https:\/\/oddsium.com\/se\/betting-med-snabba-uttag\/#betting-med-snabba-uttag-2026\" >Betting med snabba uttag 2026<\/a><\/li><li class='ez-toc-page-1 ez-toc-heading-level-2'><a class=\"ez-toc-link ez-toc-heading-2\" href=\"https:\/\/oddsium.com\/se\/betting-med-snabba-uttag\/#vilka-spelbolag-har-snabbast-uttag\" >Vilka spelbolag har snabbast uttag?<\/a><\/li><li class='ez-toc-page-1 ez-toc-heading-level-2'><a class=\"ez-toc-link ez-toc-heading-3\" href=\"https:\/\/oddsium.com\/se\/betting-med-snabba-uttag\/#faktorer-som-paverkar-uttagstiden\" >Faktorer som p\u00e5verkar uttagstiden<\/a><\/li><li class='ez-toc-page-1 ez-toc-heading-level-2'><a class=\"ez-toc-link ez-toc-heading-4\" href=\"https:\/\/oddsium.com\/se\/betting-med-snabba-uttag\/#tips-for-snabbare-uttag\" >Tips f\u00f6r snabbare uttag<\/a><\/li><\/ul><\/nav><\/div>\n<h2 class=\"wp-block-heading\"><span class=\"ez-toc-section\" id=\"betting-med-snabba-uttag-2026\"><\/span>Betting med snabba uttag 2026<span class=\"ez-toc-section-end\"><\/span><\/h2>\n\n\n\n<p>Ingen vill v\u00e4nta dagars p\u00e5 sina vinster. Med <strong>snabba uttag<\/strong> kan du ha pengarna p\u00e5 kontot inom minuter ist\u00e4llet f\u00f6r dagar. Vi har testat och j\u00e4mf\u00f6rt uttagstiderna hos alla stora <a href=\"\/se\/bettingsidor\/\">bettingsidor<\/a> med svensk licens.<\/p>\n\n\n\n<h2 class=\"wp-block-heading\"><span class=\"ez-toc-section\" id=\"vilka-spelbolag-har-snabbast-uttag\"><\/span>Vilka spelbolag har snabbast uttag?<span class=\"ez-toc-section-end\"><\/span><\/h2>\n\n\n\n<p>De snabbaste uttagen hittar du hos spelbolag som erbjuder <a href=\"\/se\/betting-utan-konto\/\">betting utan konto<\/a> (Pay N Play). Eftersom din identitet redan \u00e4r verifierad via <a href=\"\/se\/bettingsidor-med-bankid\/\">BankID<\/a> slipper spelbolaget manuell granskning och kan skicka pengarna direkt. Via Trustly landar pengarna p\u00e5 ditt bankkonto inom 5\u201315 minuter.<\/p>\n\n\n\n<h2 class=\"wp-block-heading\"><span class=\"ez-toc-section\" id=\"faktorer-som-paverkar-uttagstiden\"><\/span>Faktorer som p\u00e5verkar uttagstiden<span class=\"ez-toc-section-end\"><\/span><\/h2>\n\n\n\n<ul class=\"wp-block-list\">\n<li><strong>Verifieringsstatus<\/strong> \u2013 \u00e4r du verifierad f\u00e5r du uttag snabbare.<\/li>\n<li><strong>Betalningsmetod<\/strong> \u2013 Trustly och <a href=\"\/se\/bettingsidor-med-swish\/\">Swish<\/a> \u00e4r snabbast. Bank\u00f6verf\u00f6ringar tar 1\u20133 dagar.<\/li>\n<li><strong>Uttagsbelopp<\/strong> \u2013 stora uttag kan kr\u00e4va extra verifiering.<\/li>\n<li><strong>Tidpunkt<\/strong> \u2013 uttag under kontorstid behandlas ofta snabbare.<\/li>\n<li><strong>Aktiva bonusar<\/strong> \u2013 ouppfyllda <a href=\"\/se\/bonusar\/\">oms\u00e4ttningskrav<\/a> kan f\u00f6rdr\u00f6ja uttag.<\/li>\n<\/ul>\n\n\n\n<h2 class=\"wp-block-heading\"><span class=\"ez-toc-section\" id=\"tips-for-snabbare-uttag\"><\/span>Tips f\u00f6r snabbare uttag<span class=\"ez-toc-section-end\"><\/span><\/h2>\n\n\n\n<ol class=\"wp-block-list\">\n<li>Verifiera ditt konto direkt vid registrering.<\/li>\n<li>V\u00e4lj Trustly eller Swish som uttagsmetod.<\/li>\n<li>Undvik att ha aktiva bonusar med oms\u00e4ttningskrav n\u00e4r du vill ta ut.<\/li>\n<li>\u00d6verv\u00e4g <a href=\"\/se\/betting-utan-konto\/\">betting utan konto<\/a> f\u00f6r snabbast m\u00f6jliga hantering.<\/li>\n<\/ol>\n\n","protected":false},"excerpt":{"rendered":"<p>Betting med snabba uttag 2026 Ingen vill v\u00e4nta dagars p\u00e5 sina vinster. Med snabba uttag kan du ha pengarna p\u00e5 kontot inom minuter ist\u00e4llet f\u00f6r dagar. Vi har testat och j\u00e4mf\u00f6rt uttagstiderna hos alla stora bettingsidor med svensk licens. Vilka spelbolag har snabbast uttag? De snabbaste uttagen hittar du hos spelbolag som erbjuder betting utan [&hellip;]<\/p>\n","protected":false},"author":12,"featured_media":0,"parent":0,"menu_order":0,"comment_status":"closed","ping_status":"closed","template":"betting.php","meta":{"_acf_changed":false,"om_disable_all_campaigns":false,"footnotes":""},"class_list":["post-5276","page","type-page","status-publish","hentry"],"acf":[],"aioseo_notices":[],"_links":{"self":[{"href":"https:\/\/oddsium.com\/se\/wp-json\/wp\/v2\/pages\/5276","targetHints":{"allow":["GET"]}}],"collection":[{"href":"https:\/\/oddsium.com\/se\/wp-json\/wp\/v2\/pages"}],"about":[{"href":"https:\/\/oddsium.com\/se\/wp-json\/wp\/v2\/types\/page"}],"author":[{"embeddable":true,"href":"https:\/\/oddsium.com\/se\/wp-json\/wp\/v2\/users\/12"}],"replies":[{"embeddable":true,"href":"https:\/\/oddsium.com\/se\/wp-json\/wp\/v2\/comments?post=5276"}],"version-history":[{"count":7,"href":"https:\/\/oddsium.com\/se\/wp-json\/wp\/v2\/pages\/5276\/revisions"}],"predecessor-version":[{"id":5794,"href":"https:\/\/oddsium.com\/se\/wp-json\/wp\/v2\/pages\/5276\/revisions\/5794"}],"wp:attachment":[{"href":"https:\/\/oddsium.com\/se\/wp-json\/wp\/v2\/media?parent=5276"}],"curies":[{"name":"wp","href":"https:\/\/api.w.org\/{rel}","templated":true}]}}