{"id":5278,"date":"2026-04-13T11:55:55","date_gmt":"2026-04-13T09:55:55","guid":{"rendered":"https:\/\/oddsium.com\/se\/?page_id=5278"},"modified":"2026-04-17T13:47:59","modified_gmt":"2026-04-17T11:47:59","slug":"bettingbonus","status":"publish","type":"page","link":"https:\/\/oddsium.com\/se\/bettingbonus\/","title":{"rendered":"Bettingbonus \u2013 b\u00e4sta erbjudandena 2026"},"content":{"rendered":"\n<div id=\"ez-toc-container\" class=\"ez-toc-v2_0_81 counter-hierarchy ez-toc-counter ez-toc-grey ez-toc-container-direction\">\n<div class=\"ez-toc-title-container\">\n<p class=\"ez-toc-title\" style=\"cursor:inherit\">Table of Contents<\/p>\n<span class=\"ez-toc-title-toggle\"><a href=\"#\" class=\"ez-toc-pull-right ez-toc-btn ez-toc-btn-xs ez-toc-btn-default ez-toc-toggle\" aria-label=\"Toggle Table of Content\"><span class=\"ez-toc-js-icon-con\"><span class=\"\"><span class=\"eztoc-hide\" style=\"display:none;\">Toggle<\/span><span class=\"ez-toc-icon-toggle-span\"><svg style=\"fill: #999;color:#999\" xmlns=\"http:\/\/www.w3.org\/2000\/svg\" class=\"list-377408\" width=\"20px\" height=\"20px\" viewBox=\"0 0 24 24\" fill=\"none\"><path d=\"M6 6H4v2h2V6zm14 0H8v2h12V6zM4 11h2v2H4v-2zm16 0H8v2h12v-2zM4 16h2v2H4v-2zm16 0H8v2h12v-2z\" fill=\"currentColor\"><\/path><\/svg><svg style=\"fill: #999;color:#999\" class=\"arrow-unsorted-368013\" xmlns=\"http:\/\/www.w3.org\/2000\/svg\" width=\"10px\" height=\"10px\" viewBox=\"0 0 24 24\" version=\"1.2\" baseProfile=\"tiny\"><path d=\"M18.2 9.3l-6.2-6.3-6.2 6.3c-.2.2-.3.4-.3.7s.1.5.3.7c.2.2.4.3.7.3h11c.3 0 .5-.1.7-.3.2-.2.3-.5.3-.7s-.1-.5-.3-.7zM5.8 14.7l6.2 6.3 6.2-6.3c.2-.2.3-.5.3-.7s-.1-.5-.3-.7c-.2-.2-.4-.3-.7-.3h-11c-.3 0-.5.1-.7.3-.2.2-.3.5-.3.7s.1.5.3.7z\"\/><\/svg><\/span><\/span><\/span><\/a><\/span><\/div>\n<nav><ul class='ez-toc-list ez-toc-list-level-1 ' ><li class='ez-toc-page-1 ez-toc-heading-level-2'><a class=\"ez-toc-link ez-toc-heading-1\" href=\"https:\/\/oddsium.com\/se\/bettingbonus\/#bettingbonus-2026-%e2%80%93-basta-oddsbonusarna\" >Bettingbonus 2026 \u2013 B\u00e4sta oddsbonusarna<\/a><\/li><li class='ez-toc-page-1 ez-toc-heading-level-2'><a class=\"ez-toc-link ez-toc-heading-2\" href=\"https:\/\/oddsium.com\/se\/bettingbonus\/#populara-bettingbonusar-just-nu\" >Popul\u00e4ra bettingbonusar just nu<\/a><\/li><li class='ez-toc-page-1 ez-toc-heading-level-2'><a class=\"ez-toc-link ez-toc-heading-3\" href=\"https:\/\/oddsium.com\/se\/bettingbonus\/#sa-maximerar-du-din-bonus\" >S\u00e5 maximerar du din bonus<\/a><\/li><\/ul><\/nav><\/div>\n<h2 class=\"wp-block-heading\"><span class=\"ez-toc-section\" id=\"bettingbonus-2026-%e2%80%93-basta-oddsbonusarna\"><\/span>Bettingbonus 2026 \u2013 B\u00e4sta oddsbonusarna<span class=\"ez-toc-section-end\"><\/span><\/h2>\n\n\n\n<p>Letar du efter den b\u00e4sta <strong>bettingbonusen<\/strong>? Vi j\u00e4mf\u00f6r alla aktuella oddsbonus-erbjudanden fr\u00e5n <a href=\"\/se\/bettingsidor\/\">bettingsidor med svensk licens<\/a>. Fr\u00e5n ins\u00e4ttningsbonusar och <a href=\"\/se\/riskfria-spel\/\">riskfria spel<\/a> till <a href=\"\/se\/gratis-spel\/\">gratisspel<\/a> och <a href=\"\/se\/odds-utan-omsattningskrav\/\">odds utan oms\u00e4ttningskrav<\/a>.<\/p>\n\n\n\n<h2 class=\"wp-block-heading\"><span class=\"ez-toc-section\" id=\"populara-bettingbonusar-just-nu\"><\/span>Popul\u00e4ra bettingbonusar just nu<span class=\"ez-toc-section-end\"><\/span><\/h2>\n\n\n\n<p>De vanligaste typerna av bettingbonus i Sverige inkluderar matchade ins\u00e4ttningsbonusar (100% upp till 500 kr), riskfria spel (f\u00e5 insatsen tillbaka vid f\u00f6rlust), gratisspel (free bets utan ins\u00e4ttning) och oddsboost (f\u00f6rh\u00f6jda odds p\u00e5 utvalda matcher).<\/p>\n\n\n\n<h2 class=\"wp-block-heading\"><span class=\"ez-toc-section\" id=\"sa-maximerar-du-din-bonus\"><\/span>S\u00e5 maximerar du din bonus<span class=\"ez-toc-section-end\"><\/span><\/h2>\n\n\n\n<ul class=\"wp-block-list\">\n<li>J\u00e4mf\u00f6r <a href=\"\/se\/bonusar\/\">alla bonusar<\/a> innan du best\u00e4mmer dig.<\/li>\n<li>L\u00e4s oms\u00e4ttningskraven noggrant.<\/li>\n<li>Anv\u00e4nd bonusen p\u00e5 sporter du har koll p\u00e5.<\/li>\n<li>Satsa p\u00e5 odds som uppfyller minimiodds-kravet.<\/li>\n<li>H\u00e5ll koll p\u00e5 tidsgr\u00e4nsen f\u00f6r oms\u00e4ttning.<\/li>\n<\/ul>\n\n","protected":false},"excerpt":{"rendered":"<p>Bettingbonus 2026 \u2013 B\u00e4sta oddsbonusarna Letar du efter den b\u00e4sta bettingbonusen? Vi j\u00e4mf\u00f6r alla aktuella oddsbonus-erbjudanden fr\u00e5n bettingsidor med svensk licens. Fr\u00e5n ins\u00e4ttningsbonusar och riskfria spel till gratisspel och odds utan oms\u00e4ttningskrav. Popul\u00e4ra bettingbonusar just nu De vanligaste typerna av bettingbonus i Sverige inkluderar matchade ins\u00e4ttningsbonusar (100% upp till 500 kr), riskfria spel (f\u00e5 insatsen [&hellip;]<\/p>\n","protected":false},"author":12,"featured_media":0,"parent":0,"menu_order":0,"comment_status":"closed","ping_status":"closed","template":"betting.php","meta":{"_acf_changed":false,"om_disable_all_campaigns":false,"footnotes":""},"class_list":["post-5278","page","type-page","status-publish","hentry"],"acf":[],"aioseo_notices":[],"_links":{"self":[{"href":"https:\/\/oddsium.com\/se\/wp-json\/wp\/v2\/pages\/5278","targetHints":{"allow":["GET"]}}],"collection":[{"href":"https:\/\/oddsium.com\/se\/wp-json\/wp\/v2\/pages"}],"about":[{"href":"https:\/\/oddsium.com\/se\/wp-json\/wp\/v2\/types\/page"}],"author":[{"embeddable":true,"href":"https:\/\/oddsium.com\/se\/wp-json\/wp\/v2\/users\/12"}],"replies":[{"embeddable":true,"href":"https:\/\/oddsium.com\/se\/wp-json\/wp\/v2\/comments?post=5278"}],"version-history":[{"count":7,"href":"https:\/\/oddsium.com\/se\/wp-json\/wp\/v2\/pages\/5278\/revisions"}],"predecessor-version":[{"id":5792,"href":"https:\/\/oddsium.com\/se\/wp-json\/wp\/v2\/pages\/5278\/revisions\/5792"}],"wp:attachment":[{"href":"https:\/\/oddsium.com\/se\/wp-json\/wp\/v2\/media?parent=5278"}],"curies":[{"name":"wp","href":"https:\/\/api.w.org\/{rel}","templated":true}]}}