{"id":5279,"date":"2026-04-13T11:55:56","date_gmt":"2026-04-13T09:55:56","guid":{"rendered":"https:\/\/oddsium.com\/se\/?page_id=5279"},"modified":"2026-04-17T13:47:58","modified_gmt":"2026-04-17T11:47:58","slug":"gratis-spel","status":"publish","type":"page","link":"https:\/\/oddsium.com\/se\/gratis-spel\/","title":{"rendered":"Gratis spel \u2013 betta utan ins\u00e4ttning"},"content":{"rendered":"\n<div id=\"ez-toc-container\" class=\"ez-toc-v2_0_81 counter-hierarchy ez-toc-counter ez-toc-grey ez-toc-container-direction\">\n<div class=\"ez-toc-title-container\">\n<p class=\"ez-toc-title\" style=\"cursor:inherit\">Table of Contents<\/p>\n<span class=\"ez-toc-title-toggle\"><a href=\"#\" class=\"ez-toc-pull-right ez-toc-btn ez-toc-btn-xs ez-toc-btn-default ez-toc-toggle\" aria-label=\"Toggle Table of Content\"><span class=\"ez-toc-js-icon-con\"><span class=\"\"><span class=\"eztoc-hide\" style=\"display:none;\">Toggle<\/span><span class=\"ez-toc-icon-toggle-span\"><svg style=\"fill: #999;color:#999\" xmlns=\"http:\/\/www.w3.org\/2000\/svg\" class=\"list-377408\" width=\"20px\" height=\"20px\" viewBox=\"0 0 24 24\" fill=\"none\"><path d=\"M6 6H4v2h2V6zm14 0H8v2h12V6zM4 11h2v2H4v-2zm16 0H8v2h12v-2zM4 16h2v2H4v-2zm16 0H8v2h12v-2z\" fill=\"currentColor\"><\/path><\/svg><svg style=\"fill: #999;color:#999\" class=\"arrow-unsorted-368013\" xmlns=\"http:\/\/www.w3.org\/2000\/svg\" width=\"10px\" height=\"10px\" viewBox=\"0 0 24 24\" version=\"1.2\" baseProfile=\"tiny\"><path d=\"M18.2 9.3l-6.2-6.3-6.2 6.3c-.2.2-.3.4-.3.7s.1.5.3.7c.2.2.4.3.7.3h11c.3 0 .5-.1.7-.3.2-.2.3-.5.3-.7s-.1-.5-.3-.7zM5.8 14.7l6.2 6.3 6.2-6.3c.2-.2.3-.5.3-.7s-.1-.5-.3-.7c-.2-.2-.4-.3-.7-.3h-11c-.3 0-.5.1-.7.3-.2.2-.3.5-.3.7s.1.5.3.7z\"\/><\/svg><\/span><\/span><\/span><\/a><\/span><\/div>\n<nav><ul class='ez-toc-list ez-toc-list-level-1 ' ><li class='ez-toc-page-1 ez-toc-heading-level-2'><a class=\"ez-toc-link ez-toc-heading-1\" href=\"https:\/\/oddsium.com\/se\/gratis-spel\/#gratis-spel-2026-%e2%80%93-free-bets-utan-risk\" >Gratis spel 2026 \u2013 Free bets utan risk<\/a><\/li><li class='ez-toc-page-1 ez-toc-heading-level-2'><a class=\"ez-toc-link ez-toc-heading-2\" href=\"https:\/\/oddsium.com\/se\/gratis-spel\/#hur-fungerar-gratisspel\" >Hur fungerar gratisspel?<\/a><\/li><li class='ez-toc-page-1 ez-toc-heading-level-2'><a class=\"ez-toc-link ez-toc-heading-3\" href=\"https:\/\/oddsium.com\/se\/gratis-spel\/#gratisspel-vs-riskfria-spel\" >Gratisspel vs riskfria spel<\/a><\/li><\/ul><\/nav><\/div>\n<h2 class=\"wp-block-heading\"><span class=\"ez-toc-section\" id=\"gratis-spel-2026-%e2%80%93-free-bets-utan-risk\"><\/span>Gratis spel 2026 \u2013 Free bets utan risk<span class=\"ez-toc-section-end\"><\/span><\/h2>\n\n\n\n<p>Med <strong>gratisspel<\/strong> (free bets) kan du placera spel utan att anv\u00e4nda egna pengar. Det \u00e4r det mest riskfria s\u00e4ttet att testa en ny <a href=\"\/se\/bettingsidor\/\">bettingsida<\/a>. Vi har samlat de b\u00e4sta gratisspel-erbjudandena fr\u00e5n svenska licensierade spelbolag.<\/p>\n\n\n\n<h2 class=\"wp-block-heading\"><span class=\"ez-toc-section\" id=\"hur-fungerar-gratisspel\"><\/span>Hur fungerar gratisspel?<span class=\"ez-toc-section-end\"><\/span><\/h2>\n\n\n\n<p>Du f\u00e5r ett free bet-belopp som du kan anv\u00e4nda p\u00e5 valfritt spel (inom eventuella restriktioner). Om ditt spel vinner f\u00e5r du vinsten, men free bet-insatsen r\u00e4knas inte med. Vinner du exempelvis med 3.00 i odds p\u00e5 ett gratisspel v\u00e4rt 100 kr f\u00e5r du 200 kr i vinst (3 x 100 minus insatsen).<\/p>\n\n\n\n<h2 class=\"wp-block-heading\"><span class=\"ez-toc-section\" id=\"gratisspel-vs-riskfria-spel\"><\/span>Gratisspel vs riskfria spel<span class=\"ez-toc-section-end\"><\/span><\/h2>\n\n\n\n<p>Med <a href=\"\/se\/riskfria-spel\/\">riskfria spel<\/a> satsar du egna pengar men f\u00e5r dem tillbaka om du f\u00f6rlorar. Med gratisspel spelar du helt med spelbolagets pengar. B\u00e5da \u00e4r bra erbjudanden som du kan hitta i v\u00e5r <a href=\"\/se\/bonusar\/\">bonus\u00f6versikt<\/a>.<\/p>\n\n","protected":false},"excerpt":{"rendered":"<p>Gratis spel 2026 \u2013 Free bets utan risk Med gratisspel (free bets) kan du placera spel utan att anv\u00e4nda egna pengar. Det \u00e4r det mest riskfria s\u00e4ttet att testa en ny bettingsida. Vi har samlat de b\u00e4sta gratisspel-erbjudandena fr\u00e5n svenska licensierade spelbolag. Hur fungerar gratisspel? Du f\u00e5r ett free bet-belopp som du kan anv\u00e4nda p\u00e5 [&hellip;]<\/p>\n","protected":false},"author":12,"featured_media":0,"parent":0,"menu_order":0,"comment_status":"closed","ping_status":"closed","template":"betting.php","meta":{"_acf_changed":false,"om_disable_all_campaigns":false,"footnotes":""},"class_list":["post-5279","page","type-page","status-publish","hentry"],"acf":[],"aioseo_notices":[],"_links":{"self":[{"href":"https:\/\/oddsium.com\/se\/wp-json\/wp\/v2\/pages\/5279","targetHints":{"allow":["GET"]}}],"collection":[{"href":"https:\/\/oddsium.com\/se\/wp-json\/wp\/v2\/pages"}],"about":[{"href":"https:\/\/oddsium.com\/se\/wp-json\/wp\/v2\/types\/page"}],"author":[{"embeddable":true,"href":"https:\/\/oddsium.com\/se\/wp-json\/wp\/v2\/users\/12"}],"replies":[{"embeddable":true,"href":"https:\/\/oddsium.com\/se\/wp-json\/wp\/v2\/comments?post=5279"}],"version-history":[{"count":7,"href":"https:\/\/oddsium.com\/se\/wp-json\/wp\/v2\/pages\/5279\/revisions"}],"predecessor-version":[{"id":5791,"href":"https:\/\/oddsium.com\/se\/wp-json\/wp\/v2\/pages\/5279\/revisions\/5791"}],"wp:attachment":[{"href":"https:\/\/oddsium.com\/se\/wp-json\/wp\/v2\/media?parent=5279"}],"curies":[{"name":"wp","href":"https:\/\/api.w.org\/{rel}","templated":true}]}}