{"id":5280,"date":"2026-04-13T11:55:56","date_gmt":"2026-04-13T09:55:56","guid":{"rendered":"https:\/\/oddsium.com\/se\/?page_id=5280"},"modified":"2026-04-17T13:47:58","modified_gmt":"2026-04-17T11:47:58","slug":"bonuskoder","status":"publish","type":"page","link":"https:\/\/oddsium.com\/se\/bonuskoder\/","title":{"rendered":"Bonuskoder f\u00f6r betting 2026"},"content":{"rendered":"\n<div id=\"ez-toc-container\" class=\"ez-toc-v2_0_81 counter-hierarchy ez-toc-counter ez-toc-grey ez-toc-container-direction\">\n<div class=\"ez-toc-title-container\">\n<p class=\"ez-toc-title\" style=\"cursor:inherit\">Table of Contents<\/p>\n<span class=\"ez-toc-title-toggle\"><a href=\"#\" class=\"ez-toc-pull-right ez-toc-btn ez-toc-btn-xs ez-toc-btn-default ez-toc-toggle\" aria-label=\"Toggle Table of Content\"><span class=\"ez-toc-js-icon-con\"><span class=\"\"><span class=\"eztoc-hide\" style=\"display:none;\">Toggle<\/span><span class=\"ez-toc-icon-toggle-span\"><svg style=\"fill: #999;color:#999\" xmlns=\"http:\/\/www.w3.org\/2000\/svg\" class=\"list-377408\" width=\"20px\" height=\"20px\" viewBox=\"0 0 24 24\" fill=\"none\"><path d=\"M6 6H4v2h2V6zm14 0H8v2h12V6zM4 11h2v2H4v-2zm16 0H8v2h12v-2zM4 16h2v2H4v-2zm16 0H8v2h12v-2z\" fill=\"currentColor\"><\/path><\/svg><svg style=\"fill: #999;color:#999\" class=\"arrow-unsorted-368013\" xmlns=\"http:\/\/www.w3.org\/2000\/svg\" width=\"10px\" height=\"10px\" viewBox=\"0 0 24 24\" version=\"1.2\" baseProfile=\"tiny\"><path d=\"M18.2 9.3l-6.2-6.3-6.2 6.3c-.2.2-.3.4-.3.7s.1.5.3.7c.2.2.4.3.7.3h11c.3 0 .5-.1.7-.3.2-.2.3-.5.3-.7s-.1-.5-.3-.7zM5.8 14.7l6.2 6.3 6.2-6.3c.2-.2.3-.5.3-.7s-.1-.5-.3-.7c-.2-.2-.4-.3-.7-.3h-11c-.3 0-.5.1-.7.3-.2.2-.3.5-.3.7s.1.5.3.7z\"\/><\/svg><\/span><\/span><\/span><\/a><\/span><\/div>\n<nav><ul class='ez-toc-list ez-toc-list-level-1 ' ><li class='ez-toc-page-1 ez-toc-heading-level-2'><a class=\"ez-toc-link ez-toc-heading-1\" href=\"https:\/\/oddsium.com\/se\/bonuskoder\/#bonuskoder-2026-%e2%80%93-exklusiva-koder-for-bettingsidor\" >Bonuskoder 2026 \u2013 Exklusiva koder f\u00f6r bettingsidor<\/a><\/li><li class='ez-toc-page-1 ez-toc-heading-level-2'><a class=\"ez-toc-link ez-toc-heading-2\" href=\"https:\/\/oddsium.com\/se\/bonuskoder\/#hur-anvander-du-en-bonuskod\" >Hur anv\u00e4nder du en bonuskod?<\/a><\/li><li class='ez-toc-page-1 ez-toc-heading-level-2'><a class=\"ez-toc-link ez-toc-heading-3\" href=\"https:\/\/oddsium.com\/se\/bonuskoder\/#tips\" >Tips<\/a><\/li><\/ul><\/nav><\/div>\n<h2 class=\"wp-block-heading\"><span class=\"ez-toc-section\" id=\"bonuskoder-2026-%e2%80%93-exklusiva-koder-for-bettingsidor\"><\/span>Bonuskoder 2026 \u2013 Exklusiva koder f\u00f6r bettingsidor<span class=\"ez-toc-section-end\"><\/span><\/h2>\n\n\n\n<p>Med r\u00e4tt <strong>bonuskod<\/strong> kan du l\u00e5sa upp exklusiva erbjudanden hos svenska <a href=\"\/se\/bettingsidor\/\">bettingsidor<\/a>. Vi samlar och verifierar aktuella bonuskoder s\u00e5 att du alltid f\u00e5r b\u00e4sta m\u00f6jliga deal vid registrering. Alla koder g\u00e4ller hos spelbolag med svensk licens.<\/p>\n\n\n\n<h2 class=\"wp-block-heading\"><span class=\"ez-toc-section\" id=\"hur-anvander-du-en-bonuskod\"><\/span>Hur anv\u00e4nder du en bonuskod?<span class=\"ez-toc-section-end\"><\/span><\/h2>\n\n\n\n<ol class=\"wp-block-list\">\n<li>Kopiera bonuskoden fr\u00e5n v\u00e5r lista.<\/li>\n<li>Registrera dig hos spelbolaget (eller logga in med <a href=\"\/se\/bettingsidor-med-bankid\/\">BankID<\/a>).<\/li>\n<li>Ange koden i bonusf\u00e4ltet vid registrering eller ins\u00e4ttning.<\/li>\n<li>Din bonus aktiveras automatiskt.<\/li>\n<\/ol>\n\n\n\n<h2 class=\"wp-block-heading\"><span class=\"ez-toc-section\" id=\"tips\"><\/span>Tips<span class=\"ez-toc-section-end\"><\/span><\/h2>\n\n\n\n<p>Bonuskoder har oftast ett utg\u00e5ngsdatum, s\u00e5 anv\u00e4nd dem i tid. Kolla alltid villkoren \u2013 vissa koder ger <a href=\"\/se\/riskfria-spel\/\">riskfria spel<\/a>, andra ins\u00e4ttningsbonusar eller <a href=\"\/se\/gratis-spel\/\">gratisspel<\/a>. J\u00e4mf\u00f6r med v\u00e5ra \u00f6vriga <a href=\"\/se\/bonusar\/\">bonuserbjudanden<\/a> f\u00f6r att hitta b\u00e4st v\u00e4rde.<\/p>\n\n","protected":false},"excerpt":{"rendered":"<p>Bonuskoder 2026 \u2013 Exklusiva koder f\u00f6r bettingsidor Med r\u00e4tt bonuskod kan du l\u00e5sa upp exklusiva erbjudanden hos svenska bettingsidor. Vi samlar och verifierar aktuella bonuskoder s\u00e5 att du alltid f\u00e5r b\u00e4sta m\u00f6jliga deal vid registrering. Alla koder g\u00e4ller hos spelbolag med svensk licens. Hur anv\u00e4nder du en bonuskod? Kopiera bonuskoden fr\u00e5n v\u00e5r lista. Registrera dig [&hellip;]<\/p>\n","protected":false},"author":12,"featured_media":0,"parent":0,"menu_order":0,"comment_status":"closed","ping_status":"closed","template":"betting.php","meta":{"_acf_changed":false,"om_disable_all_campaigns":false,"footnotes":""},"class_list":["post-5280","page","type-page","status-publish","hentry"],"acf":[],"aioseo_notices":[],"_links":{"self":[{"href":"https:\/\/oddsium.com\/se\/wp-json\/wp\/v2\/pages\/5280","targetHints":{"allow":["GET"]}}],"collection":[{"href":"https:\/\/oddsium.com\/se\/wp-json\/wp\/v2\/pages"}],"about":[{"href":"https:\/\/oddsium.com\/se\/wp-json\/wp\/v2\/types\/page"}],"author":[{"embeddable":true,"href":"https:\/\/oddsium.com\/se\/wp-json\/wp\/v2\/users\/12"}],"replies":[{"embeddable":true,"href":"https:\/\/oddsium.com\/se\/wp-json\/wp\/v2\/comments?post=5280"}],"version-history":[{"count":7,"href":"https:\/\/oddsium.com\/se\/wp-json\/wp\/v2\/pages\/5280\/revisions"}],"predecessor-version":[{"id":5790,"href":"https:\/\/oddsium.com\/se\/wp-json\/wp\/v2\/pages\/5280\/revisions\/5790"}],"wp:attachment":[{"href":"https:\/\/oddsium.com\/se\/wp-json\/wp\/v2\/media?parent=5280"}],"curies":[{"name":"wp","href":"https:\/\/api.w.org\/{rel}","templated":true}]}}