{"id":5282,"date":"2026-04-13T11:55:56","date_gmt":"2026-04-13T09:55:56","guid":{"rendered":"https:\/\/oddsium.com\/se\/?page_id=5282"},"modified":"2026-04-17T13:47:58","modified_gmt":"2026-04-17T11:47:58","slug":"casino-bonus","status":"publish","type":"page","link":"https:\/\/oddsium.com\/se\/casino-bonus\/","title":{"rendered":"Casino bonus \u2013 b\u00e4sta erbjudandena 2026"},"content":{"rendered":"\n<div id=\"ez-toc-container\" class=\"ez-toc-v2_0_81 counter-hierarchy ez-toc-counter ez-toc-grey ez-toc-container-direction\">\n<div class=\"ez-toc-title-container\">\n<p class=\"ez-toc-title\" style=\"cursor:inherit\">Table of Contents<\/p>\n<span class=\"ez-toc-title-toggle\"><a href=\"#\" class=\"ez-toc-pull-right ez-toc-btn ez-toc-btn-xs ez-toc-btn-default ez-toc-toggle\" aria-label=\"Toggle Table of Content\"><span class=\"ez-toc-js-icon-con\"><span class=\"\"><span class=\"eztoc-hide\" style=\"display:none;\">Toggle<\/span><span class=\"ez-toc-icon-toggle-span\"><svg style=\"fill: #999;color:#999\" xmlns=\"http:\/\/www.w3.org\/2000\/svg\" class=\"list-377408\" width=\"20px\" height=\"20px\" viewBox=\"0 0 24 24\" fill=\"none\"><path d=\"M6 6H4v2h2V6zm14 0H8v2h12V6zM4 11h2v2H4v-2zm16 0H8v2h12v-2zM4 16h2v2H4v-2zm16 0H8v2h12v-2z\" fill=\"currentColor\"><\/path><\/svg><svg style=\"fill: #999;color:#999\" class=\"arrow-unsorted-368013\" xmlns=\"http:\/\/www.w3.org\/2000\/svg\" width=\"10px\" height=\"10px\" viewBox=\"0 0 24 24\" version=\"1.2\" baseProfile=\"tiny\"><path d=\"M18.2 9.3l-6.2-6.3-6.2 6.3c-.2.2-.3.4-.3.7s.1.5.3.7c.2.2.4.3.7.3h11c.3 0 .5-.1.7-.3.2-.2.3-.5.3-.7s-.1-.5-.3-.7zM5.8 14.7l6.2 6.3 6.2-6.3c.2-.2.3-.5.3-.7s-.1-.5-.3-.7c-.2-.2-.4-.3-.7-.3h-11c-.3 0-.5.1-.7.3-.2.2-.3.5-.3.7s.1.5.3.7z\"\/><\/svg><\/span><\/span><\/span><\/a><\/span><\/div>\n<nav><ul class='ez-toc-list ez-toc-list-level-1 ' ><li class='ez-toc-page-1 ez-toc-heading-level-2'><a class=\"ez-toc-link ez-toc-heading-1\" href=\"https:\/\/oddsium.com\/se\/casino-bonus\/#casino-bonus-2026-%e2%80%93-basta-bonusarna-hos-svenska-casinon\" >Casino bonus 2026 \u2013 B\u00e4sta bonusarna hos svenska casinon<\/a><\/li><li class='ez-toc-page-1 ez-toc-heading-level-2'><a class=\"ez-toc-link ez-toc-heading-2\" href=\"https:\/\/oddsium.com\/se\/casino-bonus\/#typer-av-casino-bonusar\" >Typer av casino bonusar<\/a><\/li><li class='ez-toc-page-1 ez-toc-heading-level-2'><a class=\"ez-toc-link ez-toc-heading-3\" href=\"https:\/\/oddsium.com\/se\/casino-bonus\/#sa-jamfor-du-casino-bonusar\" >S\u00e5 j\u00e4mf\u00f6r du casino bonusar<\/a><\/li><\/ul><\/nav><\/div>\n<h2 class=\"wp-block-heading\"><span class=\"ez-toc-section\" id=\"casino-bonus-2026-%e2%80%93-basta-bonusarna-hos-svenska-casinon\"><\/span>Casino bonus 2026 \u2013 B\u00e4sta bonusarna hos svenska casinon<span class=\"ez-toc-section-end\"><\/span><\/h2>\n\n\n\n<p>En gener\u00f6s <strong>casino bonus<\/strong> kan ge dig en flygande start hos ett nytt <a href=\"\/se\/casino-online\/\">online casino<\/a>. Vi j\u00e4mf\u00f6r de b\u00e4sta casinobonusarna i Sverige \u2013 fr\u00e5n ins\u00e4ttningsbonusar och <a href=\"\/se\/free-spins\/\">free spins<\/a> till cashback-erbjudanden. Alla casinon har svensk spellicens.<\/p>\n\n\n\n<h2 class=\"wp-block-heading\"><span class=\"ez-toc-section\" id=\"typer-av-casino-bonusar\"><\/span>Typer av casino bonusar<span class=\"ez-toc-section-end\"><\/span><\/h2>\n\n\n\n<ul class=\"wp-block-list\">\n<li><strong>V\u00e4lkomstbonus<\/strong> \u2013 matchad ins\u00e4ttningsbonus, ofta 100% upp till 5 000 kr.<\/li>\n<li><strong>Free spins<\/strong> \u2013 <a href=\"\/se\/free-spins\/\">gratissnurr<\/a> p\u00e5 utvalda slots, ibland utan oms\u00e4ttningskrav.<\/li>\n<li><strong>Cashback<\/strong> \u2013 en procentuell \u00e5terbetalning p\u00e5 nettof\u00f6rluster.<\/li>\n<li><strong>Reload bonus<\/strong> \u2013 bonusar vid efterf\u00f6ljande ins\u00e4ttningar.<\/li>\n<li><strong>VIP-program<\/strong> \u2013 lojalitetsprogram med exklusiva f\u00f6rm\u00e5ner.<\/li>\n<\/ul>\n\n\n\n<h2 class=\"wp-block-heading\"><span class=\"ez-toc-section\" id=\"sa-jamfor-du-casino-bonusar\"><\/span>S\u00e5 j\u00e4mf\u00f6r du casino bonusar<span class=\"ez-toc-section-end\"><\/span><\/h2>\n\n\n\n<p>Titta inte bara p\u00e5 bonusbeloppet \u2013 oms\u00e4ttningskraven \u00e4r minst lika viktiga. En bonus p\u00e5 1 000 kr med 40x oms\u00e4ttning kr\u00e4ver att du spelar f\u00f6r 40 000 kr, medan samma bonus med 20x oms\u00e4ttning bara kr\u00e4ver 20 000 kr. Vi rekommenderar att du alltid kollar oms\u00e4ttningskrav, tidsgr\u00e4ns och vilka spel som bidrar till oms\u00e4ttningen.<\/p>\n\n","protected":false},"excerpt":{"rendered":"<p>Casino bonus 2026 \u2013 B\u00e4sta bonusarna hos svenska casinon En gener\u00f6s casino bonus kan ge dig en flygande start hos ett nytt online casino. Vi j\u00e4mf\u00f6r de b\u00e4sta casinobonusarna i Sverige \u2013 fr\u00e5n ins\u00e4ttningsbonusar och free spins till cashback-erbjudanden. Alla casinon har svensk spellicens. Typer av casino bonusar V\u00e4lkomstbonus \u2013 matchad ins\u00e4ttningsbonus, ofta 100% upp [&hellip;]<\/p>\n","protected":false},"author":12,"featured_media":0,"parent":0,"menu_order":0,"comment_status":"closed","ping_status":"closed","template":"casino.php","meta":{"_acf_changed":false,"om_disable_all_campaigns":false,"footnotes":""},"class_list":["post-5282","page","type-page","status-publish","hentry"],"acf":[],"aioseo_notices":[],"_links":{"self":[{"href":"https:\/\/oddsium.com\/se\/wp-json\/wp\/v2\/pages\/5282","targetHints":{"allow":["GET"]}}],"collection":[{"href":"https:\/\/oddsium.com\/se\/wp-json\/wp\/v2\/pages"}],"about":[{"href":"https:\/\/oddsium.com\/se\/wp-json\/wp\/v2\/types\/page"}],"author":[{"embeddable":true,"href":"https:\/\/oddsium.com\/se\/wp-json\/wp\/v2\/users\/12"}],"replies":[{"embeddable":true,"href":"https:\/\/oddsium.com\/se\/wp-json\/wp\/v2\/comments?post=5282"}],"version-history":[{"count":7,"href":"https:\/\/oddsium.com\/se\/wp-json\/wp\/v2\/pages\/5282\/revisions"}],"predecessor-version":[{"id":5788,"href":"https:\/\/oddsium.com\/se\/wp-json\/wp\/v2\/pages\/5282\/revisions\/5788"}],"wp:attachment":[{"href":"https:\/\/oddsium.com\/se\/wp-json\/wp\/v2\/media?parent=5282"}],"curies":[{"name":"wp","href":"https:\/\/api.w.org\/{rel}","templated":true}]}}