{"id":5283,"date":"2026-04-13T11:55:57","date_gmt":"2026-04-13T09:55:57","guid":{"rendered":"https:\/\/oddsium.com\/se\/?page_id=5283"},"modified":"2026-04-17T13:47:57","modified_gmt":"2026-04-17T11:47:57","slug":"casino-utan-konto","status":"publish","type":"page","link":"https:\/\/oddsium.com\/se\/casino-utan-konto\/","title":{"rendered":"Casino utan konto 2026"},"content":{"rendered":"\n<div id=\"ez-toc-container\" class=\"ez-toc-v2_0_81 counter-hierarchy ez-toc-counter ez-toc-grey ez-toc-container-direction\">\n<div class=\"ez-toc-title-container\">\n<p class=\"ez-toc-title\" style=\"cursor:inherit\">Table of Contents<\/p>\n<span class=\"ez-toc-title-toggle\"><a href=\"#\" class=\"ez-toc-pull-right ez-toc-btn ez-toc-btn-xs ez-toc-btn-default ez-toc-toggle\" aria-label=\"Toggle Table of Content\"><span class=\"ez-toc-js-icon-con\"><span class=\"\"><span class=\"eztoc-hide\" style=\"display:none;\">Toggle<\/span><span class=\"ez-toc-icon-toggle-span\"><svg style=\"fill: #999;color:#999\" xmlns=\"http:\/\/www.w3.org\/2000\/svg\" class=\"list-377408\" width=\"20px\" height=\"20px\" viewBox=\"0 0 24 24\" fill=\"none\"><path d=\"M6 6H4v2h2V6zm14 0H8v2h12V6zM4 11h2v2H4v-2zm16 0H8v2h12v-2zM4 16h2v2H4v-2zm16 0H8v2h12v-2z\" fill=\"currentColor\"><\/path><\/svg><svg style=\"fill: #999;color:#999\" class=\"arrow-unsorted-368013\" xmlns=\"http:\/\/www.w3.org\/2000\/svg\" width=\"10px\" height=\"10px\" viewBox=\"0 0 24 24\" version=\"1.2\" baseProfile=\"tiny\"><path d=\"M18.2 9.3l-6.2-6.3-6.2 6.3c-.2.2-.3.4-.3.7s.1.5.3.7c.2.2.4.3.7.3h11c.3 0 .5-.1.7-.3.2-.2.3-.5.3-.7s-.1-.5-.3-.7zM5.8 14.7l6.2 6.3 6.2-6.3c.2-.2.3-.5.3-.7s-.1-.5-.3-.7c-.2-.2-.4-.3-.7-.3h-11c-.3 0-.5.1-.7.3-.2.2-.3.5-.3.7s.1.5.3.7z\"\/><\/svg><\/span><\/span><\/span><\/a><\/span><\/div>\n<nav><ul class='ez-toc-list ez-toc-list-level-1 ' ><li class='ez-toc-page-1 ez-toc-heading-level-2'><a class=\"ez-toc-link ez-toc-heading-1\" href=\"https:\/\/oddsium.com\/se\/casino-utan-konto\/#casino-utan-konto-2026-%e2%80%93-spela-med-bankid-direkt\" >Casino utan konto 2026 \u2013 Spela med BankID direkt<\/a><\/li><li class='ez-toc-page-1 ez-toc-heading-level-2'><a class=\"ez-toc-link ez-toc-heading-2\" href=\"https:\/\/oddsium.com\/se\/casino-utan-konto\/#fordelar-med-casino-utan-konto\" >F\u00f6rdelar med casino utan konto<\/a><\/li><\/ul><\/nav><\/div>\n<h2 class=\"wp-block-heading\"><span class=\"ez-toc-section\" id=\"casino-utan-konto-2026-%e2%80%93-spela-med-bankid-direkt\"><\/span>Casino utan konto 2026 \u2013 Spela med BankID direkt<span class=\"ez-toc-section-end\"><\/span><\/h2>\n\n\n\n<p><strong>Casino utan konto<\/strong> fungerar precis som <a href=\"\/se\/betting-utan-konto\/\">betting utan konto<\/a> \u2013 du loggar in med BankID, g\u00f6r en ins\u00e4ttning och b\u00f6rjar spela direkt. Ingen registrering, inga formul\u00e4r, inga v\u00e4ntetider. Uttag landar p\u00e5 ditt bankkonto inom minuter.<\/p>\n\n\n\n<h2 class=\"wp-block-heading\"><span class=\"ez-toc-section\" id=\"fordelar-med-casino-utan-konto\"><\/span>F\u00f6rdelar med casino utan konto<span class=\"ez-toc-section-end\"><\/span><\/h2>\n\n\n\n<ul class=\"wp-block-list\">\n<li><strong>Spela inom 30 sekunder<\/strong> \u2013 inget registreringsformul\u00e4r.<\/li>\n<li><strong>Snabbaste uttagen<\/strong> \u2013 vanligtvis 5\u201315 minuter.<\/li>\n<li><strong>BankID-s\u00e4kerhet<\/strong> \u2013 tryggare \u00e4n l\u00f6senord.<\/li>\n<li><strong>Samma spelutbud<\/strong> \u2013 tillg\u00e5ng till alla slots, bordsspel och live casino.<\/li>\n<li><strong>Bonusar tillg\u00e4ngliga<\/strong> \u2013 de flesta erbjuder <a href=\"\/se\/casino-bonus\/\">casino bonus<\/a> och <a href=\"\/se\/free-spins\/\">free spins<\/a>.<\/li>\n<\/ul>\n\n","protected":false},"excerpt":{"rendered":"<p>Casino utan konto 2026 \u2013 Spela med BankID direkt Casino utan konto fungerar precis som betting utan konto \u2013 du loggar in med BankID, g\u00f6r en ins\u00e4ttning och b\u00f6rjar spela direkt. Ingen registrering, inga formul\u00e4r, inga v\u00e4ntetider. Uttag landar p\u00e5 ditt bankkonto inom minuter. F\u00f6rdelar med casino utan konto Spela inom 30 sekunder \u2013 inget [&hellip;]<\/p>\n","protected":false},"author":12,"featured_media":0,"parent":0,"menu_order":0,"comment_status":"closed","ping_status":"closed","template":"casino.php","meta":{"_acf_changed":false,"om_disable_all_campaigns":false,"footnotes":""},"class_list":["post-5283","page","type-page","status-publish","hentry"],"acf":[],"aioseo_notices":[],"_links":{"self":[{"href":"https:\/\/oddsium.com\/se\/wp-json\/wp\/v2\/pages\/5283","targetHints":{"allow":["GET"]}}],"collection":[{"href":"https:\/\/oddsium.com\/se\/wp-json\/wp\/v2\/pages"}],"about":[{"href":"https:\/\/oddsium.com\/se\/wp-json\/wp\/v2\/types\/page"}],"author":[{"embeddable":true,"href":"https:\/\/oddsium.com\/se\/wp-json\/wp\/v2\/users\/12"}],"replies":[{"embeddable":true,"href":"https:\/\/oddsium.com\/se\/wp-json\/wp\/v2\/comments?post=5283"}],"version-history":[{"count":7,"href":"https:\/\/oddsium.com\/se\/wp-json\/wp\/v2\/pages\/5283\/revisions"}],"predecessor-version":[{"id":5787,"href":"https:\/\/oddsium.com\/se\/wp-json\/wp\/v2\/pages\/5283\/revisions\/5787"}],"wp:attachment":[{"href":"https:\/\/oddsium.com\/se\/wp-json\/wp\/v2\/media?parent=5283"}],"curies":[{"name":"wp","href":"https:\/\/api.w.org\/{rel}","templated":true}]}}