{"id":5284,"date":"2026-04-13T11:55:57","date_gmt":"2026-04-13T09:55:57","guid":{"rendered":"https:\/\/oddsium.com\/se\/?page_id=5284"},"modified":"2026-04-17T13:47:57","modified_gmt":"2026-04-17T11:47:57","slug":"free-spins","status":"publish","type":"page","link":"https:\/\/oddsium.com\/se\/free-spins\/","title":{"rendered":"Free spins \u2013 b\u00e4sta erbjudandena 2026"},"content":{"rendered":"\n<div id=\"ez-toc-container\" class=\"ez-toc-v2_0_81 counter-hierarchy ez-toc-counter ez-toc-grey ez-toc-container-direction\">\n<div class=\"ez-toc-title-container\">\n<p class=\"ez-toc-title\" style=\"cursor:inherit\">Table of Contents<\/p>\n<span class=\"ez-toc-title-toggle\"><a href=\"#\" class=\"ez-toc-pull-right ez-toc-btn ez-toc-btn-xs ez-toc-btn-default ez-toc-toggle\" aria-label=\"Toggle Table of Content\"><span class=\"ez-toc-js-icon-con\"><span class=\"\"><span class=\"eztoc-hide\" style=\"display:none;\">Toggle<\/span><span class=\"ez-toc-icon-toggle-span\"><svg style=\"fill: #999;color:#999\" xmlns=\"http:\/\/www.w3.org\/2000\/svg\" class=\"list-377408\" width=\"20px\" height=\"20px\" viewBox=\"0 0 24 24\" fill=\"none\"><path d=\"M6 6H4v2h2V6zm14 0H8v2h12V6zM4 11h2v2H4v-2zm16 0H8v2h12v-2zM4 16h2v2H4v-2zm16 0H8v2h12v-2z\" fill=\"currentColor\"><\/path><\/svg><svg style=\"fill: #999;color:#999\" class=\"arrow-unsorted-368013\" xmlns=\"http:\/\/www.w3.org\/2000\/svg\" width=\"10px\" height=\"10px\" viewBox=\"0 0 24 24\" version=\"1.2\" baseProfile=\"tiny\"><path d=\"M18.2 9.3l-6.2-6.3-6.2 6.3c-.2.2-.3.4-.3.7s.1.5.3.7c.2.2.4.3.7.3h11c.3 0 .5-.1.7-.3.2-.2.3-.5.3-.7s-.1-.5-.3-.7zM5.8 14.7l6.2 6.3 6.2-6.3c.2-.2.3-.5.3-.7s-.1-.5-.3-.7c-.2-.2-.4-.3-.7-.3h-11c-.3 0-.5.1-.7.3-.2.2-.3.5-.3.7s.1.5.3.7z\"\/><\/svg><\/span><\/span><\/span><\/a><\/span><\/div>\n<nav><ul class='ez-toc-list ez-toc-list-level-1 ' ><li class='ez-toc-page-1 ez-toc-heading-level-2'><a class=\"ez-toc-link ez-toc-heading-1\" href=\"https:\/\/oddsium.com\/se\/free-spins\/#free-spins-2026-%e2%80%93-basta-gratissnurren-i-sverige\" >Free spins 2026 \u2013 B\u00e4sta gratissnurren i Sverige<\/a><\/li><li class='ez-toc-page-1 ez-toc-heading-level-2'><a class=\"ez-toc-link ez-toc-heading-2\" href=\"https:\/\/oddsium.com\/se\/free-spins\/#typer-av-free-spins\" >Typer av free spins<\/a><\/li><li class='ez-toc-page-1 ez-toc-heading-level-2'><a class=\"ez-toc-link ez-toc-heading-3\" href=\"https:\/\/oddsium.com\/se\/free-spins\/#vad-bor-du-kolla\" >Vad b\u00f6r du kolla?<\/a><\/li><\/ul><\/nav><\/div>\n<h2 class=\"wp-block-heading\"><span class=\"ez-toc-section\" id=\"free-spins-2026-%e2%80%93-basta-gratissnurren-i-sverige\"><\/span>Free spins 2026 \u2013 B\u00e4sta gratissnurren i Sverige<span class=\"ez-toc-section-end\"><\/span><\/h2>\n\n\n\n<p><strong>Free spins<\/strong> (gratissnurr) \u00e4r ett av de popul\u00e4raste erbjudandena p\u00e5 <a href=\"\/se\/casino-online\/\">svenska online casinon<\/a>. Du f\u00e5r spinna p\u00e5 utvalda spelautomater utan att anv\u00e4nda egna pengar \u2013 och vinsterna kan bli dina att beh\u00e5lla. Vi j\u00e4mf\u00f6r de b\u00e4sta free spins-erbjudandena i Sverige.<\/p>\n\n\n\n<h2 class=\"wp-block-heading\"><span class=\"ez-toc-section\" id=\"typer-av-free-spins\"><\/span>Typer av free spins<span class=\"ez-toc-section-end\"><\/span><\/h2>\n\n\n\n<ul class=\"wp-block-list\">\n<li><strong>V\u00e4lkomst free spins<\/strong> \u2013 ing\u00e5r ofta i <a href=\"\/se\/casino-bonus\/\">v\u00e4lkomstpaketet<\/a> vid registrering.<\/li>\n<li><strong>Free spins utan ins\u00e4ttning<\/strong> \u2013 ges vid registrering utan krav p\u00e5 ins\u00e4ttning.<\/li>\n<li><strong>Oms\u00e4ttningsfria free spins<\/strong> \u2013 vinsterna betalas ut direkt utan <a href=\"\/se\/odds-utan-omsattningskrav\/\">oms\u00e4ttningskrav<\/a>.<\/li>\n<li><strong>Dagliga\/veckovisa free spins<\/strong> \u2013 l\u00f6pande erbjudanden f\u00f6r befintliga spelare.<\/li>\n<\/ul>\n\n\n\n<h2 class=\"wp-block-heading\"><span class=\"ez-toc-section\" id=\"vad-bor-du-kolla\"><\/span>Vad b\u00f6r du kolla?<span class=\"ez-toc-section-end\"><\/span><\/h2>\n\n\n\n<p>Free spins-v\u00e4rdet beror p\u00e5 insatsniv\u00e5n per snurr (vanligtvis 1\u20135 kr), vilken slot de g\u00e4ller och om de har oms\u00e4ttningskrav. Oms\u00e4ttningsfria free spins \u00e4r mest v\u00e4rdefulla eftersom hela vinsten \u00e4r din direkt.<\/p>\n\n","protected":false},"excerpt":{"rendered":"<p>Free spins 2026 \u2013 B\u00e4sta gratissnurren i Sverige Free spins (gratissnurr) \u00e4r ett av de popul\u00e4raste erbjudandena p\u00e5 svenska online casinon. Du f\u00e5r spinna p\u00e5 utvalda spelautomater utan att anv\u00e4nda egna pengar \u2013 och vinsterna kan bli dina att beh\u00e5lla. Vi j\u00e4mf\u00f6r de b\u00e4sta free spins-erbjudandena i Sverige. Typer av free spins V\u00e4lkomst free spins [&hellip;]<\/p>\n","protected":false},"author":12,"featured_media":0,"parent":0,"menu_order":0,"comment_status":"closed","ping_status":"closed","template":"casino.php","meta":{"_acf_changed":false,"om_disable_all_campaigns":false,"footnotes":""},"class_list":["post-5284","page","type-page","status-publish","hentry"],"acf":[],"aioseo_notices":[],"_links":{"self":[{"href":"https:\/\/oddsium.com\/se\/wp-json\/wp\/v2\/pages\/5284","targetHints":{"allow":["GET"]}}],"collection":[{"href":"https:\/\/oddsium.com\/se\/wp-json\/wp\/v2\/pages"}],"about":[{"href":"https:\/\/oddsium.com\/se\/wp-json\/wp\/v2\/types\/page"}],"author":[{"embeddable":true,"href":"https:\/\/oddsium.com\/se\/wp-json\/wp\/v2\/users\/12"}],"replies":[{"embeddable":true,"href":"https:\/\/oddsium.com\/se\/wp-json\/wp\/v2\/comments?post=5284"}],"version-history":[{"count":7,"href":"https:\/\/oddsium.com\/se\/wp-json\/wp\/v2\/pages\/5284\/revisions"}],"predecessor-version":[{"id":5786,"href":"https:\/\/oddsium.com\/se\/wp-json\/wp\/v2\/pages\/5284\/revisions\/5786"}],"wp:attachment":[{"href":"https:\/\/oddsium.com\/se\/wp-json\/wp\/v2\/media?parent=5284"}],"curies":[{"name":"wp","href":"https:\/\/api.w.org\/{rel}","templated":true}]}}