{"id":5285,"date":"2026-04-13T11:55:57","date_gmt":"2026-04-13T09:55:57","guid":{"rendered":"https:\/\/oddsium.com\/se\/?page_id=5285"},"modified":"2026-04-17T13:47:57","modified_gmt":"2026-04-17T11:47:57","slug":"casino-med-swish","status":"publish","type":"page","link":"https:\/\/oddsium.com\/se\/casino-med-swish\/","title":{"rendered":"Casino med Swish 2026"},"content":{"rendered":"\n<div id=\"ez-toc-container\" class=\"ez-toc-v2_0_81 counter-hierarchy ez-toc-counter ez-toc-grey ez-toc-container-direction\">\n<div class=\"ez-toc-title-container\">\n<p class=\"ez-toc-title\" style=\"cursor:inherit\">Table of Contents<\/p>\n<span class=\"ez-toc-title-toggle\"><a href=\"#\" class=\"ez-toc-pull-right ez-toc-btn ez-toc-btn-xs ez-toc-btn-default ez-toc-toggle\" aria-label=\"Toggle Table of Content\"><span class=\"ez-toc-js-icon-con\"><span class=\"\"><span class=\"eztoc-hide\" style=\"display:none;\">Toggle<\/span><span class=\"ez-toc-icon-toggle-span\"><svg style=\"fill: #999;color:#999\" xmlns=\"http:\/\/www.w3.org\/2000\/svg\" class=\"list-377408\" width=\"20px\" height=\"20px\" viewBox=\"0 0 24 24\" fill=\"none\"><path d=\"M6 6H4v2h2V6zm14 0H8v2h12V6zM4 11h2v2H4v-2zm16 0H8v2h12v-2zM4 16h2v2H4v-2zm16 0H8v2h12v-2z\" fill=\"currentColor\"><\/path><\/svg><svg style=\"fill: #999;color:#999\" class=\"arrow-unsorted-368013\" xmlns=\"http:\/\/www.w3.org\/2000\/svg\" width=\"10px\" height=\"10px\" viewBox=\"0 0 24 24\" version=\"1.2\" baseProfile=\"tiny\"><path d=\"M18.2 9.3l-6.2-6.3-6.2 6.3c-.2.2-.3.4-.3.7s.1.5.3.7c.2.2.4.3.7.3h11c.3 0 .5-.1.7-.3.2-.2.3-.5.3-.7s-.1-.5-.3-.7zM5.8 14.7l6.2 6.3 6.2-6.3c.2-.2.3-.5.3-.7s-.1-.5-.3-.7c-.2-.2-.4-.3-.7-.3h-11c-.3 0-.5.1-.7.3-.2.2-.3.5-.3.7s.1.5.3.7z\"\/><\/svg><\/span><\/span><\/span><\/a><\/span><\/div>\n<nav><ul class='ez-toc-list ez-toc-list-level-1 ' ><li class='ez-toc-page-1 ez-toc-heading-level-2'><a class=\"ez-toc-link ez-toc-heading-1\" href=\"https:\/\/oddsium.com\/se\/casino-med-swish\/#casino-med-swish-2026\" >Casino med Swish 2026<\/a><\/li><li class='ez-toc-page-1 ez-toc-heading-level-2'><a class=\"ez-toc-link ez-toc-heading-2\" href=\"https:\/\/oddsium.com\/se\/casino-med-swish\/#hur-fungerar-swish-pa-casino\" >Hur fungerar Swish p\u00e5 casino?<\/a><\/li><li class='ez-toc-page-1 ez-toc-heading-level-2'><a class=\"ez-toc-link ez-toc-heading-3\" href=\"https:\/\/oddsium.com\/se\/casino-med-swish\/#fordelar\" >F\u00f6rdelar<\/a><\/li><\/ul><\/nav><\/div>\n<h2 class=\"wp-block-heading\"><span class=\"ez-toc-section\" id=\"casino-med-swish-2026\"><\/span>Casino med Swish 2026<span class=\"ez-toc-section-end\"><\/span><\/h2>\n\n\n\n<p>Vill du spela casino och g\u00f6ra ins\u00e4ttningar med <strong>Swish<\/strong>? Det \u00e4r det enklaste s\u00e4ttet att komma ig\u00e5ng \u2013 \u00f6ppna appen, swisha beloppet och pengarna finns p\u00e5 ditt spelkonto direkt. Vi listar de b\u00e4sta <a href=\"\/se\/casino-online\/\">online casinona<\/a> med Swish-betalning.<\/p>\n\n\n\n<h2 class=\"wp-block-heading\"><span class=\"ez-toc-section\" id=\"hur-fungerar-swish-pa-casino\"><\/span>Hur fungerar Swish p\u00e5 casino?<span class=\"ez-toc-section-end\"><\/span><\/h2>\n\n\n\n<p>Precis som p\u00e5 <a href=\"\/se\/bettingsidor-med-swish\/\">bettingsidor med Swish<\/a> \u2013 v\u00e4lj Swish som ins\u00e4ttningsmetod, ange belopp och godk\u00e4nn i appen. Pengarna \u00e4r tillg\u00e4ngliga direkt. Alltid gratis och s\u00e4krat med BankID.<\/p>\n\n\n\n<h2 class=\"wp-block-heading\"><span class=\"ez-toc-section\" id=\"fordelar\"><\/span>F\u00f6rdelar<span class=\"ez-toc-section-end\"><\/span><\/h2>\n\n\n\n<ul class=\"wp-block-list\">\n<li><strong>Omedelbar ins\u00e4ttning<\/strong> \u2013 b\u00f6rja spela direkt.<\/li>\n<li><strong>Inga avgifter<\/strong> \u2013 gratis ins\u00e4ttningar.<\/li>\n<li><strong>Trygg och bekant<\/strong> \u2013 samma Swish du anv\u00e4nder dagligen.<\/li>\n<li><strong>BankID-verifiering<\/strong> \u2013 s\u00e4ker autentisering.<\/li>\n<\/ul>\n\n","protected":false},"excerpt":{"rendered":"<p>Casino med Swish 2026 Vill du spela casino och g\u00f6ra ins\u00e4ttningar med Swish? Det \u00e4r det enklaste s\u00e4ttet att komma ig\u00e5ng \u2013 \u00f6ppna appen, swisha beloppet och pengarna finns p\u00e5 ditt spelkonto direkt. Vi listar de b\u00e4sta online casinona med Swish-betalning. Hur fungerar Swish p\u00e5 casino? Precis som p\u00e5 bettingsidor med Swish \u2013 v\u00e4lj Swish [&hellip;]<\/p>\n","protected":false},"author":12,"featured_media":0,"parent":0,"menu_order":0,"comment_status":"closed","ping_status":"closed","template":"casino.php","meta":{"_acf_changed":false,"om_disable_all_campaigns":false,"footnotes":""},"class_list":["post-5285","page","type-page","status-publish","hentry"],"acf":[],"aioseo_notices":[],"_links":{"self":[{"href":"https:\/\/oddsium.com\/se\/wp-json\/wp\/v2\/pages\/5285","targetHints":{"allow":["GET"]}}],"collection":[{"href":"https:\/\/oddsium.com\/se\/wp-json\/wp\/v2\/pages"}],"about":[{"href":"https:\/\/oddsium.com\/se\/wp-json\/wp\/v2\/types\/page"}],"author":[{"embeddable":true,"href":"https:\/\/oddsium.com\/se\/wp-json\/wp\/v2\/users\/12"}],"replies":[{"embeddable":true,"href":"https:\/\/oddsium.com\/se\/wp-json\/wp\/v2\/comments?post=5285"}],"version-history":[{"count":7,"href":"https:\/\/oddsium.com\/se\/wp-json\/wp\/v2\/pages\/5285\/revisions"}],"predecessor-version":[{"id":5785,"href":"https:\/\/oddsium.com\/se\/wp-json\/wp\/v2\/pages\/5285\/revisions\/5785"}],"wp:attachment":[{"href":"https:\/\/oddsium.com\/se\/wp-json\/wp\/v2\/media?parent=5285"}],"curies":[{"name":"wp","href":"https:\/\/api.w.org\/{rel}","templated":true}]}}