{"id":5286,"date":"2026-04-13T11:55:58","date_gmt":"2026-04-13T09:55:58","guid":{"rendered":"https:\/\/oddsium.com\/se\/?page_id=5286"},"modified":"2026-04-17T13:47:57","modified_gmt":"2026-04-17T11:47:57","slug":"allsvenskan","status":"publish","type":"page","link":"https:\/\/oddsium.com\/se\/allsvenskan\/","title":{"rendered":"Allsvenskan betting 2026"},"content":{"rendered":"\n<div id=\"ez-toc-container\" class=\"ez-toc-v2_0_81 counter-hierarchy ez-toc-counter ez-toc-grey ez-toc-container-direction\">\n<div class=\"ez-toc-title-container\">\n<p class=\"ez-toc-title\" style=\"cursor:inherit\">Table of Contents<\/p>\n<span class=\"ez-toc-title-toggle\"><a href=\"#\" class=\"ez-toc-pull-right ez-toc-btn ez-toc-btn-xs ez-toc-btn-default ez-toc-toggle\" aria-label=\"Toggle Table of Content\"><span class=\"ez-toc-js-icon-con\"><span class=\"\"><span class=\"eztoc-hide\" style=\"display:none;\">Toggle<\/span><span class=\"ez-toc-icon-toggle-span\"><svg style=\"fill: #999;color:#999\" xmlns=\"http:\/\/www.w3.org\/2000\/svg\" class=\"list-377408\" width=\"20px\" height=\"20px\" viewBox=\"0 0 24 24\" fill=\"none\"><path d=\"M6 6H4v2h2V6zm14 0H8v2h12V6zM4 11h2v2H4v-2zm16 0H8v2h12v-2zM4 16h2v2H4v-2zm16 0H8v2h12v-2z\" fill=\"currentColor\"><\/path><\/svg><svg style=\"fill: #999;color:#999\" class=\"arrow-unsorted-368013\" xmlns=\"http:\/\/www.w3.org\/2000\/svg\" width=\"10px\" height=\"10px\" viewBox=\"0 0 24 24\" version=\"1.2\" baseProfile=\"tiny\"><path d=\"M18.2 9.3l-6.2-6.3-6.2 6.3c-.2.2-.3.4-.3.7s.1.5.3.7c.2.2.4.3.7.3h11c.3 0 .5-.1.7-.3.2-.2.3-.5.3-.7s-.1-.5-.3-.7zM5.8 14.7l6.2 6.3 6.2-6.3c.2-.2.3-.5.3-.7s-.1-.5-.3-.7c-.2-.2-.4-.3-.7-.3h-11c-.3 0-.5.1-.7.3-.2.2-.3.5-.3.7s.1.5.3.7z\"\/><\/svg><\/span><\/span><\/span><\/a><\/span><\/div>\n<nav><ul class='ez-toc-list ez-toc-list-level-1 ' ><li class='ez-toc-page-1 ez-toc-heading-level-2'><a class=\"ez-toc-link ez-toc-heading-1\" href=\"https:\/\/oddsium.com\/se\/allsvenskan\/#allsvenskan-betting-2026-%e2%80%93-odds-och-tips\" >Allsvenskan betting 2026 \u2013 Odds och tips<\/a><\/li><li class='ez-toc-page-1 ez-toc-heading-level-2'><a class=\"ez-toc-link ez-toc-heading-2\" href=\"https:\/\/oddsium.com\/se\/allsvenskan\/#populara-allsvenskan-marknader\" >Popul\u00e4ra Allsvenskan-marknader<\/a><\/li><li class='ez-toc-page-1 ez-toc-heading-level-2'><a class=\"ez-toc-link ez-toc-heading-3\" href=\"https:\/\/oddsium.com\/se\/allsvenskan\/#tips-for-allsvenskan-betting\" >Tips f\u00f6r Allsvenskan-betting<\/a><\/li><\/ul><\/nav><\/div>\n<h2 class=\"wp-block-heading\"><span class=\"ez-toc-section\" id=\"allsvenskan-betting-2026-%e2%80%93-odds-och-tips\"><\/span>Allsvenskan betting 2026 \u2013 Odds och tips<span class=\"ez-toc-section-end\"><\/span><\/h2>\n\n\n\n<p><strong>Allsvenskan<\/strong> \u00e4r hj\u00e4rtat i svensk fotboll och en av de mest popul\u00e4ra bettingligorna i Sverige. Oavsett om du vill satsa p\u00e5 seriem\u00e4staren, toppskytteligan eller enskilda matcher \u2013 h\u00e4r hittar du allt du beh\u00f6ver f\u00f6r att betta p\u00e5 Allsvenskan. J\u00e4mf\u00f6r odds hos de b\u00e4sta <a href=\"\/se\/bettingsidor\/\">bettingsidorna<\/a> med v\u00e5r <a href=\"\/se\/oddsjamforelse\/\">oddsj\u00e4mf\u00f6relse<\/a>.<\/p>\n\n\n\n<h2 class=\"wp-block-heading\"><span class=\"ez-toc-section\" id=\"populara-allsvenskan-marknader\"><\/span>Popul\u00e4ra Allsvenskan-marknader<span class=\"ez-toc-section-end\"><\/span><\/h2>\n\n\n\n<ul class=\"wp-block-list\">\n<li><strong>Matchvinnare (1X2)<\/strong> \u2013 det klassiska spelet p\u00e5 hemmavinst, oavgjort eller bortavinst.<\/li>\n<li><strong>\u00d6ver\/under m\u00e5l<\/strong> \u2013 satsa p\u00e5 antal m\u00e5l i matchen.<\/li>\n<li><strong>Dubbelchans<\/strong> \u2013 t\u00e4ck tv\u00e5 av tre utfall f\u00f6r l\u00e4gre risk.<\/li>\n<li><strong>Serievinnare<\/strong> \u2013 l\u00e5ngtidsspel p\u00e5 vem som tar guldet.<\/li>\n<li><strong>Toppskytteligan<\/strong> \u2013 vem g\u00f6r flest m\u00e5l under s\u00e4songen?<\/li>\n<li><strong>Live betting<\/strong> \u2013 <a href=\"\/se\/live-betting\/\">satsa under matchens g\u00e5ng<\/a> med uppdaterade odds.<\/li>\n<\/ul>\n\n\n\n<h2 class=\"wp-block-heading\"><span class=\"ez-toc-section\" id=\"tips-for-allsvenskan-betting\"><\/span>Tips f\u00f6r Allsvenskan-betting<span class=\"ez-toc-section-end\"><\/span><\/h2>\n\n\n\n<p>Allsvenskan erbjuder ofta bra value-m\u00f6jligheter j\u00e4mf\u00f6rt med de stora europeiska ligorna. Spelbolagen l\u00e4gger mest resurser p\u00e5 <a href=\"\/se\/premier-league\/\">Premier League<\/a> och <a href=\"\/se\/champions-league\/\">Champions League<\/a>, vilket inneb\u00e4r att Allsvenskan-oddsen ibland inte \u00e4r lika skarpa. Har du bra koll p\u00e5 svenska lag kan du hitta riktigt bra spel. F\u00f6lj v\u00e5ra <a href=\"\/se\/speltips\/\">speltips<\/a> f\u00f6r analyser och rekommendationer.<\/p>\n\n","protected":false},"excerpt":{"rendered":"<p>Allsvenskan betting 2026 \u2013 Odds och tips Allsvenskan \u00e4r hj\u00e4rtat i svensk fotboll och en av de mest popul\u00e4ra bettingligorna i Sverige. Oavsett om du vill satsa p\u00e5 seriem\u00e4staren, toppskytteligan eller enskilda matcher \u2013 h\u00e4r hittar du allt du beh\u00f6ver f\u00f6r att betta p\u00e5 Allsvenskan. J\u00e4mf\u00f6r odds hos de b\u00e4sta bettingsidorna med v\u00e5r oddsj\u00e4mf\u00f6relse. Popul\u00e4ra [&hellip;]<\/p>\n","protected":false},"author":12,"featured_media":0,"parent":0,"menu_order":0,"comment_status":"closed","ping_status":"closed","template":"sports.php","meta":{"_acf_changed":false,"om_disable_all_campaigns":false,"footnotes":""},"class_list":["post-5286","page","type-page","status-publish","hentry"],"acf":[],"aioseo_notices":[],"_links":{"self":[{"href":"https:\/\/oddsium.com\/se\/wp-json\/wp\/v2\/pages\/5286","targetHints":{"allow":["GET"]}}],"collection":[{"href":"https:\/\/oddsium.com\/se\/wp-json\/wp\/v2\/pages"}],"about":[{"href":"https:\/\/oddsium.com\/se\/wp-json\/wp\/v2\/types\/page"}],"author":[{"embeddable":true,"href":"https:\/\/oddsium.com\/se\/wp-json\/wp\/v2\/users\/12"}],"replies":[{"embeddable":true,"href":"https:\/\/oddsium.com\/se\/wp-json\/wp\/v2\/comments?post=5286"}],"version-history":[{"count":7,"href":"https:\/\/oddsium.com\/se\/wp-json\/wp\/v2\/pages\/5286\/revisions"}],"predecessor-version":[{"id":5784,"href":"https:\/\/oddsium.com\/se\/wp-json\/wp\/v2\/pages\/5286\/revisions\/5784"}],"wp:attachment":[{"href":"https:\/\/oddsium.com\/se\/wp-json\/wp\/v2\/media?parent=5286"}],"curies":[{"name":"wp","href":"https:\/\/api.w.org\/{rel}","templated":true}]}}