{"id":5287,"date":"2026-04-13T11:55:58","date_gmt":"2026-04-13T09:55:58","guid":{"rendered":"https:\/\/oddsium.com\/se\/?page_id=5287"},"modified":"2026-04-17T13:47:56","modified_gmt":"2026-04-17T11:47:56","slug":"shl","status":"publish","type":"page","link":"https:\/\/oddsium.com\/se\/shl\/","title":{"rendered":"SHL betting 2026"},"content":{"rendered":"\n<div id=\"ez-toc-container\" class=\"ez-toc-v2_0_81 counter-hierarchy ez-toc-counter ez-toc-grey ez-toc-container-direction\">\n<div class=\"ez-toc-title-container\">\n<p class=\"ez-toc-title\" style=\"cursor:inherit\">Table of Contents<\/p>\n<span class=\"ez-toc-title-toggle\"><a href=\"#\" class=\"ez-toc-pull-right ez-toc-btn ez-toc-btn-xs ez-toc-btn-default ez-toc-toggle\" aria-label=\"Toggle Table of Content\"><span class=\"ez-toc-js-icon-con\"><span class=\"\"><span class=\"eztoc-hide\" style=\"display:none;\">Toggle<\/span><span class=\"ez-toc-icon-toggle-span\"><svg style=\"fill: #999;color:#999\" xmlns=\"http:\/\/www.w3.org\/2000\/svg\" class=\"list-377408\" width=\"20px\" height=\"20px\" viewBox=\"0 0 24 24\" fill=\"none\"><path d=\"M6 6H4v2h2V6zm14 0H8v2h12V6zM4 11h2v2H4v-2zm16 0H8v2h12v-2zM4 16h2v2H4v-2zm16 0H8v2h12v-2z\" fill=\"currentColor\"><\/path><\/svg><svg style=\"fill: #999;color:#999\" class=\"arrow-unsorted-368013\" xmlns=\"http:\/\/www.w3.org\/2000\/svg\" width=\"10px\" height=\"10px\" viewBox=\"0 0 24 24\" version=\"1.2\" baseProfile=\"tiny\"><path d=\"M18.2 9.3l-6.2-6.3-6.2 6.3c-.2.2-.3.4-.3.7s.1.5.3.7c.2.2.4.3.7.3h11c.3 0 .5-.1.7-.3.2-.2.3-.5.3-.7s-.1-.5-.3-.7zM5.8 14.7l6.2 6.3 6.2-6.3c.2-.2.3-.5.3-.7s-.1-.5-.3-.7c-.2-.2-.4-.3-.7-.3h-11c-.3 0-.5.1-.7.3-.2.2-.3.5-.3.7s.1.5.3.7z\"\/><\/svg><\/span><\/span><\/span><\/a><\/span><\/div>\n<nav><ul class='ez-toc-list ez-toc-list-level-1 ' ><li class='ez-toc-page-1 ez-toc-heading-level-2'><a class=\"ez-toc-link ez-toc-heading-1\" href=\"https:\/\/oddsium.com\/se\/shl\/#shl-betting-2026-%e2%80%93-odds-pa-svensk-hockey\" >SHL betting 2026 \u2013 Odds p\u00e5 svensk hockey<\/a><\/li><li class='ez-toc-page-1 ez-toc-heading-level-2'><a class=\"ez-toc-link ez-toc-heading-2\" href=\"https:\/\/oddsium.com\/se\/shl\/#populara-shl-marknader\" >Popul\u00e4ra SHL-marknader<\/a><\/li><li class='ez-toc-page-1 ez-toc-heading-level-2'><a class=\"ez-toc-link ez-toc-heading-3\" href=\"https:\/\/oddsium.com\/se\/shl\/#shl-betting-tips\" >SHL-betting tips<\/a><\/li><\/ul><\/nav><\/div>\n<h2 class=\"wp-block-heading\"><span class=\"ez-toc-section\" id=\"shl-betting-2026-%e2%80%93-odds-pa-svensk-hockey\"><\/span>SHL betting 2026 \u2013 Odds p\u00e5 svensk hockey<span class=\"ez-toc-section-end\"><\/span><\/h2>\n\n\n\n<p><strong>SHL<\/strong> (Svenska Hockeyligan) \u00e4r en av Sveriges mest sp\u00e4nnande ligor att betta p\u00e5. Intensiva matcher, h\u00f6gt tempo och ovissa utg\u00e5ngar g\u00f6r ishockey till en favorit bland svenska bettare. J\u00e4mf\u00f6r SHL-odds hos de b\u00e4sta <a href=\"\/se\/bettingsidor\/\">bettingsidorna<\/a>.<\/p>\n\n\n\n<h2 class=\"wp-block-heading\"><span class=\"ez-toc-section\" id=\"populara-shl-marknader\"><\/span>Popul\u00e4ra SHL-marknader<span class=\"ez-toc-section-end\"><\/span><\/h2>\n\n\n\n<ul class=\"wp-block-list\">\n<li><strong>Matchvinnare<\/strong> \u2013 vem vinner matchen (ordinarie tid eller inkl. \u00f6vertid\/straffar)?<\/li>\n<li><strong>Puckhandicap<\/strong> \u2013 handikapp-spel f\u00f6r j\u00e4mnare odds.<\/li>\n<li><strong>Totalt antal m\u00e5l<\/strong> \u2013 \u00f6ver\/under 5.5 m\u00e5l \u00e4r en klassiker.<\/li>\n<li><strong>Period-betting<\/strong> \u2013 satsa p\u00e5 utfallet i enskilda perioder.<\/li>\n<li><strong>Slutspelsvinnare<\/strong> \u2013 l\u00e5ngtidsspel p\u00e5 Le Mat-pokalen.<\/li>\n<\/ul>\n\n\n\n<h2 class=\"wp-block-heading\"><span class=\"ez-toc-section\" id=\"shl-betting-tips\"><\/span>SHL-betting tips<span class=\"ez-toc-section-end\"><\/span><\/h2>\n\n\n\n<p>Ishockey \u00e4r en sport med h\u00f6g varians \u2013 upsets h\u00e4nder ofta, vilket skapar bra value-m\u00f6jligheter. Titta p\u00e5 formkurvor, skadel\u00e4ge och head-to-head-statistik. Under slutspelet blir matcherna \u00e4nnu mer of\u00f6ruts\u00e4gbara. Kombinera din kunskap med v\u00e5r <a href=\"\/se\/oddsjamforelse\/\">oddsj\u00e4mf\u00f6relse<\/a> och <a href=\"\/se\/speltips\/\">speltips<\/a>.<\/p>\n\n","protected":false},"excerpt":{"rendered":"<p>SHL betting 2026 \u2013 Odds p\u00e5 svensk hockey SHL (Svenska Hockeyligan) \u00e4r en av Sveriges mest sp\u00e4nnande ligor att betta p\u00e5. Intensiva matcher, h\u00f6gt tempo och ovissa utg\u00e5ngar g\u00f6r ishockey till en favorit bland svenska bettare. J\u00e4mf\u00f6r SHL-odds hos de b\u00e4sta bettingsidorna. Popul\u00e4ra SHL-marknader Matchvinnare \u2013 vem vinner matchen (ordinarie tid eller inkl. \u00f6vertid\/straffar)? Puckhandicap [&hellip;]<\/p>\n","protected":false},"author":12,"featured_media":0,"parent":0,"menu_order":0,"comment_status":"closed","ping_status":"closed","template":"sports.php","meta":{"_acf_changed":false,"om_disable_all_campaigns":false,"footnotes":""},"class_list":["post-5287","page","type-page","status-publish","hentry"],"acf":[],"aioseo_notices":[],"_links":{"self":[{"href":"https:\/\/oddsium.com\/se\/wp-json\/wp\/v2\/pages\/5287","targetHints":{"allow":["GET"]}}],"collection":[{"href":"https:\/\/oddsium.com\/se\/wp-json\/wp\/v2\/pages"}],"about":[{"href":"https:\/\/oddsium.com\/se\/wp-json\/wp\/v2\/types\/page"}],"author":[{"embeddable":true,"href":"https:\/\/oddsium.com\/se\/wp-json\/wp\/v2\/users\/12"}],"replies":[{"embeddable":true,"href":"https:\/\/oddsium.com\/se\/wp-json\/wp\/v2\/comments?post=5287"}],"version-history":[{"count":7,"href":"https:\/\/oddsium.com\/se\/wp-json\/wp\/v2\/pages\/5287\/revisions"}],"predecessor-version":[{"id":5783,"href":"https:\/\/oddsium.com\/se\/wp-json\/wp\/v2\/pages\/5287\/revisions\/5783"}],"wp:attachment":[{"href":"https:\/\/oddsium.com\/se\/wp-json\/wp\/v2\/media?parent=5287"}],"curies":[{"name":"wp","href":"https:\/\/api.w.org\/{rel}","templated":true}]}}