{"id":5288,"date":"2026-04-13T11:55:58","date_gmt":"2026-04-13T09:55:58","guid":{"rendered":"https:\/\/oddsium.com\/se\/?page_id=5288"},"modified":"2026-04-17T13:47:56","modified_gmt":"2026-04-17T11:47:56","slug":"premier-league","status":"publish","type":"page","link":"https:\/\/oddsium.com\/se\/premier-league\/","title":{"rendered":"Premier League betting 2026"},"content":{"rendered":"\n<div id=\"ez-toc-container\" class=\"ez-toc-v2_0_81 counter-hierarchy ez-toc-counter ez-toc-grey ez-toc-container-direction\">\n<div class=\"ez-toc-title-container\">\n<p class=\"ez-toc-title\" style=\"cursor:inherit\">Table of Contents<\/p>\n<span class=\"ez-toc-title-toggle\"><a href=\"#\" class=\"ez-toc-pull-right ez-toc-btn ez-toc-btn-xs ez-toc-btn-default ez-toc-toggle\" aria-label=\"Toggle Table of Content\"><span class=\"ez-toc-js-icon-con\"><span class=\"\"><span class=\"eztoc-hide\" style=\"display:none;\">Toggle<\/span><span class=\"ez-toc-icon-toggle-span\"><svg style=\"fill: #999;color:#999\" xmlns=\"http:\/\/www.w3.org\/2000\/svg\" class=\"list-377408\" width=\"20px\" height=\"20px\" viewBox=\"0 0 24 24\" fill=\"none\"><path d=\"M6 6H4v2h2V6zm14 0H8v2h12V6zM4 11h2v2H4v-2zm16 0H8v2h12v-2zM4 16h2v2H4v-2zm16 0H8v2h12v-2z\" fill=\"currentColor\"><\/path><\/svg><svg style=\"fill: #999;color:#999\" class=\"arrow-unsorted-368013\" xmlns=\"http:\/\/www.w3.org\/2000\/svg\" width=\"10px\" height=\"10px\" viewBox=\"0 0 24 24\" version=\"1.2\" baseProfile=\"tiny\"><path d=\"M18.2 9.3l-6.2-6.3-6.2 6.3c-.2.2-.3.4-.3.7s.1.5.3.7c.2.2.4.3.7.3h11c.3 0 .5-.1.7-.3.2-.2.3-.5.3-.7s-.1-.5-.3-.7zM5.8 14.7l6.2 6.3 6.2-6.3c.2-.2.3-.5.3-.7s-.1-.5-.3-.7c-.2-.2-.4-.3-.7-.3h-11c-.3 0-.5.1-.7.3-.2.2-.3.5-.3.7s.1.5.3.7z\"\/><\/svg><\/span><\/span><\/span><\/a><\/span><\/div>\n<nav><ul class='ez-toc-list ez-toc-list-level-1 ' ><li class='ez-toc-page-1 ez-toc-heading-level-2'><a class=\"ez-toc-link ez-toc-heading-1\" href=\"https:\/\/oddsium.com\/se\/premier-league\/#premier-league-betting-2026-%e2%80%93-odds-och-tips\" >Premier League betting 2026 \u2013 Odds och tips<\/a><\/li><li class='ez-toc-page-1 ez-toc-heading-level-2'><a class=\"ez-toc-link ez-toc-heading-2\" href=\"https:\/\/oddsium.com\/se\/premier-league\/#populara-pl-marknader\" >Popul\u00e4ra PL-marknader<\/a><\/li><li class='ez-toc-page-1 ez-toc-heading-level-2'><a class=\"ez-toc-link ez-toc-heading-3\" href=\"https:\/\/oddsium.com\/se\/premier-league\/#tips-for-premier-league-betting\" >Tips f\u00f6r Premier League-betting<\/a><\/li><\/ul><\/nav><\/div>\n<h2 class=\"wp-block-heading\"><span class=\"ez-toc-section\" id=\"premier-league-betting-2026-%e2%80%93-odds-och-tips\"><\/span>Premier League betting 2026 \u2013 Odds och tips<span class=\"ez-toc-section-end\"><\/span><\/h2>\n\n\n\n<p><strong>Premier League<\/strong> \u00e4r v\u00e4rldens mest popul\u00e4ra fotbollsliga och den i s\u00e4rklass mest spelade ligan bland svenska bettare. Med lag som Arsenal, Manchester City, Liverpool och Chelsea erbjuds hundratals bettingmarknader varje vecka. J\u00e4mf\u00f6r Premier League-odds med <a href=\"\/se\/oddsjamforelse\/\">Oddsiums oddsj\u00e4mf\u00f6relse<\/a>.<\/p>\n\n\n\n<h2 class=\"wp-block-heading\"><span class=\"ez-toc-section\" id=\"populara-pl-marknader\"><\/span>Popul\u00e4ra PL-marknader<span class=\"ez-toc-section-end\"><\/span><\/h2>\n\n\n\n<ul class=\"wp-block-list\">\n<li><strong>Matchvinnare (1X2)<\/strong> \u2013 den vanligaste marknaden.<\/li>\n<li><strong>Asiatiskt handikapp<\/strong> \u2013 popul\u00e4rt f\u00f6r att neutralisera favoriten.<\/li>\n<li><strong>Antal m\u00e5l<\/strong> \u2013 \u00f6ver\/under 2.5 \u00e4r standardmarknaden.<\/li>\n<li><strong>B\u00e5da lagen g\u00f6r m\u00e5l (BTTS)<\/strong> \u2013 en favorit med bra odds.<\/li>\n<li><strong>M\u00e5lskytt<\/strong> \u2013 vem g\u00f6r matchens f\u00f6rsta eller sista m\u00e5l?<\/li>\n<li><strong>Ligavinnare<\/strong> \u2013 s\u00e4songsl\u00e5ngt spel.<\/li>\n<\/ul>\n\n\n\n<h2 class=\"wp-block-heading\"><span class=\"ez-toc-section\" id=\"tips-for-premier-league-betting\"><\/span>Tips f\u00f6r Premier League-betting<span class=\"ez-toc-section-end\"><\/span><\/h2>\n\n\n\n<p>Premier League har de skarpaste oddsen p\u00e5 marknaden, s\u00e5 det \u00e4r sv\u00e5rare att hitta value. Fokusera p\u00e5 nischer \u2013 tidiga matchm\u00e5l, h\u00f6rnsparkar och spelarbetingmarknader har ofta svagare odds. <a href=\"\/se\/live-betting\/\">Live betting<\/a> under PL-matcher erbjuder ocks\u00e5 bra m\u00f6jligheter. F\u00f6lj v\u00e5ra <a href=\"\/se\/speltips\/\">speltips<\/a> inf\u00f6r varje omg\u00e5ng.<\/p>\n\n","protected":false},"excerpt":{"rendered":"<p>Premier League betting 2026 \u2013 Odds och tips Premier League \u00e4r v\u00e4rldens mest popul\u00e4ra fotbollsliga och den i s\u00e4rklass mest spelade ligan bland svenska bettare. Med lag som Arsenal, Manchester City, Liverpool och Chelsea erbjuds hundratals bettingmarknader varje vecka. J\u00e4mf\u00f6r Premier League-odds med Oddsiums oddsj\u00e4mf\u00f6relse. Popul\u00e4ra PL-marknader Matchvinnare (1X2) \u2013 den vanligaste marknaden. Asiatiskt handikapp [&hellip;]<\/p>\n","protected":false},"author":12,"featured_media":0,"parent":0,"menu_order":0,"comment_status":"closed","ping_status":"closed","template":"sports.php","meta":{"_acf_changed":false,"om_disable_all_campaigns":false,"footnotes":""},"class_list":["post-5288","page","type-page","status-publish","hentry"],"acf":[],"aioseo_notices":[],"_links":{"self":[{"href":"https:\/\/oddsium.com\/se\/wp-json\/wp\/v2\/pages\/5288","targetHints":{"allow":["GET"]}}],"collection":[{"href":"https:\/\/oddsium.com\/se\/wp-json\/wp\/v2\/pages"}],"about":[{"href":"https:\/\/oddsium.com\/se\/wp-json\/wp\/v2\/types\/page"}],"author":[{"embeddable":true,"href":"https:\/\/oddsium.com\/se\/wp-json\/wp\/v2\/users\/12"}],"replies":[{"embeddable":true,"href":"https:\/\/oddsium.com\/se\/wp-json\/wp\/v2\/comments?post=5288"}],"version-history":[{"count":7,"href":"https:\/\/oddsium.com\/se\/wp-json\/wp\/v2\/pages\/5288\/revisions"}],"predecessor-version":[{"id":5782,"href":"https:\/\/oddsium.com\/se\/wp-json\/wp\/v2\/pages\/5288\/revisions\/5782"}],"wp:attachment":[{"href":"https:\/\/oddsium.com\/se\/wp-json\/wp\/v2\/media?parent=5288"}],"curies":[{"name":"wp","href":"https:\/\/api.w.org\/{rel}","templated":true}]}}