{"id":5289,"date":"2026-04-13T11:55:59","date_gmt":"2026-04-13T09:55:59","guid":{"rendered":"https:\/\/oddsium.com\/se\/?page_id=5289"},"modified":"2026-04-17T13:47:56","modified_gmt":"2026-04-17T11:47:56","slug":"champions-league","status":"publish","type":"page","link":"https:\/\/oddsium.com\/se\/champions-league\/","title":{"rendered":"Champions League betting 2026"},"content":{"rendered":"\n<div id=\"ez-toc-container\" class=\"ez-toc-v2_0_81 counter-hierarchy ez-toc-counter ez-toc-grey ez-toc-container-direction\">\n<div class=\"ez-toc-title-container\">\n<p class=\"ez-toc-title\" style=\"cursor:inherit\">Table of Contents<\/p>\n<span class=\"ez-toc-title-toggle\"><a href=\"#\" class=\"ez-toc-pull-right ez-toc-btn ez-toc-btn-xs ez-toc-btn-default ez-toc-toggle\" aria-label=\"Toggle Table of Content\"><span class=\"ez-toc-js-icon-con\"><span class=\"\"><span class=\"eztoc-hide\" style=\"display:none;\">Toggle<\/span><span class=\"ez-toc-icon-toggle-span\"><svg style=\"fill: #999;color:#999\" xmlns=\"http:\/\/www.w3.org\/2000\/svg\" class=\"list-377408\" width=\"20px\" height=\"20px\" viewBox=\"0 0 24 24\" fill=\"none\"><path d=\"M6 6H4v2h2V6zm14 0H8v2h12V6zM4 11h2v2H4v-2zm16 0H8v2h12v-2zM4 16h2v2H4v-2zm16 0H8v2h12v-2z\" fill=\"currentColor\"><\/path><\/svg><svg style=\"fill: #999;color:#999\" class=\"arrow-unsorted-368013\" xmlns=\"http:\/\/www.w3.org\/2000\/svg\" width=\"10px\" height=\"10px\" viewBox=\"0 0 24 24\" version=\"1.2\" baseProfile=\"tiny\"><path d=\"M18.2 9.3l-6.2-6.3-6.2 6.3c-.2.2-.3.4-.3.7s.1.5.3.7c.2.2.4.3.7.3h11c.3 0 .5-.1.7-.3.2-.2.3-.5.3-.7s-.1-.5-.3-.7zM5.8 14.7l6.2 6.3 6.2-6.3c.2-.2.3-.5.3-.7s-.1-.5-.3-.7c-.2-.2-.4-.3-.7-.3h-11c-.3 0-.5.1-.7.3-.2.2-.3.5-.3.7s.1.5.3.7z\"\/><\/svg><\/span><\/span><\/span><\/a><\/span><\/div>\n<nav><ul class='ez-toc-list ez-toc-list-level-1 ' ><li class='ez-toc-page-1 ez-toc-heading-level-2'><a class=\"ez-toc-link ez-toc-heading-1\" href=\"https:\/\/oddsium.com\/se\/champions-league\/#champions-league-betting-2026-%e2%80%93-odds-och-marknader\" >Champions League betting 2026 \u2013 Odds och marknader<\/a><\/li><li class='ez-toc-page-1 ez-toc-heading-level-2'><a class=\"ez-toc-link ez-toc-heading-2\" href=\"https:\/\/oddsium.com\/se\/champions-league\/#populara-cl-marknader\" >Popul\u00e4ra CL-marknader<\/a><\/li><li class='ez-toc-page-1 ez-toc-heading-level-2'><a class=\"ez-toc-link ez-toc-heading-3\" href=\"https:\/\/oddsium.com\/se\/champions-league\/#cl-betting-tips\" >CL-betting tips<\/a><\/li><\/ul><\/nav><\/div>\n<h2 class=\"wp-block-heading\"><span class=\"ez-toc-section\" id=\"champions-league-betting-2026-%e2%80%93-odds-och-marknader\"><\/span>Champions League betting 2026 \u2013 Odds och marknader<span class=\"ez-toc-section-end\"><\/span><\/h2>\n\n\n\n<p><strong>Champions League<\/strong> \u00e4r Europas finaste klubbturnering och en h\u00f6jdpunkt f\u00f6r bettare varje s\u00e4song. Fr\u00e5n gruppspelet till finalen \u2013 oddsen \u00e4r fyllda med m\u00f6jligheter. J\u00e4mf\u00f6r CL-odds hos de b\u00e4sta <a href=\"\/se\/bettingsidor\/\">bettingsidorna<\/a> med v\u00e5r <a href=\"\/se\/oddsjamforelse\/\">oddsj\u00e4mf\u00f6relse<\/a>.<\/p>\n\n\n\n<h2 class=\"wp-block-heading\"><span class=\"ez-toc-section\" id=\"populara-cl-marknader\"><\/span>Popul\u00e4ra CL-marknader<span class=\"ez-toc-section-end\"><\/span><\/h2>\n\n\n\n<ul class=\"wp-block-list\">\n<li><strong>Turneringsvinnare<\/strong> \u2013 l\u00e5ngtidsspel med bra odds tidigt i turneringen.<\/li>\n<li><strong>Matchvinnare<\/strong> \u2013 spel p\u00e5 enskilda matcher.<\/li>\n<li><strong>Gruppvinnare<\/strong> \u2013 vilka lag g\u00e5r vidare?<\/li>\n<li><strong>Antal m\u00e5l<\/strong> \u2013 CL-matcher tenderar att vara m\u00e5lrika.<\/li>\n<li><strong>Live betting<\/strong> \u2013 <a href=\"\/se\/live-betting\/\">satsa under matchens g\u00e5ng<\/a>.<\/li>\n<\/ul>\n\n\n\n<h2 class=\"wp-block-heading\"><span class=\"ez-toc-section\" id=\"cl-betting-tips\"><\/span>CL-betting tips<span class=\"ez-toc-section-end\"><\/span><\/h2>\n\n\n\n<p>Champions League erbjuder ofta value i tidiga turneringsodds innan favoriterna cementeras. Gruppspelet kan ge \u00f6verraskningar som skapar bra value-m\u00f6jligheter i slutspelet. Kombinera med <a href=\"\/se\/premier-league\/\">Premier League<\/a>-kunskap och f\u00f6lj v\u00e5ra <a href=\"\/se\/speltips\/\">speltips<\/a>.<\/p>\n\n","protected":false},"excerpt":{"rendered":"<p>Champions League betting 2026 \u2013 Odds och marknader Champions League \u00e4r Europas finaste klubbturnering och en h\u00f6jdpunkt f\u00f6r bettare varje s\u00e4song. Fr\u00e5n gruppspelet till finalen \u2013 oddsen \u00e4r fyllda med m\u00f6jligheter. J\u00e4mf\u00f6r CL-odds hos de b\u00e4sta bettingsidorna med v\u00e5r oddsj\u00e4mf\u00f6relse. Popul\u00e4ra CL-marknader Turneringsvinnare \u2013 l\u00e5ngtidsspel med bra odds tidigt i turneringen. Matchvinnare \u2013 spel p\u00e5 [&hellip;]<\/p>\n","protected":false},"author":12,"featured_media":0,"parent":0,"menu_order":0,"comment_status":"closed","ping_status":"closed","template":"sports.php","meta":{"_acf_changed":false,"om_disable_all_campaigns":false,"footnotes":""},"class_list":["post-5289","page","type-page","status-publish","hentry"],"acf":[],"aioseo_notices":[],"_links":{"self":[{"href":"https:\/\/oddsium.com\/se\/wp-json\/wp\/v2\/pages\/5289","targetHints":{"allow":["GET"]}}],"collection":[{"href":"https:\/\/oddsium.com\/se\/wp-json\/wp\/v2\/pages"}],"about":[{"href":"https:\/\/oddsium.com\/se\/wp-json\/wp\/v2\/types\/page"}],"author":[{"embeddable":true,"href":"https:\/\/oddsium.com\/se\/wp-json\/wp\/v2\/users\/12"}],"replies":[{"embeddable":true,"href":"https:\/\/oddsium.com\/se\/wp-json\/wp\/v2\/comments?post=5289"}],"version-history":[{"count":7,"href":"https:\/\/oddsium.com\/se\/wp-json\/wp\/v2\/pages\/5289\/revisions"}],"predecessor-version":[{"id":5781,"href":"https:\/\/oddsium.com\/se\/wp-json\/wp\/v2\/pages\/5289\/revisions\/5781"}],"wp:attachment":[{"href":"https:\/\/oddsium.com\/se\/wp-json\/wp\/v2\/media?parent=5289"}],"curies":[{"name":"wp","href":"https:\/\/api.w.org\/{rel}","templated":true}]}}