{"id":7,"date":"2025-04-01T12:53:56","date_gmt":"2025-04-01T12:53:56","guid":{"rendered":"https:\/\/oddsium.wpenginepowered.com\/pe\/?page_id=7"},"modified":"2026-04-17T16:00:48","modified_gmt":"2026-04-17T14:00:48","slug":"start","status":"publish","type":"page","link":"https:\/\/oddsium.com\/se\/","title":{"rendered":"Oddsium j\u00e4mf\u00f6r bettingsidor online i Sverige"},"content":{"rendered":"\n<p>P\u00e5 Oddsium \u00e4r v\u00e5rt m\u00e5l att g\u00f6ra betting online enkelt och transparent f\u00f6r alla i Sverige.<\/p>\n\n\n\n<p>Vi analyserar och j\u00e4mf\u00f6r <a href=\"\/se\/bettingsidor\/\">bettingsidor<\/a> som har <strong>svensk spellicens<\/strong> fr\u00e5n <a href=\"https:\/\/www.spelinspektionen.se\/\" target=\"_blank\" rel=\"noopener\">Spelinspektionen<\/a>. Vi granskar odds, <a href=\"\/se\/bonusar\/\">bonusar<\/a>, betalningsmetoder och helhetsupplevelsen \u2013 allt f\u00f6r att du ska kunna v\u00e4lja den plattform som passar dig b\u00e4st.<\/p>\n\n\n\n<p>Vi listar inte bara alternativ, utan arbetar med precis information:<br>\u2714\ufe0f Vilken bettingsida erbjuder <a href=\"\/se\/oddsjamforelse\/\">b\u00e4st odds<\/a>?<br>\u2714\ufe0f Var hittar du de mest gener\u00f6sa <a href=\"\/se\/bonusar\/\">bonusarna<\/a>?<br>\u2714\ufe0f Vilka spelbolag erbjuder <a href=\"\/se\/bettingsidor-med-swish\/\">Swish<\/a> och <a href=\"\/se\/betting-med-snabba-uttag\/\">snabba uttag<\/a>?<br>\u2714\ufe0f Var kan du spela <a href=\"\/se\/betting-utan-konto\/\">utan konto med BankID<\/a>?<\/p>\n\n\n\n<p>Med tydliga guider, uppdaterade j\u00e4mf\u00f6relser och ett fokus p\u00e5 ansvarfullt spelande hj\u00e4lper vi dig navigera den svenska bettingmarknaden. Oavsett om du letar efter <a href=\"\/se\/bettingsidor\/\">b\u00e4sta bettingsidorna<\/a>, <a href=\"\/se\/casino-online\/\">online casino<\/a> eller <a href=\"\/se\/speltips\/\">speltips<\/a> \u2013 Oddsium har dig t\u00e4ckt.<\/p>\n","protected":false},"excerpt":{"rendered":"<p>P\u00e5 Oddsium \u00e4r v\u00e5rt m\u00e5l att g\u00f6ra betting online enkelt och transparent f\u00f6r alla i Sverige. Vi analyserar och j\u00e4mf\u00f6r bettingsidor som har svensk spellicens fr\u00e5n Spelinspektionen. Vi granskar odds, bonusar, betalningsmetoder och helhetsupplevelsen \u2013 allt f\u00f6r att du ska kunna v\u00e4lja den plattform som passar dig b\u00e4st. Vi listar inte bara alternativ, utan arbetar [&hellip;]<\/p>\n","protected":false},"author":12,"featured_media":5821,"parent":0,"menu_order":0,"comment_status":"closed","ping_status":"closed","template":"","meta":{"_acf_changed":false,"om_disable_all_campaigns":false,"footnotes":""},"class_list":["post-7","page","type-page","status-publish","has-post-thumbnail","hentry"],"acf":[],"aioseo_notices":[],"_links":{"self":[{"href":"https:\/\/oddsium.com\/se\/wp-json\/wp\/v2\/pages\/7","targetHints":{"allow":["GET"]}}],"collection":[{"href":"https:\/\/oddsium.com\/se\/wp-json\/wp\/v2\/pages"}],"about":[{"href":"https:\/\/oddsium.com\/se\/wp-json\/wp\/v2\/types\/page"}],"author":[{"embeddable":true,"href":"https:\/\/oddsium.com\/se\/wp-json\/wp\/v2\/users\/12"}],"replies":[{"embeddable":true,"href":"https:\/\/oddsium.com\/se\/wp-json\/wp\/v2\/comments?post=7"}],"version-history":[{"count":3,"href":"https:\/\/oddsium.com\/se\/wp-json\/wp\/v2\/pages\/7\/revisions"}],"predecessor-version":[{"id":5422,"href":"https:\/\/oddsium.com\/se\/wp-json\/wp\/v2\/pages\/7\/revisions\/5422"}],"wp:featuredmedia":[{"embeddable":true,"href":"https:\/\/oddsium.com\/se\/wp-json\/wp\/v2\/media\/5821"}],"wp:attachment":[{"href":"https:\/\/oddsium.com\/se\/wp-json\/wp\/v2\/media?parent=7"}],"curies":[{"name":"wp","href":"https:\/\/api.w.org\/{rel}","templated":true}]}}